{"id":655,"date":"2025-07-05T08:40:30","date_gmt":"2025-07-05T08:40:30","guid":{"rendered":"https:\/\/jiesonglin.com\/?page_id=655"},"modified":"2025-07-17T02:56:31","modified_gmt":"2025-07-17T02:56:31","slug":"noticias","status":"publish","type":"page","link":"https:\/\/jiesonglin.com\/es\/news\/","title":{"rendered":"Noticias"},"content":{"rendered":"<div data-elementor-type=\"wp-page\" data-elementor-id=\"655\" class=\"elementor elementor-655\" data-elementor-post-type=\"page\">\n\t\t\t\t<div class=\"elementor-element elementor-element-975508e e-flex e-con-boxed wpr-particle-no wpr-jarallax-no wpr-parallax-no wpr-sticky-section-no e-con e-parent\" data-id=\"975508e\" data-element_type=\"container\" data-settings=\"{&quot;background_background&quot;:&quot;classic&quot;}\">\n\t\t\t\t\t<div class=\"e-con-inner\">\n\t\t<div class=\"elementor-element elementor-element-cd30599 e-con-full e-flex wpr-particle-no wpr-jarallax-no wpr-parallax-no wpr-sticky-section-no e-con e-child\" data-id=\"cd30599\" data-element_type=\"container\">\n\t\t\t\t<div class=\"elementor-element elementor-element-216cb18 elementor-widget__width-auto elementor-widget-mobile__width-inherit de_scroll_animation_no elementor-invisible elementor-widget elementor-widget-heading\" data-id=\"216cb18\" data-element_type=\"widget\" data-settings=\"{&quot;_animation&quot;:&quot;fadeInUp&quot;,&quot;_animation_delay&quot;:600}\" data-widget_type=\"heading.default\">\n\t\t\t\t\t<h2 class=\"elementor-heading-title elementor-size-default\">noticias<\/h2>\t\t\t\t<\/div>\n\t\t\t\t<\/div>\n\t\t\t\t\t<\/div>\n\t\t\t\t<\/div>\n\t\t<div class=\"elementor-element elementor-element-75447bd e-flex e-con-boxed wpr-particle-no wpr-jarallax-no wpr-parallax-no wpr-sticky-section-no e-con e-parent\" data-id=\"75447bd\" data-element_type=\"container\">\n\t\t\t\t\t<div class=\"e-con-inner\">\n\t\t\t\t<div class=\"elementor-element elementor-element-5d6e7a7 de_scroll_animation_no elementor-widget elementor-widget-wpr-breadcrumbs-pro\" data-id=\"5d6e7a7\" data-element_type=\"widget\" data-widget_type=\"wpr-breadcrumbs-pro.default\">\n\t\t\t\t\t<div class=\"wpr-post-breadcrumbs\"><ul class=\"wpr-breadcrumbs\"><li><a href=\"https:\/\/jiesonglin.com\/es\">Inicio<\/a><\/li><li>\/<\/li><li>Noticias<\/li><\/ul><\/div>\t\t\t\t<\/div>\n\t\t\t\t\t<\/div>\n\t\t\t\t<\/div>\n\t\t<div class=\"elementor-element elementor-element-2100041 e-flex e-con-boxed wpr-particle-no wpr-jarallax-no wpr-parallax-no wpr-sticky-section-no e-con e-parent\" data-id=\"2100041\" data-element_type=\"container\">\n\t\t\t\t\t<div class=\"e-con-inner\">\n\t\t<div class=\"elementor-element elementor-element-2fcbd26 e-con-full e-flex wpr-particle-no wpr-jarallax-no wpr-parallax-no wpr-sticky-section-no e-con e-child\" data-id=\"2fcbd26\" data-element_type=\"container\">\n\t\t\t\t<div class=\"elementor-element elementor-element-13ff70d elementor-grid-3 elementor-grid-tablet-2 elementor-grid-mobile-1 elementor-posts--thumbnail-top de_scroll_animation_no elementor-widget elementor-widget-posts\" data-id=\"13ff70d\" data-element_type=\"widget\" data-settings=\"{&quot;classic_columns&quot;:&quot;3&quot;,&quot;classic_columns_tablet&quot;:&quot;2&quot;,&quot;classic_columns_mobile&quot;:&quot;1&quot;,&quot;classic_row_gap&quot;:{&quot;unit&quot;:&quot;px&quot;,&quot;size&quot;:35,&quot;sizes&quot;:[]},&quot;classic_row_gap_tablet&quot;:{&quot;unit&quot;:&quot;px&quot;,&quot;size&quot;:&quot;&quot;,&quot;sizes&quot;:[]},&quot;classic_row_gap_mobile&quot;:{&quot;unit&quot;:&quot;px&quot;,&quot;size&quot;:&quot;&quot;,&quot;sizes&quot;:[]}}\" data-widget_type=\"posts.classic\">\n\t\t\t\t<div class=\"elementor-widget-container\">\n\t\t\t\t\t\t\t<div class=\"elementor-posts-container elementor-posts elementor-posts--skin-classic elementor-grid\" role=\"list\">\n\t\t\t\t<article class=\"elementor-post elementor-grid-item post-1054 post type-post status-publish format-standard has-post-thumbnail hentry category-case-display\" role=\"listitem\">\n\t\t\t\t<a class=\"elementor-post__thumbnail__link\" href=\"https:\/\/jiesonglin.com\/es\/3-000-head-dairy-farm-turning-manure-into-hygienic-bedding\/\" tabindex=\"-1\" >\n\t\t\t<div class=\"elementor-post__thumbnail\"><img fetchpriority=\"high\" decoding=\"async\" width=\"800\" height=\"600\" src=\"https:\/\/jiesonglin.com\/wp-content\/uploads\/2025\/07\/\u5185\u8499\u53e4\u547c\u548c\u6d69\u7279\u725b\u5e8a\u57ab\u6599\u9879\u76ee496037FE-EBE7-4DC3-9A0F-E5725428E408-1-1024x768.jpg\" class=\"attachment-large size-large wp-image-760\" alt=\"\" srcset=\"https:\/\/jiesonglin.com\/wp-content\/uploads\/2025\/07\/\u5185\u8499\u53e4\u547c\u548c\u6d69\u7279\u725b\u5e8a\u57ab\u6599\u9879\u76ee496037FE-EBE7-4DC3-9A0F-E5725428E408-1-1024x768.jpg 1024w, https:\/\/jiesonglin.com\/wp-content\/uploads\/2025\/07\/\u5185\u8499\u53e4\u547c\u548c\u6d69\u7279\u725b\u5e8a\u57ab\u6599\u9879\u76ee496037FE-EBE7-4DC3-9A0F-E5725428E408-1-300x225.jpg 300w, https:\/\/jiesonglin.com\/wp-content\/uploads\/2025\/07\/\u5185\u8499\u53e4\u547c\u548c\u6d69\u7279\u725b\u5e8a\u57ab\u6599\u9879\u76ee496037FE-EBE7-4DC3-9A0F-E5725428E408-1-768x576.jpg 768w, https:\/\/jiesonglin.com\/wp-content\/uploads\/2025\/07\/\u5185\u8499\u53e4\u547c\u548c\u6d69\u7279\u725b\u5e8a\u57ab\u6599\u9879\u76ee496037FE-EBE7-4DC3-9A0F-E5725428E408-1-1536x1152.jpg 1536w, https:\/\/jiesonglin.com\/wp-content\/uploads\/2025\/07\/\u5185\u8499\u53e4\u547c\u548c\u6d69\u7279\u725b\u5e8a\u57ab\u6599\u9879\u76ee496037FE-EBE7-4DC3-9A0F-E5725428E408-1-2048x1536.jpg 2048w, https:\/\/jiesonglin.com\/wp-content\/uploads\/2025\/07\/\u5185\u8499\u53e4\u547c\u548c\u6d69\u7279\u725b\u5e8a\u57ab\u6599\u9879\u76ee496037FE-EBE7-4DC3-9A0F-E5725428E408-1-16x12.jpg 16w\" sizes=\"(max-width: 800px) 100vw, 800px\" \/><\/div>\n\t\t<\/a>\n\t\t\t\t<div class=\"elementor-post__text\">\n\t\t\t\t<h3 class=\"elementor-post__title\">\n\t\t\t<a href=\"https:\/\/jiesonglin.com\/es\/3-000-head-dairy-farm-turning-manure-into-hygienic-bedding\/\" >\n\t\t\t\tGranja lechera de 3 000 cabezas: c\u00f3mo convertir el esti\u00e9rcol en lecho higi\u00e9nico\t\t\t<\/a>\n\t\t<\/h3>\n\t\t\t\t<div class=\"elementor-post__meta-data\">\n\t\t\t\t\t<span class=\"elementor-post-date\">\n\t\t\t12 de julio de 2025\t\t<\/span>\n\t\t\t\t<span class=\"elementor-post-avatar\">\n\t\t\tNo hay comentarios\t\t<\/span>\n\t\t\t\t<\/div>\n\t\t\t\t<div class=\"elementor-post__excerpt\">\n\t\t\t<p>Caso pr\u00e1ctico | XINING, QINGHAI 1. Antecedentes del proyecto: Una gran granja lechera de Xining cuenta con m\u00e1s de 3 000 vacas Holstein,<\/p>\n\t\t<\/div>\n\t\t\n\t\t<a class=\"elementor-post__read-more\" href=\"https:\/\/jiesonglin.com\/es\/3-000-head-dairy-farm-turning-manure-into-hygienic-bedding\/\" aria-label=\"Read more about 3 000-Head Dairy Farm: Turning Manure into Hygienic Bedding\" tabindex=\"-1\" >\n\t\t\tLeer m\u00e1s \u00bb\t\t<\/a>\n\n\t\t\t\t<\/div>\n\t\t\t\t<\/article>\n\t\t\t\t<article class=\"elementor-post elementor-grid-item post-1051 post type-post status-publish format-standard has-post-thumbnail hentry category-case-display\" role=\"listitem\">\n\t\t\t\t<a class=\"elementor-post__thumbnail__link\" href=\"https:\/\/jiesonglin.com\/es\/55-t-day-municipal-sludge-composting-facility-2\/\" tabindex=\"-1\" >\n\t\t\t<div class=\"elementor-post__thumbnail\"><img decoding=\"async\" width=\"800\" height=\"450\" src=\"https:\/\/jiesonglin.com\/wp-content\/uploads\/2025\/07\/1752317068530-1024x576.png\" class=\"attachment-large size-large wp-image-1052\" alt=\"\" srcset=\"https:\/\/jiesonglin.com\/wp-content\/uploads\/2025\/07\/1752317068530-1024x576.png 1024w, https:\/\/jiesonglin.com\/wp-content\/uploads\/2025\/07\/1752317068530-300x169.png 300w, https:\/\/jiesonglin.com\/wp-content\/uploads\/2025\/07\/1752317068530-768x432.png 768w, https:\/\/jiesonglin.com\/wp-content\/uploads\/2025\/07\/1752317068530-18x10.png 18w, https:\/\/jiesonglin.com\/wp-content\/uploads\/2025\/07\/1752317068530.png 1280w\" sizes=\"(max-width: 800px) 100vw, 800px\" \/><\/div>\n\t\t<\/a>\n\t\t\t\t<div class=\"elementor-post__text\">\n\t\t\t\t<h3 class=\"elementor-post__title\">\n\t\t\t<a href=\"https:\/\/jiesonglin.com\/es\/55-t-day-municipal-sludge-composting-facility-2\/\" >\n\t\t\t\tPlanta de compostaje de lodos municipales con una capacidad de 55 t\/d\u00eda\t\t\t<\/a>\n\t\t<\/h3>\n\t\t\t\t<div class=\"elementor-post__meta-data\">\n\t\t\t\t\t<span class=\"elementor-post-date\">\n\t\t\t12 de julio de 2025\t\t<\/span>\n\t\t\t\t<span class=\"elementor-post-avatar\">\n\t\t\tNo hay comentarios\t\t<\/span>\n\t\t\t\t<\/div>\n\t\t\t\t<div class=\"elementor-post__excerpt\">\n\t\t\t<p>Estudio de caso | CONDADO DE DAYI, CHENGDU, SICHUAN 1. Antecedentes del proyecto: El condado de Dayi ha intensificado las mejoras en el saneamiento rural y urbano<\/p>\n\t\t<\/div>\n\t\t\n\t\t<a class=\"elementor-post__read-more\" href=\"https:\/\/jiesonglin.com\/es\/55-t-day-municipal-sludge-composting-facility-2\/\" aria-label=\"Read more about 55 t\/day Municipal-Sludge Composting Facility\" tabindex=\"-1\" >\n\t\t\tLeer m\u00e1s \u00bb\t\t<\/a>\n\n\t\t\t\t<\/div>\n\t\t\t\t<\/article>\n\t\t\t\t<article class=\"elementor-post elementor-grid-item post-1045 post type-post status-publish format-standard has-post-thumbnail hentry category-case-display\" role=\"listitem\">\n\t\t\t\t<a class=\"elementor-post__thumbnail__link\" href=\"https:\/\/jiesonglin.com\/es\/manure-to-fertiliser-pilot-20-membrane-composters-empower-small-pig-farms\/\" tabindex=\"-1\" >\n\t\t\t<div class=\"elementor-post__thumbnail\"><img decoding=\"async\" width=\"800\" height=\"450\" src=\"https:\/\/jiesonglin.com\/wp-content\/uploads\/2025\/07\/\u5fae\u4fe1\u56fe\u7247_20230911153503-1-1024x576.jpg\" class=\"attachment-large size-large wp-image-1048\" alt=\"\" srcset=\"https:\/\/jiesonglin.com\/wp-content\/uploads\/2025\/07\/\u5fae\u4fe1\u56fe\u7247_20230911153503-1-1024x576.jpg 1024w, https:\/\/jiesonglin.com\/wp-content\/uploads\/2025\/07\/\u5fae\u4fe1\u56fe\u7247_20230911153503-1-300x169.jpg 300w, https:\/\/jiesonglin.com\/wp-content\/uploads\/2025\/07\/\u5fae\u4fe1\u56fe\u7247_20230911153503-1-768x432.jpg 768w, https:\/\/jiesonglin.com\/wp-content\/uploads\/2025\/07\/\u5fae\u4fe1\u56fe\u7247_20230911153503-1-1536x864.jpg 1536w, https:\/\/jiesonglin.com\/wp-content\/uploads\/2025\/07\/\u5fae\u4fe1\u56fe\u7247_20230911153503-1-18x10.jpg 18w, https:\/\/jiesonglin.com\/wp-content\/uploads\/2025\/07\/\u5fae\u4fe1\u56fe\u7247_20230911153503-1.jpg 1920w\" sizes=\"(max-width: 800px) 100vw, 800px\" \/><\/div>\n\t\t<\/a>\n\t\t\t\t<div class=\"elementor-post__text\">\n\t\t\t\t<h3 class=\"elementor-post__title\">\n\t\t\t<a href=\"https:\/\/jiesonglin.com\/es\/manure-to-fertiliser-pilot-20-membrane-composters-empower-small-pig-farms\/\" >\n\t\t\t\t\u201cProyecto piloto \u201dDel esti\u00e9rcol al fertilizante\u00bb: 20 compostadores de membrana dan un impulso a las peque\u00f1as granjas porcinas\t\t\t<\/a>\n\t\t<\/h3>\n\t\t\t\t<div class=\"elementor-post__meta-data\">\n\t\t\t\t\t<span class=\"elementor-post-date\">\n\t\t\t12 de julio de 2025\t\t<\/span>\n\t\t\t\t<span class=\"elementor-post-avatar\">\n\t\t\tNo hay comentarios\t\t<\/span>\n\t\t\t\t<\/div>\n\t\t\t\t<div class=\"elementor-post__excerpt\">\n\t\t\t<p>Caso pr\u00e1ctico | HEZHOU, GUANGXI 1. Antecedentes del proyecto La ciudad de Hezhou, en Guangxi, es una importante regi\u00f3n productora de carne de cerdo. Cientos de peque\u00f1as<\/p>\n\t\t<\/div>\n\t\t\n\t\t<a class=\"elementor-post__read-more\" href=\"https:\/\/jiesonglin.com\/es\/manure-to-fertiliser-pilot-20-membrane-composters-empower-small-pig-farms\/\" aria-label=\"Read more about \u201cManure-to-Fertiliser\u201d Pilot \u2014 20 Membrane Composters Empower Small Pig Farms\" tabindex=\"-1\" >\n\t\t\tLeer m\u00e1s \u00bb\t\t<\/a>\n\n\t\t\t\t<\/div>\n\t\t\t\t<\/article>\n\t\t\t\t<article class=\"elementor-post elementor-grid-item post-1040 post type-post status-publish format-standard has-post-thumbnail hentry category-case-display\" role=\"listitem\">\n\t\t\t\t<a class=\"elementor-post__thumbnail__link\" href=\"https:\/\/jiesonglin.com\/es\/55-t-day-municipal-sludge-composting-facility\/\" tabindex=\"-1\" >\n\t\t\t<div class=\"elementor-post__thumbnail\"><img loading=\"lazy\" decoding=\"async\" width=\"800\" height=\"600\" src=\"https:\/\/jiesonglin.com\/wp-content\/uploads\/2025\/07\/\u5fae\u4fe1\u56fe\u7247_20230911155827-1024x768.jpg\" class=\"attachment-large size-large wp-image-1041\" alt=\"\" srcset=\"https:\/\/jiesonglin.com\/wp-content\/uploads\/2025\/07\/\u5fae\u4fe1\u56fe\u7247_20230911155827-1024x768.jpg 1024w, https:\/\/jiesonglin.com\/wp-content\/uploads\/2025\/07\/\u5fae\u4fe1\u56fe\u7247_20230911155827-300x225.jpg 300w, https:\/\/jiesonglin.com\/wp-content\/uploads\/2025\/07\/\u5fae\u4fe1\u56fe\u7247_20230911155827-768x576.jpg 768w, https:\/\/jiesonglin.com\/wp-content\/uploads\/2025\/07\/\u5fae\u4fe1\u56fe\u7247_20230911155827-1536x1152.jpg 1536w, https:\/\/jiesonglin.com\/wp-content\/uploads\/2025\/07\/\u5fae\u4fe1\u56fe\u7247_20230911155827-16x12.jpg 16w, https:\/\/jiesonglin.com\/wp-content\/uploads\/2025\/07\/elementor\/thumbs\/\u5fae\u4fe1\u56fe\u7247_20230911155827-r8na0fsxnmdmu7i66mvinf2ltwh7g5x8vkd5ots0og.jpg 800w, https:\/\/jiesonglin.com\/wp-content\/uploads\/2025\/07\/\u5fae\u4fe1\u56fe\u7247_20230911155827.jpg 1706w\" sizes=\"(max-width: 800px) 100vw, 800px\" \/><\/div>\n\t\t<\/a>\n\t\t\t\t<div class=\"elementor-post__text\">\n\t\t\t\t<h3 class=\"elementor-post__title\">\n\t\t\t<a href=\"https:\/\/jiesonglin.com\/es\/55-t-day-municipal-sludge-composting-facility\/\" >\n\t\t\t\tPlanta de compostaje de lodos municipales con una capacidad de 55 t\/d\u00eda\t\t\t<\/a>\n\t\t<\/h3>\n\t\t\t\t<div class=\"elementor-post__meta-data\">\n\t\t\t\t\t<span class=\"elementor-post-date\">\n\t\t\t12 de julio de 2025\t\t<\/span>\n\t\t\t\t<span class=\"elementor-post-avatar\">\n\t\t\tNo hay comentarios\t\t<\/span>\n\t\t\t\t<\/div>\n\t\t\t\t<div class=\"elementor-post__excerpt\">\n\t\t\t<p>Estudio de caso | CONDADO DE DAYI, CHENGDU, SICHUAN 1. Antecedentes del proyecto: El condado de Dayi ha intensificado las mejoras en el saneamiento rural y urbano<\/p>\n\t\t<\/div>\n\t\t\n\t\t<a class=\"elementor-post__read-more\" href=\"https:\/\/jiesonglin.com\/es\/55-t-day-municipal-sludge-composting-facility\/\" aria-label=\"Read more about 55 t\/day Municipal-Sludge Composting Facility\" tabindex=\"-1\" >\n\t\t\tLeer m\u00e1s \u00bb\t\t<\/a>\n\n\t\t\t\t<\/div>\n\t\t\t\t<\/article>\n\t\t\t\t<article class=\"elementor-post elementor-grid-item post-1032 post type-post status-publish format-standard has-post-thumbnail hentry category-case-display\" role=\"listitem\">\n\t\t\t\t<a class=\"elementor-post__thumbnail__link\" href=\"https:\/\/jiesonglin.com\/es\/on-site-garden-waste-composting-hub\/\" tabindex=\"-1\" >\n\t\t\t<div class=\"elementor-post__thumbnail\"><img loading=\"lazy\" decoding=\"async\" width=\"800\" height=\"600\" src=\"https:\/\/jiesonglin.com\/wp-content\/uploads\/2025\/07\/\u5fae\u4fe1\u56fe\u7247_20230605152723-1024x768.jpg\" class=\"attachment-large size-large wp-image-1035\" alt=\"\" srcset=\"https:\/\/jiesonglin.com\/wp-content\/uploads\/2025\/07\/\u5fae\u4fe1\u56fe\u7247_20230605152723-1024x768.jpg 1024w, https:\/\/jiesonglin.com\/wp-content\/uploads\/2025\/07\/\u5fae\u4fe1\u56fe\u7247_20230605152723-300x225.jpg 300w, https:\/\/jiesonglin.com\/wp-content\/uploads\/2025\/07\/\u5fae\u4fe1\u56fe\u7247_20230605152723-768x576.jpg 768w, https:\/\/jiesonglin.com\/wp-content\/uploads\/2025\/07\/\u5fae\u4fe1\u56fe\u7247_20230605152723-1536x1152.jpg 1536w, https:\/\/jiesonglin.com\/wp-content\/uploads\/2025\/07\/\u5fae\u4fe1\u56fe\u7247_20230605152723-2048x1536.jpg 2048w, https:\/\/jiesonglin.com\/wp-content\/uploads\/2025\/07\/\u5fae\u4fe1\u56fe\u7247_20230605152723-16x12.jpg 16w\" sizes=\"(max-width: 800px) 100vw, 800px\" \/><\/div>\n\t\t<\/a>\n\t\t\t\t<div class=\"elementor-post__text\">\n\t\t\t\t<h3 class=\"elementor-post__title\">\n\t\t\t<a href=\"https:\/\/jiesonglin.com\/es\/on-site-garden-waste-composting-hub\/\" >\n\t\t\t\tCentro de compostaje de residuos de jard\u00edn in situ\t\t\t<\/a>\n\t\t<\/h3>\n\t\t\t\t<div class=\"elementor-post__meta-data\">\n\t\t\t\t\t<span class=\"elementor-post-date\">\n\t\t\t12 de julio de 2025\t\t<\/span>\n\t\t\t\t<span class=\"elementor-post-avatar\">\n\t\t\tNo hay comentarios\t\t<\/span>\n\t\t\t\t<\/div>\n\t\t\t\t<div class=\"elementor-post__excerpt\">\n\t\t\t<p>Caso pr\u00e1ctico | DISTRITO DE MIYUN, PEK\u00cdN 1. Antecedentes del proyecto El distrito de Miyun, en Pek\u00edn, genera grandes cantidades de ramas de poda, hojas y<\/p>\n\t\t<\/div>\n\t\t\n\t\t<a class=\"elementor-post__read-more\" href=\"https:\/\/jiesonglin.com\/es\/on-site-garden-waste-composting-hub\/\" aria-label=\"Read more about On-Site Garden-Waste Composting Hub\" tabindex=\"-1\" >\n\t\t\tLeer m\u00e1s \u00bb\t\t<\/a>\n\n\t\t\t\t<\/div>\n\t\t\t\t<\/article>\n\t\t\t\t<article class=\"elementor-post elementor-grid-item post-1 post type-post status-publish format-standard has-post-thumbnail hentry category-case-display\" role=\"listitem\">\n\t\t\t\t<a class=\"elementor-post__thumbnail__link\" href=\"https:\/\/jiesonglin.com\/es\/hello-world\/\" tabindex=\"-1\" >\n\t\t\t<div class=\"elementor-post__thumbnail\"><img loading=\"lazy\" decoding=\"async\" width=\"800\" height=\"297\" src=\"https:\/\/jiesonglin.com\/wp-content\/uploads\/2025\/07\/\u56fe\u5c42-80-\u62f7\u8d1d-1024x380.png\" class=\"attachment-large size-large wp-image-1104\" alt=\"\" srcset=\"\" sizes=\"(max-width: 800px) 100vw, 800px\" data-srcset=\"\" \/><\/div>\n\t\t<\/a>\n\t\t\t\t<div class=\"elementor-post__text\">\n\t\t\t\t<h3 class=\"elementor-post__title\">\n\t\t\t<a href=\"https:\/\/jiesonglin.com\/es\/hello-world\/\" >\n\t\t\t\tProyecto de compostaje de esti\u00e9rcol de pato: 50 t\/a\u00f1o\t\t\t<\/a>\n\t\t<\/h3>\n\t\t\t\t<div class=\"elementor-post__meta-data\">\n\t\t\t\t\t<span class=\"elementor-post-date\">\n\t\t\t3 de julio de 2025\t\t<\/span>\n\t\t\t\t<span class=\"elementor-post-avatar\">\n\t\t\tNo hay comentarios\t\t<\/span>\n\t\t\t\t<\/div>\n\t\t\t\t<div class=\"elementor-post__excerpt\">\n\t\t\t<p>Caso | TONG LING, ANHUI 1. Antecedentes del proyecto Una gran granja av\u00edcola de Tong Ling, Anhui, cr\u00eda m\u00e1s de 500 000 patos<\/p>\n\t\t<\/div>\n\t\t\n\t\t<a class=\"elementor-post__read-more\" href=\"https:\/\/jiesonglin.com\/es\/hello-world\/\" aria-label=\"Read more about 50 t\/y Duck-Manure Composting Project\" tabindex=\"-1\" >\n\t\t\tLeer m\u00e1s \u00bb\t\t<\/a>\n\n\t\t\t\t<\/div>\n\t\t\t\t<\/article>\n\t\t\t\t<\/div>\n\t\t\n\t\t\t\t\t\t<\/div>\n\t\t\t\t<\/div>\n\t\t\t\t<\/div>\n\t\t\t\t\t<\/div>\n\t\t\t\t<\/div>\n\t\t<div class=\"elementor-element elementor-element-f82fffc e-con-full e-flex wpr-particle-no wpr-jarallax-no wpr-parallax-no wpr-sticky-section-no e-con e-child\" data-id=\"f82fffc\" data-element_type=\"container\">\n\t\t\t\t<div class=\"elementor-element elementor-element-268b8e8 wpr-stt-btn-align-fixed-left wpr-stt-btn-align-fixed de_scroll_animation_no elementor-widget elementor-widget-wpr-back-to-top\" data-id=\"268b8e8\" data-element_type=\"widget\" data-widget_type=\"wpr-back-to-top.default\">\n\t\t\t\t\t<div class=\"wpr-stt-wrapper\"><div class='wpr-stt-btn' data-settings='{&quot;animation&quot;:&quot;fade&quot;,&quot;animationOffset&quot;:&quot;0&quot;,&quot;animationDuration&quot;:&quot;200&quot;,&quot;fixed&quot;:&quot;fixed&quot;,&quot;scrolAnim&quot;:&quot;800&quot;}'><span class=\"wpr-stt-icon\"><svg class=\"e-font-icon-svg e-fas-chevron-up\" viewbox=\"0 0 448 512\" xmlns=\"http:\/\/www.w3.org\/2000\/svg\"><path d=\"M240.971 130.524l194.343 194.343c9.373 9.373 9.373 24.569 0 33.941l-22.667 22.667c-9.357 9.357-24.522 9.375-33.901.04L224 227.495 69.255 381.516c-9.379 9.335-24.544 9.317-33.901-.04l-22.667-22.667c-9.373-9.373-9.373-24.569 0-33.941L207.03 130.525c9.372-9.373 24.568-9.373 33.941-.001z\"><\/path><\/svg><\/span><\/div><\/div>\t\t\t\t<\/div>\n\t\t\t\t<\/div>\n\t\t\t\t<\/div>","protected":false},"excerpt":{"rendered":"<p>Inicio \/ Noticias<\/p>","protected":false},"author":1,"featured_media":0,"parent":0,"menu_order":0,"comment_status":"closed","ping_status":"closed","template":"","meta":{"footnotes":""},"class_list":["post-655","page","type-page","status-publish","hentry"],"yoast_head":"<!-- This site is optimized with the Yoast SEO Premium plugin v25.5 (Yoast SEO v26.7) - https:\/\/yoast.com\/wordpress\/plugins\/seo\/ -->\n<title>News - Jiesonglin Technology<\/title>\n<meta name=\"robots\" content=\"index, follow, max-snippet:-1, max-image-preview:large, max-video-preview:-1\" \/>\n<link rel=\"canonical\" href=\"https:\/\/jiesonglin.com\/es\/noticias\/\" \/>\n<meta property=\"og:locale\" content=\"es_ES\" \/>\n<meta property=\"og:type\" content=\"article\" \/>\n<meta property=\"og:title\" content=\"News\" \/>\n<meta property=\"og:description\" content=\"news Home \/ News\" \/>\n<meta property=\"og:url\" content=\"https:\/\/jiesonglin.com\/es\/noticias\/\" \/>\n<meta property=\"og:site_name\" content=\"Jiesonglin Technology\" \/>\n<meta property=\"article:modified_time\" content=\"2025-07-17T02:56:31+00:00\" \/>\n<meta name=\"twitter:card\" content=\"summary_large_image\" \/>\n<script type=\"application\/ld+json\" class=\"yoast-schema-graph\">{\"@context\":\"https:\/\/schema.org\",\"@graph\":[{\"@type\":\"WebPage\",\"@id\":\"https:\/\/jiesonglin.com\/news\/\",\"url\":\"https:\/\/jiesonglin.com\/news\/\",\"name\":\"News - Jiesonglin Technology\",\"isPartOf\":{\"@id\":\"https:\/\/jiesonglin.com\/#website\"},\"datePublished\":\"2025-07-05T08:40:30+00:00\",\"dateModified\":\"2025-07-17T02:56:31+00:00\",\"breadcrumb\":{\"@id\":\"https:\/\/jiesonglin.com\/news\/#breadcrumb\"},\"inLanguage\":\"es-AR\",\"potentialAction\":[{\"@type\":\"ReadAction\",\"target\":[\"https:\/\/jiesonglin.com\/news\/\"]}]},{\"@type\":\"BreadcrumbList\",\"@id\":\"https:\/\/jiesonglin.com\/news\/#breadcrumb\",\"itemListElement\":[{\"@type\":\"ListItem\",\"position\":1,\"name\":\"Home\",\"item\":\"https:\/\/jiesonglin.com\/\"},{\"@type\":\"ListItem\",\"position\":2,\"name\":\"News\"}]},{\"@type\":\"WebSite\",\"@id\":\"https:\/\/jiesonglin.com\/#website\",\"url\":\"https:\/\/jiesonglin.com\/\",\"name\":\"Jiesonglin Technology\",\"description\":\"Focus on turning organic waste into treasure\",\"publisher\":{\"@id\":\"https:\/\/jiesonglin.com\/#organization\"},\"potentialAction\":[{\"@type\":\"SearchAction\",\"target\":{\"@type\":\"EntryPoint\",\"urlTemplate\":\"https:\/\/jiesonglin.com\/?s={search_term_string}\"},\"query-input\":{\"@type\":\"PropertyValueSpecification\",\"valueRequired\":true,\"valueName\":\"search_term_string\"}}],\"inLanguage\":\"es-AR\"},{\"@type\":\"Organization\",\"@id\":\"https:\/\/jiesonglin.com\/#organization\",\"name\":\"Jiesonglin Technology\",\"url\":\"https:\/\/jiesonglin.com\/\",\"logo\":{\"@type\":\"ImageObject\",\"inLanguage\":\"es-AR\",\"@id\":\"https:\/\/jiesonglin.com\/#\/schema\/logo\/image\/\",\"url\":\"https:\/\/jiesonglin.com\/wp-content\/uploads\/2025\/07\/logo2.png\",\"contentUrl\":\"https:\/\/jiesonglin.com\/wp-content\/uploads\/2025\/07\/logo2.png\",\"width\":820,\"height\":189,\"caption\":\"Jiesonglin Technology\"},\"image\":{\"@id\":\"https:\/\/jiesonglin.com\/#\/schema\/logo\/image\/\"}}]}<\/script>\n<!-- \/ Yoast SEO Premium plugin. -->","yoast_head_json":{"title":"Noticias - Jiesonglin Technology","robots":{"index":"index","follow":"follow","max-snippet":"max-snippet:-1","max-image-preview":"max-image-preview:large","max-video-preview":"max-video-preview:-1"},"canonical":"https:\/\/jiesonglin.com\/es\/noticias\/","og_locale":"es_ES","og_type":"article","og_title":"News","og_description":"news Home \/ News","og_url":"https:\/\/jiesonglin.com\/es\/noticias\/","og_site_name":"Jiesonglin Technology","article_modified_time":"2025-07-17T02:56:31+00:00","twitter_card":"summary_large_image","schema":{"@context":"https:\/\/schema.org","@graph":[{"@type":"WebPage","@id":"https:\/\/jiesonglin.com\/news\/","url":"https:\/\/jiesonglin.com\/news\/","name":"Noticias - Jiesonglin Technology","isPartOf":{"@id":"https:\/\/jiesonglin.com\/#website"},"datePublished":"2025-07-05T08:40:30+00:00","dateModified":"2025-07-17T02:56:31+00:00","breadcrumb":{"@id":"https:\/\/jiesonglin.com\/news\/#breadcrumb"},"inLanguage":"es-AR","potentialAction":[{"@type":"ReadAction","target":["https:\/\/jiesonglin.com\/news\/"]}]},{"@type":"BreadcrumbList","@id":"https:\/\/jiesonglin.com\/news\/#breadcrumb","itemListElement":[{"@type":"ListItem","position":1,"name":"Home","item":"https:\/\/jiesonglin.com\/"},{"@type":"ListItem","position":2,"name":"News"}]},{"@type":"WebSite","@id":"https:\/\/jiesonglin.com\/#website","url":"https:\/\/jiesonglin.com\/","name":"Jiesonglin Technology","description":"El objetivo es convertir los residuos org\u00e1nicos en un recurso valioso","publisher":{"@id":"https:\/\/jiesonglin.com\/#organization"},"potentialAction":[{"@type":"SearchAction","target":{"@type":"EntryPoint","urlTemplate":"https:\/\/jiesonglin.com\/?s={search_term_string}"},"query-input":{"@type":"PropertyValueSpecification","valueRequired":true,"valueName":"search_term_string"}}],"inLanguage":"es-AR"},{"@type":"Organization","@id":"https:\/\/jiesonglin.com\/#organization","name":"Jiesonglin Technology","url":"https:\/\/jiesonglin.com\/","logo":{"@type":"ImageObject","inLanguage":"es-AR","@id":"https:\/\/jiesonglin.com\/#\/schema\/logo\/image\/","url":"https:\/\/jiesonglin.com\/wp-content\/uploads\/2025\/07\/logo2.png","contentUrl":"https:\/\/jiesonglin.com\/wp-content\/uploads\/2025\/07\/logo2.png","width":820,"height":189,"caption":"Jiesonglin Technology"},"image":{"@id":"https:\/\/jiesonglin.com\/#\/schema\/logo\/image\/"}}]}},"acf":[],"_links":{"self":[{"href":"https:\/\/jiesonglin.com\/es\/wp-json\/wp\/v2\/pages\/655","targetHints":{"allow":["GET"]}}],"collection":[{"href":"https:\/\/jiesonglin.com\/es\/wp-json\/wp\/v2\/pages"}],"about":[{"href":"https:\/\/jiesonglin.com\/es\/wp-json\/wp\/v2\/types\/page"}],"author":[{"embeddable":true,"href":"https:\/\/jiesonglin.com\/es\/wp-json\/wp\/v2\/users\/1"}],"replies":[{"embeddable":true,"href":"https:\/\/jiesonglin.com\/es\/wp-json\/wp\/v2\/comments?post=655"}],"version-history":[{"count":0,"href":"https:\/\/jiesonglin.com\/es\/wp-json\/wp\/v2\/pages\/655\/revisions"}],"wp:attachment":[{"href":"https:\/\/jiesonglin.com\/es\/wp-json\/wp\/v2\/media?parent=655"}],"curies":[{"name":"wp","href":"https:\/\/api.w.org\/{rel}","templated":true}]}}