{"id":1070,"date":"2025-07-13T13:55:44","date_gmt":"2025-07-13T13:55:44","guid":{"rendered":"https:\/\/jiesonglin.com\/?post_type=product&#038;p=1070"},"modified":"2025-07-15T07:37:44","modified_gmt":"2025-07-15T07:37:44","slug":"equipo-de-compostaje-con-membrana-molecular-inteligente-de-ncs","status":"publish","type":"product","link":"https:\/\/jiesonglin.com\/es\/product\/ncs-intelligent-molecular-membrane-covered-composting-equipment\/","title":{"rendered":"Equipo de compostaje inteligente con membrana molecular de NCS"},"content":{"rendered":"<p><strong>Sistema inteligente de fermentaci\u00f3n con membrana molecular NCS<\/strong><\/p>\n<p>&nbsp;<\/p>\n<table>\n<tbody>\n<tr class=\"firstRow\">\n<td align=\"center\" valign=\"middle\" width=\"180\"><strong>Tecnolog\u00eda de base<\/strong><\/td>\n<\/tr>\n<\/tbody>\n<\/table>\n<p><img fetchpriority=\"high\" decoding=\"async\" class=\"alignnone wp-image-1073 size-large\" src=\"https:\/\/jiesonglin.com\/wp-content\/uploads\/2025\/07\/Nanomembrane-Aerobic-Composting-System\uff08\u5408\u5e76\uff09-1-1024x400.jpg\" alt=\"\" width=\"800\" height=\"313\" srcset=\"https:\/\/jiesonglin.com\/wp-content\/uploads\/2025\/07\/Nanomembrane-Aerobic-Composting-System\uff08\u5408\u5e76\uff09-1-1024x400.jpg 1024w, https:\/\/jiesonglin.com\/wp-content\/uploads\/2025\/07\/Nanomembrane-Aerobic-Composting-System\uff08\u5408\u5e76\uff09-1-300x117.jpg 300w, https:\/\/jiesonglin.com\/wp-content\/uploads\/2025\/07\/Nanomembrane-Aerobic-Composting-System\uff08\u5408\u5e76\uff09-1-768x300.jpg 768w, https:\/\/jiesonglin.com\/wp-content\/uploads\/2025\/07\/Nanomembrane-Aerobic-Composting-System\uff08\u5408\u5e76\uff09-1-1536x599.jpg 1536w, https:\/\/jiesonglin.com\/wp-content\/uploads\/2025\/07\/Nanomembrane-Aerobic-Composting-System\uff08\u5408\u5e76\uff09-1-2048x799.jpg 2048w, https:\/\/jiesonglin.com\/wp-content\/uploads\/2025\/07\/Nanomembrane-Aerobic-Composting-System\uff08\u5408\u5e76\uff09-1-18x7.jpg 18w, https:\/\/jiesonglin.com\/wp-content\/uploads\/2025\/07\/Nanomembrane-Aerobic-Composting-System\uff08\u5408\u5e76\uff09-1-600x234.jpg 600w\" sizes=\"(max-width: 800px) 100vw, 800px\" \/><\/p>\n<p>&nbsp;<\/p>\n<table>\n<tbody>\n<tr class=\"firstRow\">\n<td align=\"center\" valign=\"middle\" width=\"100%\"><strong>Composici\u00f3n del producto terminado<\/strong><\/td>\n<\/tr>\n<\/tbody>\n<\/table>\n<p>&nbsp;<\/p>\n<p><strong>Tecnolog\u00eda de fermentaci\u00f3n con membrana molecular inteligente de NCS:<\/strong><\/p>\n<p>La tecnolog\u00eda de fermentaci\u00f3n con membrana molecular inteligente de NCS es una tecnolog\u00eda de tratamiento de residuos org\u00e1nicos que integra la membrana polim\u00e9rica NCS, sensores, control inteligente, microorganismos y otras tecnolog\u00edas para la fermentaci\u00f3n y el compostaje. Es capaz de cumplir simult\u00e1neamente con los requisitos de protecci\u00f3n ambiental, aislamiento de olores, bajos costos de inversi\u00f3n, bajos costos operativos, control inteligente y facilidad de manejo, adem\u00e1s de satisfacer la demanda del mercado y ofrecer buenos resultados en materia de reducci\u00f3n de emisiones y secuestro de carbono.<\/p>\n<p><strong>Nuevo material: membrana molecular NCS:<\/strong><\/p>\n<p>Cuenta con funciones como impermeabilidad, permeabilidad a la humedad, esterilizaci\u00f3n y desodorizaci\u00f3n, que permiten proteger contra la lluvia y la nieve, evitar la emisi\u00f3n de olores al exterior y reducir la p\u00e9rdida de nitr\u00f3geno del esti\u00e9rcol.<\/p>\n<p><strong>Sistema de suministro de aire a baja presi\u00f3n:<\/strong><\/p>\n<p>El sistema de suministro de aire a micropresi\u00f3n consta de un ventilador de suministro, un conducto de suministro y un sistema de control computarizado. Se instalan conductos de suministro de aire a micropresi\u00f3n positiva y se exponen al ox\u00edgeno de forma intermitente durante 24 horas. El interior de la pila se encuentra en un estado de presi\u00f3n ligeramente positiva, lo que garantiza una distribuci\u00f3n uniforme del ox\u00edgeno, un contacto suficiente entre el aire y los materiales fermentados, evita la formaci\u00f3n de zonas anaer\u00f3bicas y logra un efecto de fermentaci\u00f3n uniforme y de buena calidad.<\/p>\n<p><strong>Sistema de control inteligente:<\/strong><\/p>\n<p>El sistema de control inteligente ajusta de forma inteligente el ritmo de suministro de aire a partir de los datos de temperatura que se transmiten desde la pila, lo que mantiene a esta en un estado \u00f3ptimo de fermentaci\u00f3n sin necesidad de supervisi\u00f3n manual; adem\u00e1s, todo el proceso se controla de forma inteligente.<\/p>\n<p><strong>F\u00f3rmula de mezcla de residuos:\u00a0<\/strong><\/p>\n<p>Consta de una rejilla filtrante, un tanque de recolecci\u00f3n y una v\u00e1lvula, y se utiliza para recoger las aguas residuales org\u00e1nicas generadas durante el proceso de fermentaci\u00f3n, lograr una r\u00e1pida eliminaci\u00f3n del agua, mantener un entorno de fermentaci\u00f3n seco e higi\u00e9nico, reducir el crecimiento bacteriano y prevenir la contaminaci\u00f3n secundaria a lo largo de todo el proceso de fermentaci\u00f3n. Contribuye al cumplimiento de las normas medioambientales y a la prevenci\u00f3n de epidemias animales en la granja de cr\u00eda.<\/p>\n<table>\n<tbody>\n<tr class=\"firstRow\">\n<td align=\"center\" valign=\"middle\" width=\"180\"><strong>Nuevos materiales<\/strong><\/td>\n<\/tr>\n<\/tbody>\n<\/table>\n<p>&nbsp;<\/p>\n<p><strong>Tras una rigurosa detecci\u00f3n de olores:<\/strong><\/p>\n<p>Tras las pruebas realizadas por expertos, todos los resultados cumplen con las normas medioambientales;<\/p>\n<p>El l\u00edmite de detecci\u00f3n de amon\u00edaco es: \u2264 1,0 mg\/m\u00b3<\/p>\n<p>Sulfuro de hidr\u00f3geno: ninguno<\/p>\n<p>Concentraci\u00f3n de olor: &lt;10 (sin dimensiones)<\/p>\n<p><strong>Investigaci\u00f3n y desarrollo de la tecnolog\u00eda de materiales de membrana NCS:<\/strong><\/p>\n<p>La membrana molecular inteligente NCS ha sido objeto de ocho generaciones de investigaci\u00f3n y desarrollo, y se han lanzado al mercado seis materiales de membrana para su aplicaci\u00f3n pr\u00e1ctica en distintos entornos.<\/p>\n<p>Se utilizan diferentes materiales de membrana seg\u00fan los distintos sustratos de fermentaci\u00f3n y las distintas regiones, y la fermentaci\u00f3n tambi\u00e9n puede llevarse a cabo con normalidad en regiones con temperaturas extremadamente fr\u00edas o calientes.<\/p>\n<p><strong>Material de membrana NCS de fabricaci\u00f3n propia:<\/strong><\/p>\n<p>Establecer una base de producci\u00f3n para el sistema inteligente de fermentaci\u00f3n con membranas moleculares de NCS, producir de forma independiente y controlar todo el proceso, desde la adquisici\u00f3n de materias primas, el desencolado de telas planas, el secado y el estirado, y la composici\u00f3n del material de la membrana hasta el moldeado del producto, logrando un alto grado de integraci\u00f3n entre el equipo y la tecnolog\u00eda.<\/p>\n<table>\n<tbody>\n<tr class=\"firstRow\">\n<td align=\"center\" valign=\"middle\" width=\"260\">&nbsp;<\/p>\n<p><strong>Comparaci\u00f3n t\u00e9cnica<\/strong><\/td>\n<\/tr>\n<\/tbody>\n<\/table>\n<table width=\"100%\">\n<tbody>\n<tr class=\"firstRow\">\n<td class=\"kso0\" align=\"center\" valign=\"middle\" width=\"233\"><\/td>\n<td class=\"kso1\" align=\"center\" valign=\"middle\" width=\"426\">Equipo de compostaje inteligente de NCS con membrana molecular<\/td>\n<td class=\"kso2\" align=\"center\" valign=\"middle\" width=\"246\">Tanque de fermentaci\u00f3n vertical<\/td>\n<td class=\"kso3\" align=\"center\" valign=\"middle\" width=\"281\">Remover el compost<\/td>\n<\/tr>\n<tr>\n<td class=\"kso4\" align=\"center\" valign=\"middle\" width=\"233\">\n<p dir=\"ltr\">Modo de funcionamiento<\/p>\n<\/td>\n<td class=\"kso5\" align=\"center\" valign=\"middle\" width=\"426\">Haz un mont\u00f3n de una vez,<\/p>\n<p>Exposici\u00f3n intermitente a microdosis de ox\u00edgeno<\/td>\n<td class=\"kso6\" align=\"center\" valign=\"middle\" width=\"246\">Agitaci\u00f3n continua,<\/p>\n<p>Aireaci\u00f3n intensa<\/td>\n<td class=\"kso7\" align=\"center\" valign=\"middle\" width=\"281\">Lanzamientos y volteretas cronometrados<\/td>\n<\/tr>\n<tr>\n<td class=\"kso8\" align=\"center\" valign=\"middle\" width=\"233\">\n<p dir=\"ltr\">En producci\u00f3n<\/p>\n<\/td>\n<td class=\"kso9\" align=\"center\" valign=\"middle\" width=\"426\">Al aire libre, cerrado<\/td>\n<td class=\"kso10\" align=\"center\" valign=\"middle\" width=\"246\">Sellado dentro del tanque<\/td>\n<td class=\"kso11\" align=\"center\" valign=\"middle\" width=\"281\">Construir una f\u00e1brica y ponerla en marcha<\/td>\n<\/tr>\n<tr>\n<td class=\"kso12\" align=\"center\" valign=\"middle\" width=\"233\">\n<p dir=\"ltr\">Efecto de seguridad<\/p>\n<\/td>\n<td class=\"kso13\" align=\"center\" valign=\"middle\" width=\"426\">Hasta 70 \u2103,<\/p>\n<p>Buen efecto de inactivaci\u00f3n sobre semillas de gram\u00edneas y pat\u00f3genos<\/td>\n<td class=\"kso14\" align=\"center\" valign=\"middle\" width=\"246\">Hasta 70 \u2103,<\/p>\n<p>Gran p\u00e9rdida de nitr\u00f3geno<\/td>\n<td class=\"kso15\" align=\"center\" valign=\"middle\" width=\"281\">Hasta 60 \u2103,<\/p>\n<p>Erradicaci\u00f3n incompleta de insectos y semillas de gram\u00edneas<\/td>\n<\/tr>\n<tr>\n<td class=\"kso16\" align=\"center\" valign=\"middle\" width=\"233\">\n<p dir=\"ltr\">Tiempo de fermentaci\u00f3n<\/p>\n<\/td>\n<td class=\"kso17\" align=\"center\" valign=\"middle\" width=\"426\">20 \u00b1 5 d\u00edas<\/td>\n<td class=\"kso18\" align=\"center\" valign=\"middle\" width=\"246\">15 d\u00edas<\/td>\n<td class=\"kso19\" align=\"center\" valign=\"middle\" width=\"281\">30-60 d\u00edas<\/td>\n<\/tr>\n<tr>\n<td class=\"kso20\" align=\"center\" valign=\"middle\" width=\"233\">\n<p dir=\"ltr\">Costo de procesamiento<\/p>\n<p dir=\"ltr\">(incluidos los materiales auxiliares)<\/p>\n<\/td>\n<td class=\"kso21\" align=\"center\" valign=\"middle\" width=\"426\">Alrededor de 120 \u00a5 por tonelada<\/td>\n<td class=\"kso22\" align=\"center\" valign=\"middle\" width=\"246\">Alrededor de 300 yuanes por tonelada<\/td>\n<td class=\"kso23\" align=\"center\" valign=\"middle\" width=\"281\">Alrededor de 200 yuanes por tonelada<\/td>\n<\/tr>\n<\/tbody>\n<\/table>\n<table>\n<tbody>\n<tr class=\"firstRow\">\n<td align=\"center\" valign=\"middle\" width=\"180\"><strong>Proceso de soluci\u00f3n<\/strong><\/td>\n<\/tr>\n<\/tbody>\n<\/table>\n<p><img decoding=\"async\" title=\"flujo.png\" src=\"https:\/\/en.zhonghaihuanjing.com\/uploads\/allimg\/20240827\/3-240RGF142M8.png\" alt=\"flujo.png\" width=\"100%\" height=\"\" border=\"0\" vspace=\"0\" \/><\/p>\n<table>\n<tbody>\n<tr class=\"firstRow\">\n<td align=\"center\" valign=\"middle\" width=\"260\"><strong>Par\u00e1metros t\u00e9cnicos<\/strong><\/td>\n<\/tr>\n<\/tbody>\n<\/table>\n<p><img decoding=\"async\" title=\"Volumen de procesamiento de NCS.png\" src=\"https:\/\/en.zhonghaihuanjing.com\/uploads\/allimg\/20240827\/3-240RGF15OK.png\" alt=\"Volumen de procesamiento de NCS.png\" width=\"100%\" height=\"\" border=\"0\" vspace=\"0\" \/><\/p>\n<table>\n<tbody>\n<tr class=\"firstRow\">\n<td align=\"center\" valign=\"middle\" width=\"260\"><strong>Ventajas del producto<\/strong><\/td>\n<\/tr>\n<\/tbody>\n<\/table>\n<p>&nbsp;<\/p>\n<p>&nbsp;<\/p>\n<p>\u00b7Ventaja 1: Reducci\u00f3n de los costos de inversi\u00f3n en un 70%. En comparaci\u00f3n con los m\u00e9todos de procesamiento tradicionales, la inversi\u00f3n total en equipos es baja, no se requiere una infraestructura a gran escala, no es necesario construir f\u00e1bricas y cuenta con una capacidad de procesamiento eficiente.<\/p>\n<p>\u00b7Ventaja 2: Reducci\u00f3n de los costos operativos en un 60%. Funcionamiento automatizado, sin necesidad de voltear, control inteligente, lo que permite ahorrar mano de obra y costos operativos.<\/p>\n<p>\u00b7Ventaja 3: Con un nivel de temperatura de hasta 971 \u00b0C, es capaz de eliminar plagas, enfermedades y huevos presentes en el material mediante el uso de altas temperaturas.<\/p>\n<p>\u00b7Ventaja 4: Buen efecto de barrera contra los olores, sin necesidad de construir naves industriales. Los materiales de pel\u00edcula funcional polim\u00e9rica bloquean la fuga de olores, reduciendo de manera efectiva la emisi\u00f3n de gases nocivos como el amon\u00edaco; son respetuosos con el medio ambiente e inodoros, y eliminan la contaminaci\u00f3n secundaria.<\/p>\n<p>\u00b7Ventaja 5: Control inteligente y manejo sencillo. Sistema de control inteligente que permite configurar los par\u00e1metros de fermentaci\u00f3n sin intervenci\u00f3n manual, con fermentaci\u00f3n autom\u00e1tica.<\/p>","protected":false},"excerpt":{"rendered":"<h2>Equipo de fermentaci\u00f3n aer\u00f3bica con membrana funcional<\/h2>\n<p>La tecnolog\u00eda de fermentaci\u00f3n con membrana molecular inteligente de NCS es una tecnolog\u00eda de tratamiento de residuos org\u00e1nicos que integra la membrana polim\u00e9rica NCS, sensores, tecnolog\u00eda de suministro de aire a baja presi\u00f3n, control inteligente, microorganismos y otras tecnolog\u00edas para la fermentaci\u00f3n y el compostaje. Es capaz de cumplir simult\u00e1neamente con los requisitos de protecci\u00f3n ambiental, aislamiento de olores, bajos costos de inversi\u00f3n y de operaci\u00f3n, control inteligente y satisfacci\u00f3n de la demanda del mercado, y desempe\u00f1a un papel importante en la reducci\u00f3n de emisiones y la fijaci\u00f3n de carbono.<\/p>","protected":false},"featured_media":1113,"comment_status":"open","ping_status":"closed","template":"","meta":[],"product_brand":[],"product_cat":[32],"product_tag":[],"class_list":{"0":"post-1070","1":"product","2":"type-product","3":"status-publish","4":"has-post-thumbnail","6":"product_cat-products","8":"first","9":"instock","10":"shipping-taxable","11":"product-type-simple"},"yoast_head":"<!-- This site is optimized with the Yoast SEO Premium plugin v25.5 (Yoast SEO v26.7) - https:\/\/yoast.com\/wordpress\/plugins\/seo\/ -->\n<title>NCS intelligent molecular membrane-covered composting equipment - Jiesonglin Technology<\/title>\n<meta name=\"robots\" content=\"index, follow, max-snippet:-1, max-image-preview:large, max-video-preview:-1\" \/>\n<link rel=\"canonical\" href=\"https:\/\/jiesonglin.com\/es\/zh\/product\/equipo-de-compostaje-con-membrana-molecular-inteligente-de-ncs\/\" \/>\n<meta property=\"og:locale\" content=\"es_ES\" \/>\n<meta property=\"og:type\" content=\"article\" \/>\n<meta property=\"og:title\" content=\"NCS intelligent molecular membrane-covered composting equipment\" \/>\n<meta property=\"og:description\" content=\"Functional membrane aerobic fermentation equipment NCS intelligent molecular membrane fermentation technology is an organic waste treatment technology that integrates NCS polymer membrane, sensors, micro pressure air supply technology, intelligent control, microorganisms and other technologies for fermentation and composting. It can simultaneously meet the requirements of environmental protection, odor isolation, low investment cost, low operating cost, intelligent control, meet market demand, and has a good role in reducing emissions and fixing carbon.\" \/>\n<meta property=\"og:url\" content=\"https:\/\/jiesonglin.com\/es\/zh\/product\/equipo-de-compostaje-con-membrana-molecular-inteligente-de-ncs\/\" \/>\n<meta property=\"og:site_name\" content=\"Jiesonglin Technology\" \/>\n<meta property=\"article:modified_time\" content=\"2025-07-15T07:37:44+00:00\" \/>\n<meta property=\"og:image\" content=\"https:\/\/jiesonglin.com\/wp-content\/uploads\/2025\/07\/\u56fe\u5c42-4_\u770b\u56fe\u738b-scaled.jpg\" \/>\n\t<meta property=\"og:image:width\" content=\"2560\" \/>\n\t<meta property=\"og:image:height\" content=\"1498\" \/>\n\t<meta property=\"og:image:type\" content=\"image\/jpeg\" \/>\n<meta name=\"twitter:card\" content=\"summary_large_image\" \/>\n<meta name=\"twitter:label1\" content=\"Est. reading time\" \/>\n\t<meta name=\"twitter:data1\" content=\"3 minutos\" \/>\n<script type=\"application\/ld+json\" class=\"yoast-schema-graph\">{\"@context\":\"https:\/\/schema.org\",\"@graph\":[{\"@type\":\"WebPage\",\"@id\":\"https:\/\/jiesonglin.com\/zh\/product\/ncs-intelligent-molecular-membrane-covered-composting-equipment\/\",\"url\":\"https:\/\/jiesonglin.com\/zh\/product\/ncs-intelligent-molecular-membrane-covered-composting-equipment\/\",\"name\":\"NCS intelligent molecular membrane-covered composting equipment - Jiesonglin Technology\",\"isPartOf\":{\"@id\":\"https:\/\/jiesonglin.com\/#website\"},\"primaryImageOfPage\":{\"@id\":\"https:\/\/jiesonglin.com\/zh\/product\/ncs-intelligent-molecular-membrane-covered-composting-equipment\/#primaryimage\"},\"image\":{\"@id\":\"https:\/\/jiesonglin.com\/zh\/product\/ncs-intelligent-molecular-membrane-covered-composting-equipment\/#primaryimage\"},\"thumbnailUrl\":\"https:\/\/jiesonglin.com\/wp-content\/uploads\/2025\/07\/\u56fe\u5c42-4_\u770b\u56fe\u738b-scaled.jpg\",\"datePublished\":\"2025-07-13T13:55:44+00:00\",\"dateModified\":\"2025-07-15T07:37:44+00:00\",\"breadcrumb\":{\"@id\":\"https:\/\/jiesonglin.com\/zh\/product\/ncs-intelligent-molecular-membrane-covered-composting-equipment\/#breadcrumb\"},\"inLanguage\":\"es-AR\",\"potentialAction\":[{\"@type\":\"ReadAction\",\"target\":[\"https:\/\/jiesonglin.com\/zh\/product\/ncs-intelligent-molecular-membrane-covered-composting-equipment\/\"]}]},{\"@type\":\"ImageObject\",\"inLanguage\":\"es-AR\",\"@id\":\"https:\/\/jiesonglin.com\/zh\/product\/ncs-intelligent-molecular-membrane-covered-composting-equipment\/#primaryimage\",\"url\":\"https:\/\/jiesonglin.com\/wp-content\/uploads\/2025\/07\/\u56fe\u5c42-4_\u770b\u56fe\u738b-scaled.jpg\",\"contentUrl\":\"https:\/\/jiesonglin.com\/wp-content\/uploads\/2025\/07\/\u56fe\u5c42-4_\u770b\u56fe\u738b-scaled.jpg\",\"width\":2560,\"height\":1498},{\"@type\":\"BreadcrumbList\",\"@id\":\"https:\/\/jiesonglin.com\/zh\/product\/ncs-intelligent-molecular-membrane-covered-composting-equipment\/#breadcrumb\",\"itemListElement\":[{\"@type\":\"ListItem\",\"position\":1,\"name\":\"Home\",\"item\":\"https:\/\/jiesonglin.com\/\"},{\"@type\":\"ListItem\",\"position\":2,\"name\":\"Products\",\"item\":\"https:\/\/jiesonglin.com\/shop\/\"},{\"@type\":\"ListItem\",\"position\":3,\"name\":\"NCS intelligent molecular membrane-covered composting equipment\"}]},{\"@type\":\"WebSite\",\"@id\":\"https:\/\/jiesonglin.com\/#website\",\"url\":\"https:\/\/jiesonglin.com\/\",\"name\":\"Jiesonglin Technology\",\"description\":\"Focus on turning organic waste into treasure\",\"publisher\":{\"@id\":\"https:\/\/jiesonglin.com\/#organization\"},\"potentialAction\":[{\"@type\":\"SearchAction\",\"target\":{\"@type\":\"EntryPoint\",\"urlTemplate\":\"https:\/\/jiesonglin.com\/?s={search_term_string}\"},\"query-input\":{\"@type\":\"PropertyValueSpecification\",\"valueRequired\":true,\"valueName\":\"search_term_string\"}}],\"inLanguage\":\"es-AR\"},{\"@type\":\"Organization\",\"@id\":\"https:\/\/jiesonglin.com\/#organization\",\"name\":\"Jiesonglin Technology\",\"url\":\"https:\/\/jiesonglin.com\/\",\"logo\":{\"@type\":\"ImageObject\",\"inLanguage\":\"es-AR\",\"@id\":\"https:\/\/jiesonglin.com\/#\/schema\/logo\/image\/\",\"url\":\"https:\/\/jiesonglin.com\/wp-content\/uploads\/2025\/07\/logo2.png\",\"contentUrl\":\"https:\/\/jiesonglin.com\/wp-content\/uploads\/2025\/07\/logo2.png\",\"width\":820,\"height\":189,\"caption\":\"Jiesonglin Technology\"},\"image\":{\"@id\":\"https:\/\/jiesonglin.com\/#\/schema\/logo\/image\/\"}}]}<\/script>\n<!-- \/ Yoast SEO Premium plugin. -->","yoast_head_json":{"title":"Equipo de compostaje inteligente con membrana molecular NCS - Jiesonglin Technology","robots":{"index":"index","follow":"follow","max-snippet":"max-snippet:-1","max-image-preview":"max-image-preview:large","max-video-preview":"max-video-preview:-1"},"canonical":"https:\/\/jiesonglin.com\/es\/zh\/product\/equipo-de-compostaje-con-membrana-molecular-inteligente-de-ncs\/","og_locale":"es_ES","og_type":"article","og_title":"NCS intelligent molecular membrane-covered composting equipment","og_description":"Functional membrane aerobic fermentation equipment NCS intelligent molecular membrane fermentation technology is an organic waste treatment technology that integrates NCS polymer membrane, sensors, micro pressure air supply technology, intelligent control, microorganisms and other technologies for fermentation and composting. It can simultaneously meet the requirements of environmental protection, odor isolation, low investment cost, low operating cost, intelligent control, meet market demand, and has a good role in reducing emissions and fixing carbon.","og_url":"https:\/\/jiesonglin.com\/es\/zh\/product\/equipo-de-compostaje-con-membrana-molecular-inteligente-de-ncs\/","og_site_name":"Jiesonglin Technology","article_modified_time":"2025-07-15T07:37:44+00:00","og_image":[{"width":2560,"height":1498,"url":"https:\/\/jiesonglin.com\/wp-content\/uploads\/2025\/07\/\u56fe\u5c42-4_\u770b\u56fe\u738b-scaled.jpg","type":"image\/jpeg"}],"twitter_card":"summary_large_image","twitter_misc":{"Est. reading time":"3 minutos"},"schema":{"@context":"https:\/\/schema.org","@graph":[{"@type":"WebPage","@id":"https:\/\/jiesonglin.com\/zh\/product\/ncs-intelligent-molecular-membrane-covered-composting-equipment\/","url":"https:\/\/jiesonglin.com\/zh\/product\/ncs-intelligent-molecular-membrane-covered-composting-equipment\/","name":"Equipo de compostaje inteligente con membrana molecular NCS - Jiesonglin Technology","isPartOf":{"@id":"https:\/\/jiesonglin.com\/#website"},"primaryImageOfPage":{"@id":"https:\/\/jiesonglin.com\/zh\/product\/ncs-intelligent-molecular-membrane-covered-composting-equipment\/#primaryimage"},"image":{"@id":"https:\/\/jiesonglin.com\/zh\/product\/ncs-intelligent-molecular-membrane-covered-composting-equipment\/#primaryimage"},"thumbnailUrl":"https:\/\/jiesonglin.com\/wp-content\/uploads\/2025\/07\/\u56fe\u5c42-4_\u770b\u56fe\u738b-scaled.jpg","datePublished":"2025-07-13T13:55:44+00:00","dateModified":"2025-07-15T07:37:44+00:00","breadcrumb":{"@id":"https:\/\/jiesonglin.com\/zh\/product\/ncs-intelligent-molecular-membrane-covered-composting-equipment\/#breadcrumb"},"inLanguage":"es-AR","potentialAction":[{"@type":"ReadAction","target":["https:\/\/jiesonglin.com\/zh\/product\/ncs-intelligent-molecular-membrane-covered-composting-equipment\/"]}]},{"@type":"ImageObject","inLanguage":"es-AR","@id":"https:\/\/jiesonglin.com\/zh\/product\/ncs-intelligent-molecular-membrane-covered-composting-equipment\/#primaryimage","url":"https:\/\/jiesonglin.com\/wp-content\/uploads\/2025\/07\/\u56fe\u5c42-4_\u770b\u56fe\u738b-scaled.jpg","contentUrl":"https:\/\/jiesonglin.com\/wp-content\/uploads\/2025\/07\/\u56fe\u5c42-4_\u770b\u56fe\u738b-scaled.jpg","width":2560,"height":1498},{"@type":"BreadcrumbList","@id":"https:\/\/jiesonglin.com\/zh\/product\/ncs-intelligent-molecular-membrane-covered-composting-equipment\/#breadcrumb","itemListElement":[{"@type":"ListItem","position":1,"name":"Home","item":"https:\/\/jiesonglin.com\/"},{"@type":"ListItem","position":2,"name":"Products","item":"https:\/\/jiesonglin.com\/shop\/"},{"@type":"ListItem","position":3,"name":"NCS intelligent molecular membrane-covered composting equipment"}]},{"@type":"WebSite","@id":"https:\/\/jiesonglin.com\/#website","url":"https:\/\/jiesonglin.com\/","name":"Jiesonglin Technology","description":"El objetivo es convertir los residuos org\u00e1nicos en un recurso valioso","publisher":{"@id":"https:\/\/jiesonglin.com\/#organization"},"potentialAction":[{"@type":"SearchAction","target":{"@type":"EntryPoint","urlTemplate":"https:\/\/jiesonglin.com\/?s={search_term_string}"},"query-input":{"@type":"PropertyValueSpecification","valueRequired":true,"valueName":"search_term_string"}}],"inLanguage":"es-AR"},{"@type":"Organization","@id":"https:\/\/jiesonglin.com\/#organization","name":"Jiesonglin Technology","url":"https:\/\/jiesonglin.com\/","logo":{"@type":"ImageObject","inLanguage":"es-AR","@id":"https:\/\/jiesonglin.com\/#\/schema\/logo\/image\/","url":"https:\/\/jiesonglin.com\/wp-content\/uploads\/2025\/07\/logo2.png","contentUrl":"https:\/\/jiesonglin.com\/wp-content\/uploads\/2025\/07\/logo2.png","width":820,"height":189,"caption":"Jiesonglin Technology"},"image":{"@id":"https:\/\/jiesonglin.com\/#\/schema\/logo\/image\/"}}]}},"acf":[],"_links":{"self":[{"href":"https:\/\/jiesonglin.com\/es\/wp-json\/wp\/v2\/product\/1070","targetHints":{"allow":["GET"]}}],"collection":[{"href":"https:\/\/jiesonglin.com\/es\/wp-json\/wp\/v2\/product"}],"about":[{"href":"https:\/\/jiesonglin.com\/es\/wp-json\/wp\/v2\/types\/product"}],"replies":[{"embeddable":true,"href":"https:\/\/jiesonglin.com\/es\/wp-json\/wp\/v2\/comments?post=1070"}],"wp:featuredmedia":[{"embeddable":true,"href":"https:\/\/jiesonglin.com\/es\/wp-json\/wp\/v2\/media\/1113"}],"wp:attachment":[{"href":"https:\/\/jiesonglin.com\/es\/wp-json\/wp\/v2\/media?parent=1070"}],"wp:term":[{"taxonomy":"product_brand","embeddable":true,"href":"https:\/\/jiesonglin.com\/es\/wp-json\/wp\/v2\/product_brand?post=1070"},{"taxonomy":"product_cat","embeddable":true,"href":"https:\/\/jiesonglin.com\/es\/wp-json\/wp\/v2\/product_cat?post=1070"},{"taxonomy":"product_tag","embeddable":true,"href":"https:\/\/jiesonglin.com\/es\/wp-json\/wp\/v2\/product_tag?post=1070"}],"curies":[{"name":"wp","href":"https:\/\/api.w.org\/{rel}","templated":true}]}}