{"id":1077,"date":"2025-07-13T14:26:57","date_gmt":"2025-07-13T14:26:57","guid":{"rendered":"https:\/\/jiesonglin.com\/?post_type=product&#038;p=1077"},"modified":"2025-10-24T05:46:28","modified_gmt":"2025-10-24T05:46:28","slug":"contenedor-de-compostaje-ecologico-ecs","status":"publish","type":"product","link":"https:\/\/jiesonglin.com\/es\/product\/ecs-environmental-composting-bin\/","title":{"rendered":"Contenedor de compostaje ecol\u00f3gico ECS"},"content":{"rendered":"<p><strong>Contenedor de compostaje ecol\u00f3gico ECS\u00a0<\/strong><\/p>\n<p>&nbsp;<\/p>\n<table>\n<tbody>\n<tr class=\"firstRow\">\n<td align=\"center\" valign=\"middle\" width=\"180\"><strong>Proceso de soluci\u00f3n<\/strong><\/td>\n<\/tr>\n<\/tbody>\n<\/table>\n<p><img decoding=\"async\" title=\"Tipos.png\" src=\"https:\/\/en.zhonghaihuanjing.com\/uploads\/allimg\/20240827\/3-240RGF019349.png\" alt=\"Tipos.png\" width=\"100%\" height=\"\" border=\"0\" vspace=\"0\" \/><\/p>\n<table>\n<tbody>\n<tr class=\"firstRow\">\n<td align=\"center\" valign=\"middle\" width=\"300\"><strong>Composici\u00f3n del producto terminado<\/strong><\/td>\n<\/tr>\n<\/tbody>\n<\/table>\n<p>&nbsp;<\/p>\n<p><strong>Equipo principal:\u00a0<\/strong>La carcasa del equipo se divide en dos tipos: de material PP y de acero al carbono, que son resistentes a la corrosi\u00f3n y a la humedad, y cuentan con funci\u00f3n aislante.<\/p>\n<p><strong>Membrana molecular inteligente NCS:\u00a0<\/strong>El material de membrana funcional que recubre la parte superior es un material de membrana de e-PTFE especializado con microporos dise\u00f1ados espec\u00edficamente. Al aprovechar su permeabilidad selectiva, el vapor de agua y el di\u00f3xido de carbono generados durante la fermentaci\u00f3n pueden difundirse a trav\u00e9s de la estructura microporosa de la membrana funcional, mientras que el agua l\u00edquida externa (agua de lluvia, agua de nieve) no puede penetrar en la membrana. Mediante la ventilaci\u00f3n activa, se forma una cavidad interna con micropresi\u00f3n positiva dentro de la c\u00e1mara de fermentaci\u00f3n, lo que mantiene el equilibrio del flujo de aire dentro y fuera de la caja de fermentaci\u00f3n, logrando un ambiente clim\u00e1tico relativamente constante, asegurando que la fermentaci\u00f3n aer\u00f3bica se desarrolle de manera m\u00e1s completa y exhaustiva, y que los microorganismos pat\u00f3genos sean eliminados de manera efectiva; Las sustancias odor\u00edferas generadas durante la fermentaci\u00f3n, como el amon\u00edaco, pueden disolverse en el vapor de agua dentro de la membrana y condensarse en la pila, lo que reduce eficazmente las emisiones de olores y la p\u00e9rdida de nitr\u00f3geno, y ayuda a mejorar el contenido de nitr\u00f3geno de los fertilizantes org\u00e1nicos y la calidad del compost.<\/p>\n<p><strong>Sistema de suministro de aire a baja presi\u00f3n:<\/strong>\u00a0Mediante el c\u00e1lculo cient\u00edfico de f\u00f3rmulas y par\u00e1metros t\u00e9cnicos exhaustivos, como la resistencia de la membrana, el tama\u00f1o de la pila y las propiedades de los materiales, se dise\u00f1an ventiladores, conexiones de tuber\u00edas, la disposici\u00f3n de los orificios de aire y la configuraci\u00f3n del volumen de aire a fin de satisfacer el suministro de ox\u00edgeno necesario para la fermentaci\u00f3n aer\u00f3bica de las distintas pilas.<\/p>\n<p><strong>Sistema de recogida de lixiviados:<\/strong>\u00a0Consta de tamices de filtraci\u00f3n, tanques de recolecci\u00f3n y v\u00e1lvulas, y se utiliza para recoger las aguas residuales org\u00e1nicas generadas durante el proceso de fermentaci\u00f3n, lograr una r\u00e1pida eliminaci\u00f3n del agua, mantener un entorno de fermentaci\u00f3n seco e higi\u00e9nico, reducir el crecimiento bacteriano y prevenir la contaminaci\u00f3n secundaria durante todo el proceso de fermentaci\u00f3n. Contribuye al cumplimiento de las normas medioambientales y a la prevenci\u00f3n de epidemias animales en la granja de cr\u00eda.<\/p>\n<p><strong>Sistema de control inteligente:<\/strong>\u00a0Recopilaci\u00f3n en tiempo real de par\u00e1metros ambientales como la temperatura, la humedad, la concentraci\u00f3n de ox\u00edgeno y el valor del pH, as\u00ed como el color y el olor del material de fermentaci\u00f3n y otra informaci\u00f3n, mediante dispositivos sensores, lo que permite crear una amplia base de datos de factores que afectan a la pila de fermentaci\u00f3n y una plataforma de control del procesamiento; al adoptar un sistema de control PLC, la aplicaci\u00f3n m\u00f3vil de configuraci\u00f3n en la nube puede integrarse con el sistema de control autom\u00e1tico in situ y los terminales de los equipos. Los datos de monitoreo en tiempo real, combinados con la orientaci\u00f3n remota de expertos, pueden utilizarse para controlar de forma remota los equipos y lograr un funcionamiento no tripulado las 24 horas. Se puede lograr el ajuste en tiempo real de los par\u00e1metros de funcionamiento de los equipos para lograr un control inteligente y automatizado del proceso de fermentaci\u00f3n, reduciendo el costo de mano de obra de los equipos que requieren un funcionamiento continuo o intermitente.<\/p>\n<table>\n<tbody>\n<tr class=\"firstRow\">\n<td align=\"center\" valign=\"middle\" width=\"180\"><strong>Proceso de soluci\u00f3n<\/strong><\/td>\n<\/tr>\n<\/tbody>\n<\/table>\n<p><img decoding=\"async\" title=\"flujo.png\" src=\"https:\/\/en.zhonghaihuanjing.com\/uploads\/allimg\/20240827\/3-240RGF0334W.png\" alt=\"flujo.png\" width=\"100%\" height=\"\" border=\"0\" vspace=\"0\" \/><\/p>\n<table>\n<tbody>\n<tr class=\"firstRow\">\n<td align=\"center\" valign=\"middle\" width=\"220\"><strong>Par\u00e1metros t\u00e9cnicos<\/strong><\/td>\n<\/tr>\n<\/tbody>\n<\/table>\n<p><img decoding=\"async\" title=\"Capacidad de procesamiento de ECS.png\" src=\"https:\/\/en.zhonghaihuanjing.com\/uploads\/allimg\/20240827\/3-240RGF0462W.png\" alt=\"Capacidad de procesamiento de ECS.png\" width=\"100%\" height=\"\" border=\"0\" vspace=\"0\" \/><\/p>\n<table>\n<tbody>\n<tr class=\"firstRow\">\n<td align=\"center\" valign=\"middle\" width=\"220\"><strong>Ventajas del producto<\/strong><\/td>\n<\/tr>\n<\/tbody>\n<\/table>\n<p>&nbsp;<\/p>\n<p><strong>\u00b7No requiere obras de ingenier\u00eda civil:\u00a0<\/strong>El funcionamiento al aire libre no requiere la construcci\u00f3n de una nave industrial.<\/p>\n<p><strong>\u00b7Protecci\u00f3n del medio ambiente y aislamiento de olores:\u00a0<\/strong>El entorno de fermentaci\u00f3n est\u00e1 sellado y aislado, es resistente a la corrosi\u00f3n y a la humedad, robusto y duradero, y cuenta con tres capas de material laminado para proteger el medio ambiente y aislar los olores.<\/p>\n<p><strong>\u00b7Flexible y m\u00f3vil:<\/strong>\u00a0Dise\u00f1o integrado, no requiere instalaci\u00f3n, lo que ahorra tiempo y esfuerzo.<\/p>\n<p><strong>\u00b7Funcionamiento totalmente automatizado:\u00a0<\/strong>No es necesario remover, fermentaci\u00f3n est\u00e1tica, no requiere intervenci\u00f3n manual.<\/p>\n<p><strong>\u00b7Buen efecto de fermentaci\u00f3n:\u00a0<\/strong>Buen rendimiento de la fermentaci\u00f3n, alto contenido de nitr\u00f3geno y aprovechamiento de los recursos.<\/p>\n<p><strong>\u00b7Bajo costo de inversi\u00f3n:\u00a0<\/strong>Bajo costo de los equipos, no es necesario dar la vuelta a los productos, control inteligente, ahorro de mano de obra.<\/p>\n<p><strong>\u00b7Equipado con una capa aislante especial:\u00a0<\/strong>una capa aislante especial que alcanza r\u00e1pidamente la temperatura de fermentaci\u00f3n.<\/p>\n<p><strong>\u00b7Amplia aplicabilidad:\u00a0<\/strong>Apto para residuos org\u00e1nicos como esti\u00e9rcol de ganado y aves de corral, residuos de cocina, paja, verduras, lodos org\u00e1nicos y residuos de jard\u00edn.<\/p>\n<div class=\"simg-pop-btn\" style=\"top: 1123.92px; left: 14px; display: none;\"><\/div>\n<div class=\"simg-pop-btn\" style=\"top: 1123.92px; left: 14px; display: none;\"><\/div>\n<div class=\"simg-pop-btn\" style=\"top: 1819.83px; left: 14px; display: none;\"><\/div>\n<div class=\"simg-pop-btn\" style=\"top: 1819.83px; left: 14px; display: none;\"><\/div>\n<div class=\"simg-pop-btn\" style=\"top: 160px; left: 14px; display: none;\"><\/div>\n<div class=\"simg-pop-btn\" style=\"top: 160px; left: 14px; display: none;\"><\/div>","protected":false},"excerpt":{"rendered":"<h2>Equipos de fermentaci\u00f3n aer\u00f3bica a peque\u00f1a escala<\/h2>\n<p>La caja de compostaje inteligente con membrana ECS es un equipo de almacenamiento y fermentaci\u00f3n de esti\u00e9rcol a peque\u00f1a escala desarrollado de forma independiente por Jiesonglin Tech para el tratamiento del esti\u00e9rcol generado por granjas ganaderas de peque\u00f1o tama\u00f1o y agricultores individuales. Este equipo tecnol\u00f3gico resuelve de manera eficaz los problemas del sector, como la presencia de numerosas granjas ganaderas de peque\u00f1o tama\u00f1o, la dispersi\u00f3n de las ubicaciones de las granjas y la falta generalizada de instalaciones de protecci\u00f3n ambiental; su tecnolog\u00eda central es una derivaci\u00f3n y un avance de la tecnolog\u00eda de compostaje cubierto con pel\u00edcula molecular inteligente NCS.<\/p>","protected":false},"featured_media":1080,"comment_status":"open","ping_status":"closed","template":"","meta":[],"product_brand":[],"product_cat":[32],"product_tag":[],"class_list":{"0":"post-1077","1":"product","2":"type-product","3":"status-publish","4":"has-post-thumbnail","6":"product_cat-products","8":"first","9":"instock","10":"shipping-taxable","11":"product-type-simple"},"yoast_head":"<!-- This site is optimized with the Yoast SEO Premium plugin v25.5 (Yoast SEO v26.7) - https:\/\/yoast.com\/wordpress\/plugins\/seo\/ -->\n<title>ECS environmental composting bin - Jiesonglin Technology<\/title>\n<meta name=\"robots\" content=\"index, follow, max-snippet:-1, max-image-preview:large, max-video-preview:-1\" \/>\n<link rel=\"canonical\" href=\"https:\/\/jiesonglin.com\/es\/product\/contenedor-de-compostaje-ecologico-ecs\/\" \/>\n<meta property=\"og:locale\" content=\"es_ES\" \/>\n<meta property=\"og:type\" content=\"article\" \/>\n<meta property=\"og:title\" content=\"ECS environmental composting bin\" \/>\n<meta property=\"og:description\" content=\"Small scale aerobic fermentation equipment The ECS membrane intelligent composting box is a small-scale manure storage and composting fermentation equipment independently developed by Jiesonglin Tech for the treatment of manure generated by small-scale breeding farms and individual farmers. This technology equipment effectively solves the industry problems of many small-scale breeding farms, scattered breeding farm locations, and generally incomplete environmental protection facilities; Its core technology is the derivative and breakthrough of NCS intelligent molecular film covered composting technology.\" \/>\n<meta property=\"og:url\" content=\"https:\/\/jiesonglin.com\/es\/product\/contenedor-de-compostaje-ecologico-ecs\/\" \/>\n<meta property=\"og:site_name\" content=\"Jiesonglin Technology\" \/>\n<meta property=\"article:modified_time\" content=\"2025-10-24T05:46:28+00:00\" \/>\n<meta property=\"og:image\" content=\"https:\/\/jiesonglin.com\/wp-content\/uploads\/2025\/07\/\u5806\u80a5\u7bb1.jpg\" \/>\n\t<meta property=\"og:image:width\" content=\"1969\" \/>\n\t<meta property=\"og:image:height\" content=\"1183\" \/>\n\t<meta property=\"og:image:type\" content=\"image\/jpeg\" \/>\n<meta name=\"twitter:card\" content=\"summary_large_image\" \/>\n<meta name=\"twitter:label1\" content=\"Est. reading time\" \/>\n\t<meta name=\"twitter:data1\" content=\"4 minutos\" \/>\n<script type=\"application\/ld+json\" class=\"yoast-schema-graph\">{\"@context\":\"https:\/\/schema.org\",\"@graph\":[{\"@type\":\"WebPage\",\"@id\":\"https:\/\/jiesonglin.com\/product\/ecs-environmental-composting-bin\/\",\"url\":\"https:\/\/jiesonglin.com\/product\/ecs-environmental-composting-bin\/\",\"name\":\"ECS environmental composting bin - Jiesonglin Technology\",\"isPartOf\":{\"@id\":\"https:\/\/jiesonglin.com\/#website\"},\"primaryImageOfPage\":{\"@id\":\"https:\/\/jiesonglin.com\/product\/ecs-environmental-composting-bin\/#primaryimage\"},\"image\":{\"@id\":\"https:\/\/jiesonglin.com\/product\/ecs-environmental-composting-bin\/#primaryimage\"},\"thumbnailUrl\":\"https:\/\/jiesonglin.com\/wp-content\/uploads\/2025\/07\/\u5806\u80a5\u7bb1.jpg\",\"datePublished\":\"2025-07-13T14:26:57+00:00\",\"dateModified\":\"2025-10-24T05:46:28+00:00\",\"breadcrumb\":{\"@id\":\"https:\/\/jiesonglin.com\/product\/ecs-environmental-composting-bin\/#breadcrumb\"},\"inLanguage\":\"es-AR\",\"potentialAction\":[{\"@type\":\"ReadAction\",\"target\":[\"https:\/\/jiesonglin.com\/product\/ecs-environmental-composting-bin\/\"]}]},{\"@type\":\"ImageObject\",\"inLanguage\":\"es-AR\",\"@id\":\"https:\/\/jiesonglin.com\/product\/ecs-environmental-composting-bin\/#primaryimage\",\"url\":\"https:\/\/jiesonglin.com\/wp-content\/uploads\/2025\/07\/\u5806\u80a5\u7bb1.jpg\",\"contentUrl\":\"https:\/\/jiesonglin.com\/wp-content\/uploads\/2025\/07\/\u5806\u80a5\u7bb1.jpg\",\"width\":1969,\"height\":1183},{\"@type\":\"BreadcrumbList\",\"@id\":\"https:\/\/jiesonglin.com\/product\/ecs-environmental-composting-bin\/#breadcrumb\",\"itemListElement\":[{\"@type\":\"ListItem\",\"position\":1,\"name\":\"Home\",\"item\":\"https:\/\/jiesonglin.com\/\"},{\"@type\":\"ListItem\",\"position\":2,\"name\":\"Products\",\"item\":\"https:\/\/jiesonglin.com\/shop\/\"},{\"@type\":\"ListItem\",\"position\":3,\"name\":\"ECS environmental composting bin\"}]},{\"@type\":\"WebSite\",\"@id\":\"https:\/\/jiesonglin.com\/#website\",\"url\":\"https:\/\/jiesonglin.com\/\",\"name\":\"Jiesonglin Technology\",\"description\":\"Focus on turning organic waste into treasure\",\"publisher\":{\"@id\":\"https:\/\/jiesonglin.com\/#organization\"},\"potentialAction\":[{\"@type\":\"SearchAction\",\"target\":{\"@type\":\"EntryPoint\",\"urlTemplate\":\"https:\/\/jiesonglin.com\/?s={search_term_string}\"},\"query-input\":{\"@type\":\"PropertyValueSpecification\",\"valueRequired\":true,\"valueName\":\"search_term_string\"}}],\"inLanguage\":\"es-AR\"},{\"@type\":\"Organization\",\"@id\":\"https:\/\/jiesonglin.com\/#organization\",\"name\":\"Jiesonglin Technology\",\"url\":\"https:\/\/jiesonglin.com\/\",\"logo\":{\"@type\":\"ImageObject\",\"inLanguage\":\"es-AR\",\"@id\":\"https:\/\/jiesonglin.com\/#\/schema\/logo\/image\/\",\"url\":\"https:\/\/jiesonglin.com\/wp-content\/uploads\/2025\/07\/logo2.png\",\"contentUrl\":\"https:\/\/jiesonglin.com\/wp-content\/uploads\/2025\/07\/logo2.png\",\"width\":820,\"height\":189,\"caption\":\"Jiesonglin Technology\"},\"image\":{\"@id\":\"https:\/\/jiesonglin.com\/#\/schema\/logo\/image\/\"}}]}<\/script>\n<!-- \/ Yoast SEO Premium plugin. -->","yoast_head_json":{"title":"Contenedor de compostaje ecol\u00f3gico ECS - Jiesonglin Technology","robots":{"index":"index","follow":"follow","max-snippet":"max-snippet:-1","max-image-preview":"max-image-preview:large","max-video-preview":"max-video-preview:-1"},"canonical":"https:\/\/jiesonglin.com\/es\/product\/contenedor-de-compostaje-ecologico-ecs\/","og_locale":"es_ES","og_type":"article","og_title":"ECS environmental composting bin","og_description":"Small scale aerobic fermentation equipment The ECS membrane intelligent composting box is a small-scale manure storage and composting fermentation equipment independently developed by Jiesonglin Tech for the treatment of manure generated by small-scale breeding farms and individual farmers. This technology equipment effectively solves the industry problems of many small-scale breeding farms, scattered breeding farm locations, and generally incomplete environmental protection facilities; Its core technology is the derivative and breakthrough of NCS intelligent molecular film covered composting technology.","og_url":"https:\/\/jiesonglin.com\/es\/product\/contenedor-de-compostaje-ecologico-ecs\/","og_site_name":"Jiesonglin Technology","article_modified_time":"2025-10-24T05:46:28+00:00","og_image":[{"width":1969,"height":1183,"url":"https:\/\/jiesonglin.com\/wp-content\/uploads\/2025\/07\/\u5806\u80a5\u7bb1.jpg","type":"image\/jpeg"}],"twitter_card":"summary_large_image","twitter_misc":{"Est. reading time":"4 minutos"},"schema":{"@context":"https:\/\/schema.org","@graph":[{"@type":"WebPage","@id":"https:\/\/jiesonglin.com\/product\/ecs-environmental-composting-bin\/","url":"https:\/\/jiesonglin.com\/product\/ecs-environmental-composting-bin\/","name":"Contenedor de compostaje ecol\u00f3gico ECS - Jiesonglin Technology","isPartOf":{"@id":"https:\/\/jiesonglin.com\/#website"},"primaryImageOfPage":{"@id":"https:\/\/jiesonglin.com\/product\/ecs-environmental-composting-bin\/#primaryimage"},"image":{"@id":"https:\/\/jiesonglin.com\/product\/ecs-environmental-composting-bin\/#primaryimage"},"thumbnailUrl":"https:\/\/jiesonglin.com\/wp-content\/uploads\/2025\/07\/\u5806\u80a5\u7bb1.jpg","datePublished":"2025-07-13T14:26:57+00:00","dateModified":"2025-10-24T05:46:28+00:00","breadcrumb":{"@id":"https:\/\/jiesonglin.com\/product\/ecs-environmental-composting-bin\/#breadcrumb"},"inLanguage":"es-AR","potentialAction":[{"@type":"ReadAction","target":["https:\/\/jiesonglin.com\/product\/ecs-environmental-composting-bin\/"]}]},{"@type":"ImageObject","inLanguage":"es-AR","@id":"https:\/\/jiesonglin.com\/product\/ecs-environmental-composting-bin\/#primaryimage","url":"https:\/\/jiesonglin.com\/wp-content\/uploads\/2025\/07\/\u5806\u80a5\u7bb1.jpg","contentUrl":"https:\/\/jiesonglin.com\/wp-content\/uploads\/2025\/07\/\u5806\u80a5\u7bb1.jpg","width":1969,"height":1183},{"@type":"BreadcrumbList","@id":"https:\/\/jiesonglin.com\/product\/ecs-environmental-composting-bin\/#breadcrumb","itemListElement":[{"@type":"ListItem","position":1,"name":"Home","item":"https:\/\/jiesonglin.com\/"},{"@type":"ListItem","position":2,"name":"Products","item":"https:\/\/jiesonglin.com\/shop\/"},{"@type":"ListItem","position":3,"name":"ECS environmental composting bin"}]},{"@type":"WebSite","@id":"https:\/\/jiesonglin.com\/#website","url":"https:\/\/jiesonglin.com\/","name":"Jiesonglin Technology","description":"El objetivo es convertir los residuos org\u00e1nicos en un recurso valioso","publisher":{"@id":"https:\/\/jiesonglin.com\/#organization"},"potentialAction":[{"@type":"SearchAction","target":{"@type":"EntryPoint","urlTemplate":"https:\/\/jiesonglin.com\/?s={search_term_string}"},"query-input":{"@type":"PropertyValueSpecification","valueRequired":true,"valueName":"search_term_string"}}],"inLanguage":"es-AR"},{"@type":"Organization","@id":"https:\/\/jiesonglin.com\/#organization","name":"Jiesonglin Technology","url":"https:\/\/jiesonglin.com\/","logo":{"@type":"ImageObject","inLanguage":"es-AR","@id":"https:\/\/jiesonglin.com\/#\/schema\/logo\/image\/","url":"https:\/\/jiesonglin.com\/wp-content\/uploads\/2025\/07\/logo2.png","contentUrl":"https:\/\/jiesonglin.com\/wp-content\/uploads\/2025\/07\/logo2.png","width":820,"height":189,"caption":"Jiesonglin Technology"},"image":{"@id":"https:\/\/jiesonglin.com\/#\/schema\/logo\/image\/"}}]}},"acf":[],"_links":{"self":[{"href":"https:\/\/jiesonglin.com\/es\/wp-json\/wp\/v2\/product\/1077","targetHints":{"allow":["GET"]}}],"collection":[{"href":"https:\/\/jiesonglin.com\/es\/wp-json\/wp\/v2\/product"}],"about":[{"href":"https:\/\/jiesonglin.com\/es\/wp-json\/wp\/v2\/types\/product"}],"replies":[{"embeddable":true,"href":"https:\/\/jiesonglin.com\/es\/wp-json\/wp\/v2\/comments?post=1077"}],"wp:featuredmedia":[{"embeddable":true,"href":"https:\/\/jiesonglin.com\/es\/wp-json\/wp\/v2\/media\/1080"}],"wp:attachment":[{"href":"https:\/\/jiesonglin.com\/es\/wp-json\/wp\/v2\/media?parent=1077"}],"wp:term":[{"taxonomy":"product_brand","embeddable":true,"href":"https:\/\/jiesonglin.com\/es\/wp-json\/wp\/v2\/product_brand?post=1077"},{"taxonomy":"product_cat","embeddable":true,"href":"https:\/\/jiesonglin.com\/es\/wp-json\/wp\/v2\/product_cat?post=1077"},{"taxonomy":"product_tag","embeddable":true,"href":"https:\/\/jiesonglin.com\/es\/wp-json\/wp\/v2\/product_tag?post=1077"}],"curies":[{"name":"wp","href":"https:\/\/api.w.org\/{rel}","templated":true}]}}