{"id":1081,"date":"2025-07-13T14:30:43","date_gmt":"2025-07-13T14:30:43","guid":{"rendered":"https:\/\/jiesonglin.com\/?post_type=product&#038;p=1081"},"modified":"2025-07-15T15:29:19","modified_gmt":"2025-07-15T15:29:19","slug":"taller-sobre-compostaje-con-membrana-inodora-de-pmc-mobile","status":"publish","type":"product","link":"https:\/\/jiesonglin.com\/es\/product\/pmc-mobile-odorless-membrane-composting-workshop\/","title":{"rendered":"Taller sobre compostaje con membrana sin olores de PMC Mobile"},"content":{"rendered":"<p><strong>Taller sobre compostaje con membrana sin olores de PMC Mobile<\/strong><\/p>\n<table>\n<tbody>\n<tr class=\"firstRow\">\n<td align=\"center\" valign=\"middle\" width=\"280\"><strong>Presentaci\u00f3n del equipo<\/strong><\/td>\n<\/tr>\n<\/tbody>\n<\/table>\n<p>El taller m\u00f3vil de compostaje con pel\u00edcula sin olores de PMC combina lo mejor de la tecnolog\u00eda de fermentaci\u00f3n de compostaje con pel\u00edcula molecular y el dise\u00f1o de equipos. Esta serie de equipos no solo simplifica el proceso de instalaci\u00f3n in situ, sino que tambi\u00e9n reduce considerablemente el tiempo de construcci\u00f3n. Se caracteriza por ser un equipo integral que no requiere obras de ingenier\u00eda civil, ni la compactaci\u00f3n del terreno ni la construcci\u00f3n de tanques complejos. Con solo transportar el equipo al lugar designado, se puede poner en funcionamiento r\u00e1pidamente, lo que mejora en gran medida la eficiencia de la construcci\u00f3n del proyecto y aporta una comodidad y eficiencia sin precedentes al campo de la fermentaci\u00f3n de compostaje.<\/p>\n<table>\n<tbody>\n<tr class=\"firstRow\">\n<td align=\"center\" valign=\"middle\" width=\"200\"><strong>Proceso de soluci\u00f3n<\/strong><\/td>\n<\/tr>\n<\/tbody>\n<\/table>\n<p><img decoding=\"async\" title=\"Proceso de construcci\u00f3n.png\" src=\"https:\/\/en.zhonghaihuanjing.com\/uploads\/allimg\/20240827\/3-240RGF2311J.png\" alt=\"Proceso de construcci\u00f3n.png\" width=\"100%\" height=\"\" border=\"0\" vspace=\"0\" \/><\/p>\n<table>\n<tbody>\n<tr class=\"firstRow\">\n<td align=\"center\" valign=\"middle\" width=\"220\"><strong>Par\u00e1metros t\u00e9cnicos<\/strong><\/td>\n<\/tr>\n<\/tbody>\n<\/table>\n<p><img decoding=\"async\" title=\"Capacidad de procesamiento.png\" src=\"https:\/\/en.zhonghaihuanjing.com\/uploads\/allimg\/20240827\/3-240RGF249201.png\" alt=\"Capacidad de procesamiento.png\" width=\"100%\" height=\"\" border=\"0\" vspace=\"0\" \/><\/p>\n<table>\n<tbody>\n<tr class=\"firstRow\">\n<td align=\"center\" valign=\"middle\" width=\"220\"><strong>Ventajas del producto<\/strong><\/td>\n<\/tr>\n<\/tbody>\n<\/table>\n<p><strong>\u00b7Totalmente equipado:<\/strong>\u00a0Sustituir la construcci\u00f3n civil tradicional por encofrados totalmente equipados, sin necesidad de compactar el terreno ni construir muros de contenci\u00f3n, lo que permite ahorrar tiempo y costos.<\/p>\n<p><strong>\u00b7Montaje r\u00e1pido:<\/strong>\u00a0F\u00e1cil de instalar y desmontar, no requiere maquinaria de elevaci\u00f3n de gran tama\u00f1o y dos personas pueden realizar el montaje en dos d\u00edas.<\/p>\n<p><strong>\u00b7Flexible y desmontable:\u00a0<\/strong>Al no estar sujeta a limitaciones ambientales ni del emplazamiento, la planificaci\u00f3n del sitio es m\u00e1s flexible y puede reutilizarse en m\u00faltiples ocasiones.<\/p>\n<p><strong>\u00b7Envoltura autom\u00e1tica con film:\u00a0<\/strong>Dise\u00f1o integrado que permite el envoltorio autom\u00e1tico con film sin necesidad de equipos auxiliares.<\/p>\n<p><strong>\u00b7Respetuoso con el medio ambiente y libre de contaminaci\u00f3n:<\/strong>\u00a0Respetuoso con el medio ambiente e inodoro, sin contaminar el medio ambiente, con un buen efecto de fermentaci\u00f3n y un alto contenido de nitr\u00f3geno en los fertilizantes org\u00e1nicos.<\/p>\n<p><strong>\u00b7Los tama\u00f1os se pueden personalizar:\u00a0<\/strong>Se pueden personalizar diferentes tama\u00f1os y especificaciones para satisfacer las necesidades individuales.<\/p>","protected":false},"excerpt":{"rendered":"<h4>Equipamiento completo sin obras de ingenier\u00eda civil<\/h4>\n<p>El taller m\u00f3vil de compostaje con pel\u00edcula sin olores de PMC combina lo mejor de la tecnolog\u00eda de fermentaci\u00f3n de compostaje con pel\u00edcula molecular y el dise\u00f1o de equipos. Esta serie de equipos no solo simplifica el proceso de instalaci\u00f3n in situ, sino que tambi\u00e9n reduce considerablemente el tiempo de construcci\u00f3n. Se caracteriza por ser un equipo integral que no requiere obras de ingenier\u00eda civil, ni la preparaci\u00f3n del terreno ni la construcci\u00f3n de tanques complejos. Basta con transportar el equipo al lugar designado para ponerlo r\u00e1pidamente en funcionamiento, lo que mejora considerablemente la eficiencia de la construcci\u00f3n del proyecto. Aporta una comodidad y una eficiencia sin precedentes al campo de la fermentaci\u00f3n de compostaje.<\/p>","protected":false},"featured_media":1106,"comment_status":"open","ping_status":"closed","template":"","meta":[],"product_brand":[],"product_cat":[32],"product_tag":[],"class_list":{"0":"post-1081","1":"product","2":"type-product","3":"status-publish","4":"has-post-thumbnail","6":"product_cat-products","8":"first","9":"instock","10":"shipping-taxable","11":"product-type-simple"},"yoast_head":"<!-- This site is optimized with the Yoast SEO Premium plugin v25.5 (Yoast SEO v26.7) - https:\/\/yoast.com\/wordpress\/plugins\/seo\/ -->\n<title>PMC Mobile Odorless Membrane Composting Workshop - Jiesonglin Technology<\/title>\n<meta name=\"robots\" content=\"index, follow, max-snippet:-1, max-image-preview:large, max-video-preview:-1\" \/>\n<link rel=\"canonical\" href=\"https:\/\/jiesonglin.com\/es\/product\/taller-sobre-compostaje-con-membrana-inodora-de-pmc-mobile\/\" \/>\n<meta property=\"og:locale\" content=\"es_ES\" \/>\n<meta property=\"og:type\" content=\"article\" \/>\n<meta property=\"og:title\" content=\"PMC Mobile Odorless Membrane Composting Workshop\" \/>\n<meta property=\"og:description\" content=\"Comprehensive equipment without civil engineering The PMC mobile odorless film composting workshop combines the essence of molecular film composting fermentation technology and equipment design. This series of equipment not only simplifies the on-site installation process, but also greatly shortens the construction period. It has the characteristics of comprehensive equipment without civil engineering, without the need for land hardening and complex tank construction. Only by transporting the equipment to the designated location, it can be quickly put into use, greatly improving the efficiency of project construction. Bringing unprecedented convenience and efficiency to the field of composting fermentation.\" \/>\n<meta property=\"og:url\" content=\"https:\/\/jiesonglin.com\/es\/product\/taller-sobre-compostaje-con-membrana-inodora-de-pmc-mobile\/\" \/>\n<meta property=\"og:site_name\" content=\"Jiesonglin Technology\" \/>\n<meta property=\"article:modified_time\" content=\"2025-07-15T15:29:19+00:00\" \/>\n<meta property=\"og:image\" content=\"https:\/\/jiesonglin.com\/wp-content\/uploads\/2025\/07\/\u77e2\u91cf\u667a\u80fd\u5bf9\u8c61-\u62f7\u8d1d-3-scaled.png\" \/>\n\t<meta property=\"og:image:width\" content=\"2560\" \/>\n\t<meta property=\"og:image:height\" content=\"1548\" \/>\n\t<meta property=\"og:image:type\" content=\"image\/png\" \/>\n<meta name=\"twitter:card\" content=\"summary_large_image\" \/>\n<meta name=\"twitter:label1\" content=\"Est. reading time\" \/>\n\t<meta name=\"twitter:data1\" content=\"1 minuto\" \/>\n<script type=\"application\/ld+json\" class=\"yoast-schema-graph\">{\"@context\":\"https:\/\/schema.org\",\"@graph\":[{\"@type\":\"WebPage\",\"@id\":\"https:\/\/jiesonglin.com\/product\/pmc-mobile-odorless-membrane-composting-workshop\/\",\"url\":\"https:\/\/jiesonglin.com\/product\/pmc-mobile-odorless-membrane-composting-workshop\/\",\"name\":\"PMC Mobile Odorless Membrane Composting Workshop - Jiesonglin Technology\",\"isPartOf\":{\"@id\":\"https:\/\/jiesonglin.com\/#website\"},\"primaryImageOfPage\":{\"@id\":\"https:\/\/jiesonglin.com\/product\/pmc-mobile-odorless-membrane-composting-workshop\/#primaryimage\"},\"image\":{\"@id\":\"https:\/\/jiesonglin.com\/product\/pmc-mobile-odorless-membrane-composting-workshop\/#primaryimage\"},\"thumbnailUrl\":\"https:\/\/jiesonglin.com\/wp-content\/uploads\/2025\/07\/\u77e2\u91cf\u667a\u80fd\u5bf9\u8c61-\u62f7\u8d1d-3-scaled.png\",\"datePublished\":\"2025-07-13T14:30:43+00:00\",\"dateModified\":\"2025-07-15T15:29:19+00:00\",\"breadcrumb\":{\"@id\":\"https:\/\/jiesonglin.com\/product\/pmc-mobile-odorless-membrane-composting-workshop\/#breadcrumb\"},\"inLanguage\":\"es-AR\",\"potentialAction\":[{\"@type\":\"ReadAction\",\"target\":[\"https:\/\/jiesonglin.com\/product\/pmc-mobile-odorless-membrane-composting-workshop\/\"]}]},{\"@type\":\"ImageObject\",\"inLanguage\":\"es-AR\",\"@id\":\"https:\/\/jiesonglin.com\/product\/pmc-mobile-odorless-membrane-composting-workshop\/#primaryimage\",\"url\":\"https:\/\/jiesonglin.com\/wp-content\/uploads\/2025\/07\/\u77e2\u91cf\u667a\u80fd\u5bf9\u8c61-\u62f7\u8d1d-3-scaled.png\",\"contentUrl\":\"https:\/\/jiesonglin.com\/wp-content\/uploads\/2025\/07\/\u77e2\u91cf\u667a\u80fd\u5bf9\u8c61-\u62f7\u8d1d-3-scaled.png\",\"width\":2560,\"height\":1548},{\"@type\":\"BreadcrumbList\",\"@id\":\"https:\/\/jiesonglin.com\/product\/pmc-mobile-odorless-membrane-composting-workshop\/#breadcrumb\",\"itemListElement\":[{\"@type\":\"ListItem\",\"position\":1,\"name\":\"Home\",\"item\":\"https:\/\/jiesonglin.com\/\"},{\"@type\":\"ListItem\",\"position\":2,\"name\":\"Products\",\"item\":\"https:\/\/jiesonglin.com\/shop\/\"},{\"@type\":\"ListItem\",\"position\":3,\"name\":\"PMC Mobile Odorless Membrane Composting Workshop\"}]},{\"@type\":\"WebSite\",\"@id\":\"https:\/\/jiesonglin.com\/#website\",\"url\":\"https:\/\/jiesonglin.com\/\",\"name\":\"Jiesonglin Technology\",\"description\":\"Focus on turning organic waste into treasure\",\"publisher\":{\"@id\":\"https:\/\/jiesonglin.com\/#organization\"},\"potentialAction\":[{\"@type\":\"SearchAction\",\"target\":{\"@type\":\"EntryPoint\",\"urlTemplate\":\"https:\/\/jiesonglin.com\/?s={search_term_string}\"},\"query-input\":{\"@type\":\"PropertyValueSpecification\",\"valueRequired\":true,\"valueName\":\"search_term_string\"}}],\"inLanguage\":\"es-AR\"},{\"@type\":\"Organization\",\"@id\":\"https:\/\/jiesonglin.com\/#organization\",\"name\":\"Jiesonglin Technology\",\"url\":\"https:\/\/jiesonglin.com\/\",\"logo\":{\"@type\":\"ImageObject\",\"inLanguage\":\"es-AR\",\"@id\":\"https:\/\/jiesonglin.com\/#\/schema\/logo\/image\/\",\"url\":\"https:\/\/jiesonglin.com\/wp-content\/uploads\/2025\/07\/logo2.png\",\"contentUrl\":\"https:\/\/jiesonglin.com\/wp-content\/uploads\/2025\/07\/logo2.png\",\"width\":820,\"height\":189,\"caption\":\"Jiesonglin Technology\"},\"image\":{\"@id\":\"https:\/\/jiesonglin.com\/#\/schema\/logo\/image\/\"}}]}<\/script>\n<!-- \/ Yoast SEO Premium plugin. -->","yoast_head_json":{"title":"Taller sobre compostaje con membranas sin olores de PMC Mobile - Jiesonglin Technology","robots":{"index":"index","follow":"follow","max-snippet":"max-snippet:-1","max-image-preview":"max-image-preview:large","max-video-preview":"max-video-preview:-1"},"canonical":"https:\/\/jiesonglin.com\/es\/product\/taller-sobre-compostaje-con-membrana-inodora-de-pmc-mobile\/","og_locale":"es_ES","og_type":"article","og_title":"PMC Mobile Odorless Membrane Composting Workshop","og_description":"Comprehensive equipment without civil engineering The PMC mobile odorless film composting workshop combines the essence of molecular film composting fermentation technology and equipment design. This series of equipment not only simplifies the on-site installation process, but also greatly shortens the construction period. It has the characteristics of comprehensive equipment without civil engineering, without the need for land hardening and complex tank construction. Only by transporting the equipment to the designated location, it can be quickly put into use, greatly improving the efficiency of project construction. Bringing unprecedented convenience and efficiency to the field of composting fermentation.","og_url":"https:\/\/jiesonglin.com\/es\/product\/taller-sobre-compostaje-con-membrana-inodora-de-pmc-mobile\/","og_site_name":"Jiesonglin Technology","article_modified_time":"2025-07-15T15:29:19+00:00","og_image":[{"width":2560,"height":1548,"url":"https:\/\/jiesonglin.com\/wp-content\/uploads\/2025\/07\/\u77e2\u91cf\u667a\u80fd\u5bf9\u8c61-\u62f7\u8d1d-3-scaled.png","type":"image\/png"}],"twitter_card":"summary_large_image","twitter_misc":{"Est. reading time":"1 minuto"},"schema":{"@context":"https:\/\/schema.org","@graph":[{"@type":"WebPage","@id":"https:\/\/jiesonglin.com\/product\/pmc-mobile-odorless-membrane-composting-workshop\/","url":"https:\/\/jiesonglin.com\/product\/pmc-mobile-odorless-membrane-composting-workshop\/","name":"Taller sobre compostaje con membranas sin olores de PMC Mobile - Jiesonglin Technology","isPartOf":{"@id":"https:\/\/jiesonglin.com\/#website"},"primaryImageOfPage":{"@id":"https:\/\/jiesonglin.com\/product\/pmc-mobile-odorless-membrane-composting-workshop\/#primaryimage"},"image":{"@id":"https:\/\/jiesonglin.com\/product\/pmc-mobile-odorless-membrane-composting-workshop\/#primaryimage"},"thumbnailUrl":"https:\/\/jiesonglin.com\/wp-content\/uploads\/2025\/07\/\u77e2\u91cf\u667a\u80fd\u5bf9\u8c61-\u62f7\u8d1d-3-scaled.png","datePublished":"2025-07-13T14:30:43+00:00","dateModified":"2025-07-15T15:29:19+00:00","breadcrumb":{"@id":"https:\/\/jiesonglin.com\/product\/pmc-mobile-odorless-membrane-composting-workshop\/#breadcrumb"},"inLanguage":"es-AR","potentialAction":[{"@type":"ReadAction","target":["https:\/\/jiesonglin.com\/product\/pmc-mobile-odorless-membrane-composting-workshop\/"]}]},{"@type":"ImageObject","inLanguage":"es-AR","@id":"https:\/\/jiesonglin.com\/product\/pmc-mobile-odorless-membrane-composting-workshop\/#primaryimage","url":"https:\/\/jiesonglin.com\/wp-content\/uploads\/2025\/07\/\u77e2\u91cf\u667a\u80fd\u5bf9\u8c61-\u62f7\u8d1d-3-scaled.png","contentUrl":"https:\/\/jiesonglin.com\/wp-content\/uploads\/2025\/07\/\u77e2\u91cf\u667a\u80fd\u5bf9\u8c61-\u62f7\u8d1d-3-scaled.png","width":2560,"height":1548},{"@type":"BreadcrumbList","@id":"https:\/\/jiesonglin.com\/product\/pmc-mobile-odorless-membrane-composting-workshop\/#breadcrumb","itemListElement":[{"@type":"ListItem","position":1,"name":"Home","item":"https:\/\/jiesonglin.com\/"},{"@type":"ListItem","position":2,"name":"Products","item":"https:\/\/jiesonglin.com\/shop\/"},{"@type":"ListItem","position":3,"name":"PMC Mobile Odorless Membrane Composting Workshop"}]},{"@type":"WebSite","@id":"https:\/\/jiesonglin.com\/#website","url":"https:\/\/jiesonglin.com\/","name":"Jiesonglin Technology","description":"El objetivo es convertir los residuos org\u00e1nicos en un recurso valioso","publisher":{"@id":"https:\/\/jiesonglin.com\/#organization"},"potentialAction":[{"@type":"SearchAction","target":{"@type":"EntryPoint","urlTemplate":"https:\/\/jiesonglin.com\/?s={search_term_string}"},"query-input":{"@type":"PropertyValueSpecification","valueRequired":true,"valueName":"search_term_string"}}],"inLanguage":"es-AR"},{"@type":"Organization","@id":"https:\/\/jiesonglin.com\/#organization","name":"Jiesonglin Technology","url":"https:\/\/jiesonglin.com\/","logo":{"@type":"ImageObject","inLanguage":"es-AR","@id":"https:\/\/jiesonglin.com\/#\/schema\/logo\/image\/","url":"https:\/\/jiesonglin.com\/wp-content\/uploads\/2025\/07\/logo2.png","contentUrl":"https:\/\/jiesonglin.com\/wp-content\/uploads\/2025\/07\/logo2.png","width":820,"height":189,"caption":"Jiesonglin Technology"},"image":{"@id":"https:\/\/jiesonglin.com\/#\/schema\/logo\/image\/"}}]}},"acf":[],"_links":{"self":[{"href":"https:\/\/jiesonglin.com\/es\/wp-json\/wp\/v2\/product\/1081","targetHints":{"allow":["GET"]}}],"collection":[{"href":"https:\/\/jiesonglin.com\/es\/wp-json\/wp\/v2\/product"}],"about":[{"href":"https:\/\/jiesonglin.com\/es\/wp-json\/wp\/v2\/types\/product"}],"replies":[{"embeddable":true,"href":"https:\/\/jiesonglin.com\/es\/wp-json\/wp\/v2\/comments?post=1081"}],"wp:featuredmedia":[{"embeddable":true,"href":"https:\/\/jiesonglin.com\/es\/wp-json\/wp\/v2\/media\/1106"}],"wp:attachment":[{"href":"https:\/\/jiesonglin.com\/es\/wp-json\/wp\/v2\/media?parent=1081"}],"wp:term":[{"taxonomy":"product_brand","embeddable":true,"href":"https:\/\/jiesonglin.com\/es\/wp-json\/wp\/v2\/product_brand?post=1081"},{"taxonomy":"product_cat","embeddable":true,"href":"https:\/\/jiesonglin.com\/es\/wp-json\/wp\/v2\/product_cat?post=1081"},{"taxonomy":"product_tag","embeddable":true,"href":"https:\/\/jiesonglin.com\/es\/wp-json\/wp\/v2\/product_tag?post=1081"}],"curies":[{"name":"wp","href":"https:\/\/api.w.org\/{rel}","templated":true}]}}