{"id":1082,"date":"2025-07-14T10:26:19","date_gmt":"2025-07-14T10:26:19","guid":{"rendered":"https:\/\/jiesonglin.com\/?post_type=product&#038;p=1082"},"modified":"2025-07-15T07:51:30","modified_gmt":"2025-07-15T07:51:30","slug":"tecnologia-y-equipos-inteligentes-y-con-bajas-emisiones-de-carbono-para-toda-la-cadena-industrial","status":"publish","type":"product","link":"https:\/\/jiesonglin.com\/es\/product\/smart-low-carbon-complete-technology-and-equipment-for-the-entire-industry-chain\/","title":{"rendered":"Tecnolog\u00eda y equipos inteligentes y bajos en carbono para toda la cadena industrial"},"content":{"rendered":"<table>\n<tbody>\n<tr class=\"firstRow\">\n<td align=\"center\" valign=\"middle\" width=\"500\"><strong>Equipos de apoyo para toda la cadena industrial<\/strong><\/td>\n<\/tr>\n<\/tbody>\n<\/table>\n<p><strong>\u00a0 Equipos de separaci\u00f3n de s\u00f3lidos y l\u00edquidos<\/strong><\/p>\n<p>&nbsp;<\/p>\n<p>&nbsp;<\/p>\n<table width=\"100%\">\n<tbody>\n<tr class=\"firstRow\">\n<td align=\"center\" valign=\"middle\" width=\"114\"><img decoding=\"async\" title=\"\" src=\"https:\/\/en.zhonghaihuanjing.com\/uploads\/allimg\/20240812\/2-240Q21GS2V8.png\" alt=\"Imagen3.png\" \/><\/td>\n<td align=\"center\" valign=\"middle\" width=\"21\"><\/td>\n<td align=\"center\" valign=\"middle\" width=\"114\"><img decoding=\"async\" title=\"\" src=\"https:\/\/en.zhonghaihuanjing.com\/uploads\/allimg\/20240812\/2-240Q21H144S1.png\" alt=\"Imagen7.png\" \/><\/td>\n<td align=\"center\" valign=\"middle\" width=\"21\"><\/td>\n<td align=\"center\" valign=\"middle\" width=\"115\"><img decoding=\"async\" title=\"\" src=\"https:\/\/en.zhonghaihuanjing.com\/uploads\/allimg\/20240812\/2-240Q21H2314K.png\" alt=\"Imagen5.png\" \/><\/td>\n<td align=\"center\" valign=\"middle\" width=\"21\"><\/td>\n<td align=\"center\" valign=\"middle\" width=\"114\"><img decoding=\"async\" title=\"\" src=\"https:\/\/en.zhonghaihuanjing.com\/uploads\/allimg\/20240812\/2-240Q2203304W9.png\" alt=\"Imagen6.png\" \/><\/td>\n<td align=\"center\" valign=\"middle\" width=\"21\"><\/td>\n<td align=\"center\" valign=\"middle\" width=\"115\"><img decoding=\"async\" title=\"\" src=\"https:\/\/en.zhonghaihuanjing.com\/uploads\/allimg\/20240812\/2-240Q220434C04.png\" alt=\"Imagen6.png\" \/><\/td>\n<\/tr>\n<tr>\n<td align=\"center\" valign=\"middle\" width=\"114\">Separador s\u00f3lido-l\u00edquido con criba inclinada<\/td>\n<td align=\"center\" valign=\"middle\" width=\"21\"><\/td>\n<td align=\"center\" valign=\"middle\" width=\"114\">Extrusora de h\u00e9lice<\/td>\n<td align=\"center\" valign=\"middle\" width=\"21\"><\/td>\n<td align=\"center\" valign=\"middle\" width=\"115\">Extrusora secundaria<\/td>\n<td align=\"center\" valign=\"middle\" width=\"21\"><\/td>\n<td align=\"center\" valign=\"middle\" width=\"114\">M\u00e1quina de deshidrataci\u00f3n de lodos con tornillos superpuestos<\/td>\n<td align=\"center\" valign=\"middle\" width=\"21\"><\/td>\n<td align=\"center\" valign=\"middle\" width=\"115\">Filtro prensa de placas y bastidor<\/td>\n<\/tr>\n<\/tbody>\n<\/table>\n<p><strong>\u00a0 Equipos auxiliares para la fermentaci\u00f3n<\/strong><\/p>\n<table width=\"100%\">\n<tbody>\n<tr class=\"firstRow\">\n<td align=\"center\" valign=\"middle\" width=\"311\"><img decoding=\"async\" title=\"\" src=\"https:\/\/en.zhonghaihuanjing.com\/uploads\/allimg\/20240812\/2-240Q21U05L31.png\" alt=\"image.png\" width=\"100%\" \/><\/td>\n<td align=\"center\" valign=\"middle\" width=\"21\"><\/td>\n<td align=\"center\" valign=\"middle\" width=\"311\"><img fetchpriority=\"high\" decoding=\"async\" class=\"alignnone size-medium wp-image-1093\" src=\"https:\/\/jiesonglin.com\/wp-content\/uploads\/2025\/07\/\u5c65\u5e26\u7ffb\u5806\u673a-300x223.png\" alt=\"\" width=\"300\" height=\"223\" srcset=\"https:\/\/jiesonglin.com\/wp-content\/uploads\/2025\/07\/\u5c65\u5e26\u7ffb\u5806\u673a-300x223.png 300w, https:\/\/jiesonglin.com\/wp-content\/uploads\/2025\/07\/\u5c65\u5e26\u7ffb\u5806\u673a-1024x762.png 1024w, https:\/\/jiesonglin.com\/wp-content\/uploads\/2025\/07\/\u5c65\u5e26\u7ffb\u5806\u673a-768x572.png 768w, https:\/\/jiesonglin.com\/wp-content\/uploads\/2025\/07\/\u5c65\u5e26\u7ffb\u5806\u673a-16x12.png 16w, https:\/\/jiesonglin.com\/wp-content\/uploads\/2025\/07\/\u5c65\u5e26\u7ffb\u5806\u673a-600x446.png 600w, https:\/\/jiesonglin.com\/wp-content\/uploads\/2025\/07\/\u5c65\u5e26\u7ffb\u5806\u673a.png 1153w\" sizes=\"(max-width: 300px) 100vw, 300px\" \/><\/td>\n<td align=\"center\" valign=\"middle\" width=\"21\"><\/td>\n<td align=\"center\" valign=\"middle\" width=\"310\"><img decoding=\"async\" title=\"\" src=\"https:\/\/en.zhonghaihuanjing.com\/uploads\/allimg\/20240812\/2-240Q21U121D5.png\" alt=\"image.png\" width=\"100%\" \/><\/td>\n<td align=\"center\" valign=\"middle\" width=\"22\"><\/td>\n<td align=\"center\" valign=\"middle\" width=\"311\"><img decoding=\"async\" title=\"\" src=\"https:\/\/en.zhonghaihuanjing.com\/uploads\/allimg\/20240812\/2-240Q21U129564.png\" alt=\"image.png\" width=\"100%\" \/><\/td>\n<\/tr>\n<tr>\n<td align=\"center\" valign=\"middle\" width=\"311\">M\u00e1quina enrolladora de l\u00e1minas de pared<\/td>\n<td align=\"center\" valign=\"middle\" width=\"21\"><\/td>\n<td align=\"center\" valign=\"middle\" width=\"311\">M\u00e1quina volteadora autopropulsada<\/td>\n<td align=\"center\" valign=\"middle\" width=\"21\"><\/td>\n<td align=\"center\" valign=\"middle\" width=\"310\">M\u00e1quina laminadora con volteo y lanzamiento de tipo ranura<\/td>\n<td align=\"center\" valign=\"middle\" width=\"22\"><\/td>\n<td align=\"center\" valign=\"middle\" width=\"311\">M\u00e1quina autopropulsada para laminar y dar la vuelta<\/td>\n<\/tr>\n<\/tbody>\n<\/table>\n<p><strong>\u00a0 L\u00ednea de producci\u00f3n de fertilizantes org\u00e1nicos de bajo costo, bajas emisiones de carbono y totalmente autom\u00e1tica<\/strong><\/p>\n<table width=\"100%\">\n<tbody>\n<tr class=\"firstRow\">\n<td align=\"center\" valign=\"middle\" width=\"114\"><img decoding=\"async\" title=\"\" src=\"https:\/\/en.zhonghaihuanjing.com\/uploads\/allimg\/20240812\/2-240Q2140ZU57.png\" alt=\"Capa 3.png\" \/><\/td>\n<td align=\"center\" valign=\"middle\" width=\"21\"><\/td>\n<td align=\"center\" valign=\"middle\" width=\"114\"><img decoding=\"async\" title=\"\" src=\"https:\/\/en.zhonghaihuanjing.com\/uploads\/allimg\/20240812\/2-240Q2140S5S3.png\" alt=\"Capa 2.png\" \/><\/td>\n<td align=\"center\" valign=\"middle\" width=\"21\"><\/td>\n<td align=\"center\" valign=\"middle\" width=\"115\"><img decoding=\"async\" title=\"\" src=\"https:\/\/en.zhonghaihuanjing.com\/uploads\/allimg\/20240812\/2-240Q2141S6336.png\" alt=\"Imagen WPS (1).png\" \/><\/td>\n<td align=\"center\" valign=\"middle\" width=\"21\"><\/td>\n<td align=\"center\" valign=\"middle\" width=\"114\"><img decoding=\"async\" title=\"\" src=\"https:\/\/en.zhonghaihuanjing.com\/uploads\/allimg\/20240812\/2-240Q21ZZ11T.png\" alt=\"Imagen12.png\" \/><\/td>\n<td align=\"center\" valign=\"middle\" width=\"21\"><\/td>\n<td align=\"center\" valign=\"middle\" width=\"115\"><img decoding=\"async\" title=\"\" src=\"https:\/\/en.zhonghaihuanjing.com\/uploads\/allimg\/20240812\/2-240Q2134106117.png\" alt=\"598d985b41901b6d2e17825bc4333d3.png\" width=\"90%\" \/><\/td>\n<\/tr>\n<tr>\n<td align=\"center\" valign=\"middle\" width=\"114\">Compartimento de almacenamiento<\/td>\n<td align=\"center\" valign=\"middle\" width=\"21\"><\/td>\n<td align=\"center\" valign=\"middle\" width=\"114\">Molino<\/td>\n<td align=\"center\" valign=\"middle\" width=\"21\"><\/td>\n<td align=\"center\" valign=\"middle\" width=\"115\">M\u00e1quina cribadora<\/td>\n<td align=\"center\" valign=\"middle\" width=\"21\"><\/td>\n<td align=\"center\" valign=\"middle\" width=\"114\">Granuladora<\/td>\n<td align=\"center\" valign=\"middle\" width=\"21\"><\/td>\n<td align=\"center\" valign=\"middle\" width=\"115\">M\u00e1quina de envasado<\/td>\n<\/tr>\n<\/tbody>\n<\/table>\n<p><strong>\u00a0 Instalaciones y equipos de fertilizaci\u00f3n y devoluci\u00f3n<\/strong><\/p>\n<table width=\"100%\">\n<tbody>\n<tr class=\"firstRow\">\n<td align=\"center\" valign=\"middle\" width=\"431\"><img decoding=\"async\" title=\"\" src=\"https:\/\/en.zhonghaihuanjing.com\/uploads\/allimg\/20240812\/2-240Q2194423220.png\" alt=\"image.png\" width=\"94%\" \/><\/td>\n<td align=\"center\" valign=\"middle\" width=\"21\"><\/td>\n<td align=\"center\" valign=\"middle\" width=\"402\"><img decoding=\"async\" title=\"\" src=\"https:\/\/en.zhonghaihuanjing.com\/uploads\/allimg\/20240822\/2-240R2094322495.png\" alt=\"2-240Q219442J61.png\" width=\"100%\" \/><\/td>\n<td align=\"center\" valign=\"middle\" width=\"21\"><\/td>\n<td align=\"center\" valign=\"middle\" width=\"432\"><img decoding=\"async\" class=\"alignnone wp-image-1094\" src=\"https:\/\/jiesonglin.com\/wp-content\/uploads\/2025\/07\/\u4e8c\u6b21\u6324\u538b\u673a-300x152.png\" alt=\"\" width=\"428\" height=\"217\" srcset=\"https:\/\/jiesonglin.com\/wp-content\/uploads\/2025\/07\/\u4e8c\u6b21\u6324\u538b\u673a-300x152.png 300w, https:\/\/jiesonglin.com\/wp-content\/uploads\/2025\/07\/\u4e8c\u6b21\u6324\u538b\u673a-768x390.png 768w, https:\/\/jiesonglin.com\/wp-content\/uploads\/2025\/07\/\u4e8c\u6b21\u6324\u538b\u673a-18x9.png 18w, https:\/\/jiesonglin.com\/wp-content\/uploads\/2025\/07\/\u4e8c\u6b21\u6324\u538b\u673a-600x305.png 600w, https:\/\/jiesonglin.com\/wp-content\/uploads\/2025\/07\/\u4e8c\u6b21\u6324\u538b\u673a.png 821w\" sizes=\"(max-width: 428px) 100vw, 428px\" \/><\/td>\n<\/tr>\n<tr>\n<td align=\"center\" valign=\"middle\" width=\"431\">Separador s\u00f3lido-l\u00edquido con criba inclinada<\/td>\n<td align=\"center\" valign=\"middle\" width=\"21\"><\/td>\n<td align=\"center\" valign=\"middle\" width=\"402\">Extrusora de h\u00e9lice<\/td>\n<td align=\"center\" valign=\"middle\" width=\"21\"><\/td>\n<td align=\"center\" valign=\"middle\" width=\"432\">Extrusora secundaria<\/td>\n<\/tr>\n<\/tbody>\n<\/table>","protected":false},"excerpt":{"rendered":"<h2>Conjunto completo de equipos para la producci\u00f3n de fertilizantes org\u00e1nicos<\/h2>\n<p>El conjunto completo de instalaciones y equipos puede utilizarse ampliamente en la agricultura y la ganader\u00eda, transformando residuos org\u00e1nicos como el esti\u00e9rcol, la paja de los cultivos, los lodos org\u00e1nicos, los residuos de jardiner\u00eda y los residuos de cocina en fertilizantes org\u00e1nicos de alta calidad, tierra rica en nutrientes y materiales para lechos de ganado que pueden ser utilizados por los cultivos. Esto mejora de manera efectiva la calidad de la tierra cultivable y permite que los cultivos cumplan con los est\u00e1ndares ecol\u00f3gicos u org\u00e1nicos. Al tiempo que permite la reutilizaci\u00f3n de recursos y el aprovechamiento de alta calidad del esti\u00e9rcol, ofrece a las empresas ganaderas y a los agricultores una forma ecol\u00f3gica, f\u00e1cil de operar y de bajo costo para utilizar los residuos agr\u00edcolas, logrando as\u00ed un desarrollo agr\u00edcola ecol\u00f3gico.<\/p>","protected":false},"featured_media":1114,"comment_status":"open","ping_status":"closed","template":"","meta":[],"product_brand":[],"product_cat":[32],"product_tag":[],"class_list":{"0":"post-1082","1":"product","2":"type-product","3":"status-publish","4":"has-post-thumbnail","6":"product_cat-products","8":"first","9":"instock","10":"shipping-taxable","11":"product-type-simple"},"yoast_head":"<!-- This site is optimized with the Yoast SEO Premium plugin v25.5 (Yoast SEO v26.7) - https:\/\/yoast.com\/wordpress\/plugins\/seo\/ -->\n<title>Smart low-carbon complete technology and equipment for the entire industry chain - Jiesonglin Technology<\/title>\n<meta name=\"robots\" content=\"index, follow, max-snippet:-1, max-image-preview:large, max-video-preview:-1\" \/>\n<link rel=\"canonical\" href=\"https:\/\/jiesonglin.com\/es\/product\/tecnologia-y-equipos-inteligentes-y-con-bajas-emisiones-de-carbono-para-toda-la-cadena-industrial\/\" \/>\n<meta property=\"og:locale\" content=\"es_ES\" \/>\n<meta property=\"og:type\" content=\"article\" \/>\n<meta property=\"og:title\" content=\"Smart low-carbon complete technology and equipment for the entire industry chain\" \/>\n<meta property=\"og:description\" content=\"Complete set of organic fertilizer production equipment The complete set of facilities and equipment can be widely used in agriculture and animal husbandry, converting organic waste such as manure, crop straw, organic sludge, garden waste, and kitchen waste into high-quality organic fertilizers, nutrient soil, and cow mattress materials that can be used by crops. This effectively improves the quality of arable land and enables crops to meet green or organic standards. While realizing the resource utilization and high-quality utilization of manure, it provides an environmentally friendly, easy to operate, and low-cost way for breeding enterprises and farmers to utilize agricultural waste, achieving green agricultural development.\" \/>\n<meta property=\"og:url\" content=\"https:\/\/jiesonglin.com\/es\/product\/tecnologia-y-equipos-inteligentes-y-con-bajas-emisiones-de-carbono-para-toda-la-cadena-industrial\/\" \/>\n<meta property=\"og:site_name\" content=\"Jiesonglin Technology\" \/>\n<meta property=\"article:modified_time\" content=\"2025-07-15T07:51:30+00:00\" \/>\n<meta property=\"og:image\" content=\"https:\/\/jiesonglin.com\/wp-content\/uploads\/2025\/07\/\u56fe\u5c42-1.png\" \/>\n\t<meta property=\"og:image:width\" content=\"1600\" \/>\n\t<meta property=\"og:image:height\" content=\"900\" \/>\n\t<meta property=\"og:image:type\" content=\"image\/png\" \/>\n<meta name=\"twitter:card\" content=\"summary_large_image\" \/>\n<script type=\"application\/ld+json\" class=\"yoast-schema-graph\">{\"@context\":\"https:\/\/schema.org\",\"@graph\":[{\"@type\":\"WebPage\",\"@id\":\"https:\/\/jiesonglin.com\/product\/smart-low-carbon-complete-technology-and-equipment-for-the-entire-industry-chain\/\",\"url\":\"https:\/\/jiesonglin.com\/product\/smart-low-carbon-complete-technology-and-equipment-for-the-entire-industry-chain\/\",\"name\":\"Smart low-carbon complete technology and equipment for the entire industry chain - Jiesonglin Technology\",\"isPartOf\":{\"@id\":\"https:\/\/jiesonglin.com\/#website\"},\"primaryImageOfPage\":{\"@id\":\"https:\/\/jiesonglin.com\/product\/smart-low-carbon-complete-technology-and-equipment-for-the-entire-industry-chain\/#primaryimage\"},\"image\":{\"@id\":\"https:\/\/jiesonglin.com\/product\/smart-low-carbon-complete-technology-and-equipment-for-the-entire-industry-chain\/#primaryimage\"},\"thumbnailUrl\":\"https:\/\/jiesonglin.com\/wp-content\/uploads\/2025\/07\/\u56fe\u5c42-1.png\",\"datePublished\":\"2025-07-14T10:26:19+00:00\",\"dateModified\":\"2025-07-15T07:51:30+00:00\",\"breadcrumb\":{\"@id\":\"https:\/\/jiesonglin.com\/product\/smart-low-carbon-complete-technology-and-equipment-for-the-entire-industry-chain\/#breadcrumb\"},\"inLanguage\":\"es-AR\",\"potentialAction\":[{\"@type\":\"ReadAction\",\"target\":[\"https:\/\/jiesonglin.com\/product\/smart-low-carbon-complete-technology-and-equipment-for-the-entire-industry-chain\/\"]}]},{\"@type\":\"ImageObject\",\"inLanguage\":\"es-AR\",\"@id\":\"https:\/\/jiesonglin.com\/product\/smart-low-carbon-complete-technology-and-equipment-for-the-entire-industry-chain\/#primaryimage\",\"url\":\"https:\/\/jiesonglin.com\/wp-content\/uploads\/2025\/07\/\u56fe\u5c42-1.png\",\"contentUrl\":\"https:\/\/jiesonglin.com\/wp-content\/uploads\/2025\/07\/\u56fe\u5c42-1.png\",\"width\":1600,\"height\":900},{\"@type\":\"BreadcrumbList\",\"@id\":\"https:\/\/jiesonglin.com\/product\/smart-low-carbon-complete-technology-and-equipment-for-the-entire-industry-chain\/#breadcrumb\",\"itemListElement\":[{\"@type\":\"ListItem\",\"position\":1,\"name\":\"Home\",\"item\":\"https:\/\/jiesonglin.com\/\"},{\"@type\":\"ListItem\",\"position\":2,\"name\":\"Products\",\"item\":\"https:\/\/jiesonglin.com\/shop\/\"},{\"@type\":\"ListItem\",\"position\":3,\"name\":\"Smart low-carbon complete technology and equipment for the entire industry chain\"}]},{\"@type\":\"WebSite\",\"@id\":\"https:\/\/jiesonglin.com\/#website\",\"url\":\"https:\/\/jiesonglin.com\/\",\"name\":\"Jiesonglin Technology\",\"description\":\"Focus on turning organic waste into treasure\",\"publisher\":{\"@id\":\"https:\/\/jiesonglin.com\/#organization\"},\"potentialAction\":[{\"@type\":\"SearchAction\",\"target\":{\"@type\":\"EntryPoint\",\"urlTemplate\":\"https:\/\/jiesonglin.com\/?s={search_term_string}\"},\"query-input\":{\"@type\":\"PropertyValueSpecification\",\"valueRequired\":true,\"valueName\":\"search_term_string\"}}],\"inLanguage\":\"es-AR\"},{\"@type\":\"Organization\",\"@id\":\"https:\/\/jiesonglin.com\/#organization\",\"name\":\"Jiesonglin Technology\",\"url\":\"https:\/\/jiesonglin.com\/\",\"logo\":{\"@type\":\"ImageObject\",\"inLanguage\":\"es-AR\",\"@id\":\"https:\/\/jiesonglin.com\/#\/schema\/logo\/image\/\",\"url\":\"https:\/\/jiesonglin.com\/wp-content\/uploads\/2025\/07\/logo2.png\",\"contentUrl\":\"https:\/\/jiesonglin.com\/wp-content\/uploads\/2025\/07\/logo2.png\",\"width\":820,\"height\":189,\"caption\":\"Jiesonglin Technology\"},\"image\":{\"@id\":\"https:\/\/jiesonglin.com\/#\/schema\/logo\/image\/\"}}]}<\/script>\n<!-- \/ Yoast SEO Premium plugin. -->","yoast_head_json":{"title":"Tecnolog\u00eda y equipos inteligentes y bajos en carbono para toda la cadena industrial - Jiesonglin Technology","robots":{"index":"index","follow":"follow","max-snippet":"max-snippet:-1","max-image-preview":"max-image-preview:large","max-video-preview":"max-video-preview:-1"},"canonical":"https:\/\/jiesonglin.com\/es\/product\/tecnologia-y-equipos-inteligentes-y-con-bajas-emisiones-de-carbono-para-toda-la-cadena-industrial\/","og_locale":"es_ES","og_type":"article","og_title":"Smart low-carbon complete technology and equipment for the entire industry chain","og_description":"Complete set of organic fertilizer production equipment The complete set of facilities and equipment can be widely used in agriculture and animal husbandry, converting organic waste such as manure, crop straw, organic sludge, garden waste, and kitchen waste into high-quality organic fertilizers, nutrient soil, and cow mattress materials that can be used by crops. This effectively improves the quality of arable land and enables crops to meet green or organic standards. While realizing the resource utilization and high-quality utilization of manure, it provides an environmentally friendly, easy to operate, and low-cost way for breeding enterprises and farmers to utilize agricultural waste, achieving green agricultural development.","og_url":"https:\/\/jiesonglin.com\/es\/product\/tecnologia-y-equipos-inteligentes-y-con-bajas-emisiones-de-carbono-para-toda-la-cadena-industrial\/","og_site_name":"Jiesonglin Technology","article_modified_time":"2025-07-15T07:51:30+00:00","og_image":[{"width":1600,"height":900,"url":"https:\/\/jiesonglin.com\/wp-content\/uploads\/2025\/07\/\u56fe\u5c42-1.png","type":"image\/png"}],"twitter_card":"summary_large_image","schema":{"@context":"https:\/\/schema.org","@graph":[{"@type":"WebPage","@id":"https:\/\/jiesonglin.com\/product\/smart-low-carbon-complete-technology-and-equipment-for-the-entire-industry-chain\/","url":"https:\/\/jiesonglin.com\/product\/smart-low-carbon-complete-technology-and-equipment-for-the-entire-industry-chain\/","name":"Tecnolog\u00eda y equipos inteligentes y bajos en carbono para toda la cadena industrial - Jiesonglin Technology","isPartOf":{"@id":"https:\/\/jiesonglin.com\/#website"},"primaryImageOfPage":{"@id":"https:\/\/jiesonglin.com\/product\/smart-low-carbon-complete-technology-and-equipment-for-the-entire-industry-chain\/#primaryimage"},"image":{"@id":"https:\/\/jiesonglin.com\/product\/smart-low-carbon-complete-technology-and-equipment-for-the-entire-industry-chain\/#primaryimage"},"thumbnailUrl":"https:\/\/jiesonglin.com\/wp-content\/uploads\/2025\/07\/\u56fe\u5c42-1.png","datePublished":"2025-07-14T10:26:19+00:00","dateModified":"2025-07-15T07:51:30+00:00","breadcrumb":{"@id":"https:\/\/jiesonglin.com\/product\/smart-low-carbon-complete-technology-and-equipment-for-the-entire-industry-chain\/#breadcrumb"},"inLanguage":"es-AR","potentialAction":[{"@type":"ReadAction","target":["https:\/\/jiesonglin.com\/product\/smart-low-carbon-complete-technology-and-equipment-for-the-entire-industry-chain\/"]}]},{"@type":"ImageObject","inLanguage":"es-AR","@id":"https:\/\/jiesonglin.com\/product\/smart-low-carbon-complete-technology-and-equipment-for-the-entire-industry-chain\/#primaryimage","url":"https:\/\/jiesonglin.com\/wp-content\/uploads\/2025\/07\/\u56fe\u5c42-1.png","contentUrl":"https:\/\/jiesonglin.com\/wp-content\/uploads\/2025\/07\/\u56fe\u5c42-1.png","width":1600,"height":900},{"@type":"BreadcrumbList","@id":"https:\/\/jiesonglin.com\/product\/smart-low-carbon-complete-technology-and-equipment-for-the-entire-industry-chain\/#breadcrumb","itemListElement":[{"@type":"ListItem","position":1,"name":"Home","item":"https:\/\/jiesonglin.com\/"},{"@type":"ListItem","position":2,"name":"Products","item":"https:\/\/jiesonglin.com\/shop\/"},{"@type":"ListItem","position":3,"name":"Smart low-carbon complete technology and equipment for the entire industry chain"}]},{"@type":"WebSite","@id":"https:\/\/jiesonglin.com\/#website","url":"https:\/\/jiesonglin.com\/","name":"Jiesonglin Technology","description":"El objetivo es convertir los residuos org\u00e1nicos en un recurso valioso","publisher":{"@id":"https:\/\/jiesonglin.com\/#organization"},"potentialAction":[{"@type":"SearchAction","target":{"@type":"EntryPoint","urlTemplate":"https:\/\/jiesonglin.com\/?s={search_term_string}"},"query-input":{"@type":"PropertyValueSpecification","valueRequired":true,"valueName":"search_term_string"}}],"inLanguage":"es-AR"},{"@type":"Organization","@id":"https:\/\/jiesonglin.com\/#organization","name":"Jiesonglin Technology","url":"https:\/\/jiesonglin.com\/","logo":{"@type":"ImageObject","inLanguage":"es-AR","@id":"https:\/\/jiesonglin.com\/#\/schema\/logo\/image\/","url":"https:\/\/jiesonglin.com\/wp-content\/uploads\/2025\/07\/logo2.png","contentUrl":"https:\/\/jiesonglin.com\/wp-content\/uploads\/2025\/07\/logo2.png","width":820,"height":189,"caption":"Jiesonglin Technology"},"image":{"@id":"https:\/\/jiesonglin.com\/#\/schema\/logo\/image\/"}}]}},"acf":[],"_links":{"self":[{"href":"https:\/\/jiesonglin.com\/es\/wp-json\/wp\/v2\/product\/1082","targetHints":{"allow":["GET"]}}],"collection":[{"href":"https:\/\/jiesonglin.com\/es\/wp-json\/wp\/v2\/product"}],"about":[{"href":"https:\/\/jiesonglin.com\/es\/wp-json\/wp\/v2\/types\/product"}],"replies":[{"embeddable":true,"href":"https:\/\/jiesonglin.com\/es\/wp-json\/wp\/v2\/comments?post=1082"}],"wp:featuredmedia":[{"embeddable":true,"href":"https:\/\/jiesonglin.com\/es\/wp-json\/wp\/v2\/media\/1114"}],"wp:attachment":[{"href":"https:\/\/jiesonglin.com\/es\/wp-json\/wp\/v2\/media?parent=1082"}],"wp:term":[{"taxonomy":"product_brand","embeddable":true,"href":"https:\/\/jiesonglin.com\/es\/wp-json\/wp\/v2\/product_brand?post=1082"},{"taxonomy":"product_cat","embeddable":true,"href":"https:\/\/jiesonglin.com\/es\/wp-json\/wp\/v2\/product_cat?post=1082"},{"taxonomy":"product_tag","embeddable":true,"href":"https:\/\/jiesonglin.com\/es\/wp-json\/wp\/v2\/product_tag?post=1082"}],"curies":[{"name":"wp","href":"https:\/\/api.w.org\/{rel}","templated":true}]}}