{"id":1086,"date":"2025-07-13T14:56:20","date_gmt":"2025-07-13T14:56:20","guid":{"rendered":"https:\/\/jiesonglin.com\/?post_type=product&#038;p=1086"},"modified":"2025-07-13T14:56:21","modified_gmt":"2025-07-13T14:56:21","slug":"tecnologia-de-tratamiento-de-aguas-residuales-de-tres-etapas","status":"publish","type":"product","link":"https:\/\/jiesonglin.com\/es\/product\/three-system-fecal-treatment-technology\/","title":{"rendered":"Tecnolog\u00eda de tratamiento de aguas fecales de tres sistemas"},"content":{"rendered":"<p><strong>Proyecto de tratamiento de aguas residuales<\/strong><\/p>\n<table>\n<tbody>\n<tr class=\"firstRow\">\n<td align=\"center\" valign=\"middle\"><strong>\u00a0 Proceso de soluci\u00f3n\u00a0\u00a0<\/strong><\/td>\n<\/tr>\n<\/tbody>\n<\/table>\n<p>&nbsp;<\/p>\n<p><strong>Sistema \u00fanico:<\/strong><\/p>\n<p>Composici\u00f3n: USR\/UASB\/CSTR;<\/p>\n<p>Uso: Generar abono l\u00edquido de biog\u00e1s y biog\u00e1s; el biog\u00e1s se utiliza para calefacci\u00f3n, y el abono l\u00edquido de biog\u00e1s se devuelve al campo para su aprovechamiento;<\/p>\n<p>\u00b7Tratamiento centralizado de las aguas residuales;<\/p>\n<p>\u00b7Reducir la inversi\u00f3n en instalaciones de tratamiento de esti\u00e9rcol en las explotaciones ganaderas.<\/p>\n<p><strong>Sistema dual:<\/strong><\/p>\n<p>Composici\u00f3n: USR\/UASB + AO de dos etapas;<\/p>\n<p>Uso: Generar abono l\u00edquido de biog\u00e1s y agua de riego para tierras de cultivo;<\/p>\n<p>El lodo de biog\u00e1s se utiliza en primer lugar para el abonado de los terrenos;<\/p>\n<p>Escasez de tierras: Es posible generar directamente agua de riego para el riego de las tierras de cultivo.<\/p>\n<p><strong>Tres sistemas:<\/strong><\/p>\n<p>Composici\u00f3n: USR\/UASB + AO terciario + MBR + Fenton\/ozono;<\/p>\n<p>&nbsp;<\/p>\n<p>Uso: Generaci\u00f3n de abono l\u00edquido de biog\u00e1s + agua de riego para tierras de cultivo + agua de descarga en el cauce de un r\u00edo de categor\u00eda A;<\/p>\n<p>Si no hay suficiente terreno circundante, se puede verter directamente al r\u00edo mediante un tratamiento de descarga de nivel A.<\/p>\n<table>\n<tbody>\n<tr class=\"firstRow\">\n<td align=\"center\" valign=\"middle\"><strong>\u00a0 Soluci\u00f3n de sistema \u00fanico\u00a0\u00a0<\/strong><\/td>\n<\/tr>\n<\/tbody>\n<\/table>\n<p><img decoding=\"async\" title=\"Sistema \u00fanico.png\" src=\"https:\/\/en.zhonghaihuanjing.com\/uploads\/allimg\/20240827\/3-240RGF403S5.png\" alt=\"Sistema \u00fanico.png\" width=\"100%\" height=\"\" border=\"0\" vspace=\"0\" \/><\/p>\n<table>\n<tbody>\n<tr class=\"firstRow\">\n<td align=\"center\" valign=\"middle\"><strong>\u00a0 Soluci\u00f3n de sistema dual\u00a0\u00a0<\/strong><\/td>\n<\/tr>\n<\/tbody>\n<\/table>\n<p><img decoding=\"async\" title=\"Sistema 2.png\" src=\"https:\/\/en.zhonghaihuanjing.com\/uploads\/allimg\/20240827\/3-240RGF433U9.png\" alt=\"Sistema 2.png\" width=\"100%\" height=\"\" border=\"0\" vspace=\"0\" \/><\/p>\n<table>\n<tbody>\n<tr class=\"firstRow\">\n<td align=\"center\" valign=\"middle\"><strong>\u00a0 Tres soluciones de sistema\u00a0\u00a0<\/strong><\/td>\n<\/tr>\n<\/tbody>\n<\/table>\n<p><img decoding=\"async\" title=\"Tres sistemas.png\" src=\"https:\/\/en.zhonghaihuanjing.com\/uploads\/allimg\/20240827\/3-240RGF450256.png\" alt=\"Tres sistemas.png\" width=\"100%\" height=\"\" border=\"0\" vspace=\"0\" \/><\/p>\n<table>\n<tbody>\n<tr class=\"firstRow\">\n<td align=\"center\" valign=\"middle\"><strong>\u00a0 Ventajas del producto\u00a0\u00a0<\/strong><\/td>\n<\/tr>\n<\/tbody>\n<\/table>\n<p>&nbsp;<\/p>\n<p>\u00b7Tecnolog\u00eda consolidada y fiable<\/p>\n<p>\u00b7Amplio rango de aplicaciones<\/p>\n<p>\u00b7F\u00e1cil mantenimiento y funcionamiento estable<\/p>\n<p>\u00b7Alto grado de inocuidad<\/p>\n<p>\u00b7Equipo profesional de servicio posventa<\/p>\n<p>\u00b7Baja tasa de degradaci\u00f3n del nitr\u00f3geno y el f\u00f3sforo<\/p>\n<p>\u00b7Alta tasa de carga volum\u00e9trica<\/p>\n<p>\u00b7Ahorro en inversi\u00f3n y superficie<\/p>\n<p>\u00b7En funci\u00f3n de la situaci\u00f3n concreta del usuario, se pueden elegir diferentes soluciones<\/p>","protected":false},"excerpt":{"rendered":"<h2>Tecnolog\u00eda de tratamiento de esti\u00e9rcol de sistema simple, doble o triple<\/h2>\n<p>Ajuste flexible de la configuraci\u00f3n de las normas de emisi\u00f3n, que permite cumplir con la norma de emisi\u00f3n de primer nivel y la norma de riego de tierras agr\u00edcolas, adem\u00e1s de generar biog\u00e1s y fertilizante de pur\u00edn; la selecci\u00f3n puede realizarse de acuerdo con los requisitos medioambientales locales para reducir los costos operativos y de inversi\u00f3n.<\/p>","protected":false},"featured_media":1087,"comment_status":"open","ping_status":"closed","template":"","meta":[],"product_brand":[],"product_cat":[32],"product_tag":[],"class_list":{"0":"post-1086","1":"product","2":"type-product","3":"status-publish","4":"has-post-thumbnail","6":"product_cat-products","8":"first","9":"instock","10":"shipping-taxable","11":"product-type-simple"},"yoast_head":"<!-- This site is optimized with the Yoast SEO Premium plugin v25.5 (Yoast SEO v26.7) - https:\/\/yoast.com\/wordpress\/plugins\/seo\/ -->\n<title>Three system fecal treatment technology - Jiesonglin Technology<\/title>\n<meta name=\"robots\" content=\"index, follow, max-snippet:-1, max-image-preview:large, max-video-preview:-1\" \/>\n<link rel=\"canonical\" href=\"https:\/\/jiesonglin.com\/es\/product\/tecnologia-de-tratamiento-de-aguas-residuales-de-tres-etapas\/\" \/>\n<meta property=\"og:locale\" content=\"es_ES\" \/>\n<meta property=\"og:type\" content=\"article\" \/>\n<meta property=\"og:title\" content=\"Three system fecal treatment technology\" \/>\n<meta property=\"og:description\" content=\"Single system\/dual system\/triple system manure treatment technology Flexible adjustment of emission standard configuration, which can meet the first level emission standard, farmland irrigation standard, and generate biogas slurry fertilizer; Selection can be made according to local environmental requirements to reduce operating and investment costs.\" \/>\n<meta property=\"og:url\" content=\"https:\/\/jiesonglin.com\/es\/product\/tecnologia-de-tratamiento-de-aguas-residuales-de-tres-etapas\/\" \/>\n<meta property=\"og:site_name\" content=\"Jiesonglin Technology\" \/>\n<meta property=\"article:modified_time\" content=\"2025-07-13T14:56:21+00:00\" \/>\n<meta property=\"og:image\" content=\"https:\/\/jiesonglin.com\/wp-content\/uploads\/2025\/07\/\u4e09\u4e2a\u7cfb\u7edf\u7caa\u4fbf\u6cbb\u7597\u6280\u672f.jpg\" \/>\n\t<meta property=\"og:image:width\" content=\"820\" \/>\n\t<meta property=\"og:image:height\" content=\"480\" \/>\n\t<meta property=\"og:image:type\" content=\"image\/jpeg\" \/>\n<meta name=\"twitter:card\" content=\"summary_large_image\" \/>\n<meta name=\"twitter:label1\" content=\"Est. reading time\" \/>\n\t<meta name=\"twitter:data1\" content=\"1 minuto\" \/>\n<script type=\"application\/ld+json\" class=\"yoast-schema-graph\">{\"@context\":\"https:\/\/schema.org\",\"@graph\":[{\"@type\":\"WebPage\",\"@id\":\"https:\/\/jiesonglin.com\/product\/three-system-fecal-treatment-technology\/\",\"url\":\"https:\/\/jiesonglin.com\/product\/three-system-fecal-treatment-technology\/\",\"name\":\"Three system fecal treatment technology - Jiesonglin Technology\",\"isPartOf\":{\"@id\":\"https:\/\/jiesonglin.com\/#website\"},\"primaryImageOfPage\":{\"@id\":\"https:\/\/jiesonglin.com\/product\/three-system-fecal-treatment-technology\/#primaryimage\"},\"image\":{\"@id\":\"https:\/\/jiesonglin.com\/product\/three-system-fecal-treatment-technology\/#primaryimage\"},\"thumbnailUrl\":\"https:\/\/jiesonglin.com\/wp-content\/uploads\/2025\/07\/\u4e09\u4e2a\u7cfb\u7edf\u7caa\u4fbf\u6cbb\u7597\u6280\u672f.jpg\",\"datePublished\":\"2025-07-13T14:56:20+00:00\",\"dateModified\":\"2025-07-13T14:56:21+00:00\",\"breadcrumb\":{\"@id\":\"https:\/\/jiesonglin.com\/product\/three-system-fecal-treatment-technology\/#breadcrumb\"},\"inLanguage\":\"es-AR\",\"potentialAction\":[{\"@type\":\"ReadAction\",\"target\":[\"https:\/\/jiesonglin.com\/product\/three-system-fecal-treatment-technology\/\"]}]},{\"@type\":\"ImageObject\",\"inLanguage\":\"es-AR\",\"@id\":\"https:\/\/jiesonglin.com\/product\/three-system-fecal-treatment-technology\/#primaryimage\",\"url\":\"https:\/\/jiesonglin.com\/wp-content\/uploads\/2025\/07\/\u4e09\u4e2a\u7cfb\u7edf\u7caa\u4fbf\u6cbb\u7597\u6280\u672f.jpg\",\"contentUrl\":\"https:\/\/jiesonglin.com\/wp-content\/uploads\/2025\/07\/\u4e09\u4e2a\u7cfb\u7edf\u7caa\u4fbf\u6cbb\u7597\u6280\u672f.jpg\",\"width\":820,\"height\":480},{\"@type\":\"BreadcrumbList\",\"@id\":\"https:\/\/jiesonglin.com\/product\/three-system-fecal-treatment-technology\/#breadcrumb\",\"itemListElement\":[{\"@type\":\"ListItem\",\"position\":1,\"name\":\"Home\",\"item\":\"https:\/\/jiesonglin.com\/\"},{\"@type\":\"ListItem\",\"position\":2,\"name\":\"Products\",\"item\":\"https:\/\/jiesonglin.com\/shop\/\"},{\"@type\":\"ListItem\",\"position\":3,\"name\":\"Three system fecal treatment technology\"}]},{\"@type\":\"WebSite\",\"@id\":\"https:\/\/jiesonglin.com\/#website\",\"url\":\"https:\/\/jiesonglin.com\/\",\"name\":\"Jiesonglin Technology\",\"description\":\"Focus on turning organic waste into treasure\",\"publisher\":{\"@id\":\"https:\/\/jiesonglin.com\/#organization\"},\"potentialAction\":[{\"@type\":\"SearchAction\",\"target\":{\"@type\":\"EntryPoint\",\"urlTemplate\":\"https:\/\/jiesonglin.com\/?s={search_term_string}\"},\"query-input\":{\"@type\":\"PropertyValueSpecification\",\"valueRequired\":true,\"valueName\":\"search_term_string\"}}],\"inLanguage\":\"es-AR\"},{\"@type\":\"Organization\",\"@id\":\"https:\/\/jiesonglin.com\/#organization\",\"name\":\"Jiesonglin Technology\",\"url\":\"https:\/\/jiesonglin.com\/\",\"logo\":{\"@type\":\"ImageObject\",\"inLanguage\":\"es-AR\",\"@id\":\"https:\/\/jiesonglin.com\/#\/schema\/logo\/image\/\",\"url\":\"https:\/\/jiesonglin.com\/wp-content\/uploads\/2025\/07\/logo2.png\",\"contentUrl\":\"https:\/\/jiesonglin.com\/wp-content\/uploads\/2025\/07\/logo2.png\",\"width\":820,\"height\":189,\"caption\":\"Jiesonglin Technology\"},\"image\":{\"@id\":\"https:\/\/jiesonglin.com\/#\/schema\/logo\/image\/\"}}]}<\/script>\n<!-- \/ Yoast SEO Premium plugin. -->","yoast_head_json":{"title":"Tecnolog\u00eda de tratamiento de aguas fecales de tres sistemas - Jiesonglin Technology","robots":{"index":"index","follow":"follow","max-snippet":"max-snippet:-1","max-image-preview":"max-image-preview:large","max-video-preview":"max-video-preview:-1"},"canonical":"https:\/\/jiesonglin.com\/es\/product\/tecnologia-de-tratamiento-de-aguas-residuales-de-tres-etapas\/","og_locale":"es_ES","og_type":"article","og_title":"Three system fecal treatment technology","og_description":"Single system\/dual system\/triple system manure treatment technology Flexible adjustment of emission standard configuration, which can meet the first level emission standard, farmland irrigation standard, and generate biogas slurry fertilizer; Selection can be made according to local environmental requirements to reduce operating and investment costs.","og_url":"https:\/\/jiesonglin.com\/es\/product\/tecnologia-de-tratamiento-de-aguas-residuales-de-tres-etapas\/","og_site_name":"Jiesonglin Technology","article_modified_time":"2025-07-13T14:56:21+00:00","og_image":[{"width":820,"height":480,"url":"https:\/\/jiesonglin.com\/wp-content\/uploads\/2025\/07\/\u4e09\u4e2a\u7cfb\u7edf\u7caa\u4fbf\u6cbb\u7597\u6280\u672f.jpg","type":"image\/jpeg"}],"twitter_card":"summary_large_image","twitter_misc":{"Est. reading time":"1 minuto"},"schema":{"@context":"https:\/\/schema.org","@graph":[{"@type":"WebPage","@id":"https:\/\/jiesonglin.com\/product\/three-system-fecal-treatment-technology\/","url":"https:\/\/jiesonglin.com\/product\/three-system-fecal-treatment-technology\/","name":"Tecnolog\u00eda de tratamiento de aguas fecales de tres sistemas - Jiesonglin Technology","isPartOf":{"@id":"https:\/\/jiesonglin.com\/#website"},"primaryImageOfPage":{"@id":"https:\/\/jiesonglin.com\/product\/three-system-fecal-treatment-technology\/#primaryimage"},"image":{"@id":"https:\/\/jiesonglin.com\/product\/three-system-fecal-treatment-technology\/#primaryimage"},"thumbnailUrl":"https:\/\/jiesonglin.com\/wp-content\/uploads\/2025\/07\/\u4e09\u4e2a\u7cfb\u7edf\u7caa\u4fbf\u6cbb\u7597\u6280\u672f.jpg","datePublished":"2025-07-13T14:56:20+00:00","dateModified":"2025-07-13T14:56:21+00:00","breadcrumb":{"@id":"https:\/\/jiesonglin.com\/product\/three-system-fecal-treatment-technology\/#breadcrumb"},"inLanguage":"es-AR","potentialAction":[{"@type":"ReadAction","target":["https:\/\/jiesonglin.com\/product\/three-system-fecal-treatment-technology\/"]}]},{"@type":"ImageObject","inLanguage":"es-AR","@id":"https:\/\/jiesonglin.com\/product\/three-system-fecal-treatment-technology\/#primaryimage","url":"https:\/\/jiesonglin.com\/wp-content\/uploads\/2025\/07\/\u4e09\u4e2a\u7cfb\u7edf\u7caa\u4fbf\u6cbb\u7597\u6280\u672f.jpg","contentUrl":"https:\/\/jiesonglin.com\/wp-content\/uploads\/2025\/07\/\u4e09\u4e2a\u7cfb\u7edf\u7caa\u4fbf\u6cbb\u7597\u6280\u672f.jpg","width":820,"height":480},{"@type":"BreadcrumbList","@id":"https:\/\/jiesonglin.com\/product\/three-system-fecal-treatment-technology\/#breadcrumb","itemListElement":[{"@type":"ListItem","position":1,"name":"Home","item":"https:\/\/jiesonglin.com\/"},{"@type":"ListItem","position":2,"name":"Products","item":"https:\/\/jiesonglin.com\/shop\/"},{"@type":"ListItem","position":3,"name":"Three system fecal treatment technology"}]},{"@type":"WebSite","@id":"https:\/\/jiesonglin.com\/#website","url":"https:\/\/jiesonglin.com\/","name":"Jiesonglin Technology","description":"El objetivo es convertir los residuos org\u00e1nicos en un recurso valioso","publisher":{"@id":"https:\/\/jiesonglin.com\/#organization"},"potentialAction":[{"@type":"SearchAction","target":{"@type":"EntryPoint","urlTemplate":"https:\/\/jiesonglin.com\/?s={search_term_string}"},"query-input":{"@type":"PropertyValueSpecification","valueRequired":true,"valueName":"search_term_string"}}],"inLanguage":"es-AR"},{"@type":"Organization","@id":"https:\/\/jiesonglin.com\/#organization","name":"Jiesonglin Technology","url":"https:\/\/jiesonglin.com\/","logo":{"@type":"ImageObject","inLanguage":"es-AR","@id":"https:\/\/jiesonglin.com\/#\/schema\/logo\/image\/","url":"https:\/\/jiesonglin.com\/wp-content\/uploads\/2025\/07\/logo2.png","contentUrl":"https:\/\/jiesonglin.com\/wp-content\/uploads\/2025\/07\/logo2.png","width":820,"height":189,"caption":"Jiesonglin Technology"},"image":{"@id":"https:\/\/jiesonglin.com\/#\/schema\/logo\/image\/"}}]}},"acf":[],"_links":{"self":[{"href":"https:\/\/jiesonglin.com\/es\/wp-json\/wp\/v2\/product\/1086","targetHints":{"allow":["GET"]}}],"collection":[{"href":"https:\/\/jiesonglin.com\/es\/wp-json\/wp\/v2\/product"}],"about":[{"href":"https:\/\/jiesonglin.com\/es\/wp-json\/wp\/v2\/types\/product"}],"replies":[{"embeddable":true,"href":"https:\/\/jiesonglin.com\/es\/wp-json\/wp\/v2\/comments?post=1086"}],"wp:featuredmedia":[{"embeddable":true,"href":"https:\/\/jiesonglin.com\/es\/wp-json\/wp\/v2\/media\/1087"}],"wp:attachment":[{"href":"https:\/\/jiesonglin.com\/es\/wp-json\/wp\/v2\/media?parent=1086"}],"wp:term":[{"taxonomy":"product_brand","embeddable":true,"href":"https:\/\/jiesonglin.com\/es\/wp-json\/wp\/v2\/product_brand?post=1086"},{"taxonomy":"product_cat","embeddable":true,"href":"https:\/\/jiesonglin.com\/es\/wp-json\/wp\/v2\/product_cat?post=1086"},{"taxonomy":"product_tag","embeddable":true,"href":"https:\/\/jiesonglin.com\/es\/wp-json\/wp\/v2\/product_tag?post=1086"}],"curies":[{"name":"wp","href":"https:\/\/api.w.org\/{rel}","templated":true}]}}