{"id":1088,"date":"2025-07-13T14:59:40","date_gmt":"2025-07-13T14:59:40","guid":{"rendered":"https:\/\/jiesonglin.com\/?post_type=product&#038;p=1088"},"modified":"2025-07-13T14:59:40","modified_gmt":"2025-07-13T14:59:40","slug":"plataforma-en-la-nube-para-la-agricultura-sostenible","status":"publish","type":"product","link":"https:\/\/jiesonglin.com\/es\/product\/environmental-agriculture-cloud-platform\/","title":{"rendered":"Plataforma en la nube para la agricultura sostenible"},"content":{"rendered":"<p><strong>Plataforma en la nube para la agricultura sostenible\u00a0<\/strong><\/p>\n<p>La Plataforma en la Nube de Agricultura Ambiental Jiesonglin utiliza el big data y el Internet de las cosas para recopilar y analizar datos procedentes de la vigilancia meteorol\u00f3gica, los an\u00e1lisis de suelo, el control de la calidad del agua, la videovigilancia y otras fuentes. Establece una plataforma en la nube de monitoreo en l\u00ednea y control de la producci\u00f3n para fuentes de contaminaci\u00f3n difusa, tales como los cultivos agr\u00edcolas, la cr\u00eda de ganado y aves de corral, la acuicultura, la utilizaci\u00f3n integral de la paja y la vida rural, proporcionando una base de datos para que los departamentos de producci\u00f3n logren reducir costos, mejorar la eficiencia y aumentar la calidad. Proporciona una plataforma regulatoria estandarizada, visualizada y estructurada para los departamentos reguladores, y ofrece una base para la investigaci\u00f3n cient\u00edfica, la investigaci\u00f3n, el monitoreo y la evaluaci\u00f3n de la eficacia de la gobernanza. Se utiliza ampliamente en proyectos de control integral de la contaminaci\u00f3n agr\u00edcola de fuentes difusas y en proyectos de promoci\u00f3n a nivel de condado para la utilizaci\u00f3n de recursos del esti\u00e9rcol de ganado y aves de corral. Controla con precisi\u00f3n la producci\u00f3n de proyectos de tratamiento de residuos s\u00f3lidos y proyectos de tratamiento de aguas de esti\u00e9rcol de ganado.<\/p>\n<table>\n<tbody>\n<tr class=\"firstRow\">\n<td align=\"center\" valign=\"middle\"><strong>\u00a0 Hoja de ruta tecnol\u00f3gica\u00a0\u00a0<\/strong><\/td>\n<\/tr>\n<\/tbody>\n<\/table>\n<p><img decoding=\"async\" title=\"flujo.png\" src=\"https:\/\/en.zhonghaihuanjing.com\/uploads\/allimg\/20240827\/3-240RGF31C13.png\" alt=\"flujo.png\" width=\"100%\" height=\"\" border=\"0\" vspace=\"0\" \/><\/p>\n<table>\n<tbody>\n<tr class=\"firstRow\">\n<td align=\"center\" valign=\"middle\"><strong>\u00a0 Arquitectura de la plataforma\u00a0\u00a0<\/strong><\/td>\n<\/tr>\n<\/tbody>\n<\/table>\n<p><img decoding=\"async\" title=\"Arquitectura.png\" src=\"https:\/\/en.zhonghaihuanjing.com\/uploads\/allimg\/20240827\/3-240RGF331116.png\" alt=\"Arquitectura.png\" width=\"100%\" height=\"\" border=\"0\" vspace=\"0\" \/><\/p>","protected":false},"excerpt":{"rendered":"<h2>Plan de seguimiento de la utilizaci\u00f3n de los residuos org\u00e1nicos<\/h2>\n<p>La Plataforma en la Nube de Agricultura y Medio Ambiente de Zhonghai utiliza el big data y el Internet de las cosas para recopilar y analizar datos procedentes de la vigilancia meteorol\u00f3gica, los an\u00e1lisis de suelo, el control de la calidad del agua, la videovigilancia y otras fuentes. Establece una plataforma en la nube de monitoreo en l\u00ednea y control de la producci\u00f3n para fuentes de contaminaci\u00f3n difusa, tales como los cultivos agr\u00edcolas, la cr\u00eda de ganado y aves de corral, la acuicultura, la aprovechamiento integral de la paja y la vida rural, proporcionando una base de datos para que los departamentos de producci\u00f3n logren reducir costos, mejorar la eficiencia y aumentar la calidad. Proporciona una plataforma regulatoria estandarizada, visualizada y estructurada para los departamentos reguladores, y ofrece una base para la investigaci\u00f3n cient\u00edfica, la investigaci\u00f3n, el monitoreo y la evaluaci\u00f3n de la eficacia de la gobernanza. Se utiliza ampliamente en proyectos de control integral de la contaminaci\u00f3n agr\u00edcola de fuentes difusas y en proyectos de promoci\u00f3n a nivel de condado para la utilizaci\u00f3n de recursos del esti\u00e9rcol de ganado y aves de corral. Controla con precisi\u00f3n la producci\u00f3n de proyectos de tratamiento de residuos s\u00f3lidos y proyectos de tratamiento de aguas residuales de esti\u00e9rcol de ganado.<\/p>","protected":false},"featured_media":1089,"comment_status":"open","ping_status":"closed","template":"","meta":[],"product_brand":[],"product_cat":[32],"product_tag":[],"class_list":{"0":"post-1088","1":"product","2":"type-product","3":"status-publish","4":"has-post-thumbnail","6":"product_cat-products","8":"first","9":"instock","10":"shipping-taxable","11":"product-type-simple"},"yoast_head":"<!-- This site is optimized with the Yoast SEO Premium plugin v25.5 (Yoast SEO v26.7) - https:\/\/yoast.com\/wordpress\/plugins\/seo\/ -->\n<title>Environmental Agriculture Cloud Platform - Jiesonglin Technology<\/title>\n<meta name=\"robots\" content=\"index, follow, max-snippet:-1, max-image-preview:large, max-video-preview:-1\" \/>\n<link rel=\"canonical\" href=\"https:\/\/jiesonglin.com\/es\/product\/plataforma-en-la-nube-para-la-agricultura-sostenible\/\" \/>\n<meta property=\"og:locale\" content=\"es_ES\" \/>\n<meta property=\"og:type\" content=\"article\" \/>\n<meta property=\"og:title\" content=\"Environmental Agriculture Cloud Platform\" \/>\n<meta property=\"og:description\" content=\"Monitoring Plan for Resource Utilization of Organic Waste The Zhonghai Environmental Agriculture Cloud Platform utilizes big data and the Internet of Things to aggregate and analyze data from meteorological monitoring, soil testing, water quality monitoring, video surveillance, and other sources. Establish an online monitoring cloud platform and production control for non-point source pollution sources such as agricultural planting, livestock and poultry breeding, aquaculture, comprehensive utilization of straw, and rural life, providing data basis for production departments to achieve cost reduction, efficiency improvement, and quality improvement. Provide a standardized, visualized, and structured regulatory platform for regulatory departments, and provide a basis for scientific research, investigation, monitoring, and evaluation of governance effectiveness. Widely used in comprehensive control projects for agricultural non-point source pollution and county wide promotion projects for the resource utilization of livestock and poultry manure. Accurately control the production of solid waste treatment projects and livestock manure wastewater treatment projects.\" \/>\n<meta property=\"og:url\" content=\"https:\/\/jiesonglin.com\/es\/product\/plataforma-en-la-nube-para-la-agricultura-sostenible\/\" \/>\n<meta property=\"og:site_name\" content=\"Jiesonglin Technology\" \/>\n<meta property=\"og:image\" content=\"https:\/\/jiesonglin.com\/wp-content\/uploads\/2025\/07\/\u4e91\u68c0\u6d4b.jpg\" \/>\n\t<meta property=\"og:image:width\" content=\"820\" \/>\n\t<meta property=\"og:image:height\" content=\"480\" \/>\n\t<meta property=\"og:image:type\" content=\"image\/jpeg\" \/>\n<meta name=\"twitter:card\" content=\"summary_large_image\" \/>\n<meta name=\"twitter:label1\" content=\"Est. reading time\" \/>\n\t<meta name=\"twitter:data1\" content=\"1 minuto\" \/>\n<script type=\"application\/ld+json\" class=\"yoast-schema-graph\">{\"@context\":\"https:\/\/schema.org\",\"@graph\":[{\"@type\":\"WebPage\",\"@id\":\"https:\/\/jiesonglin.com\/product\/environmental-agriculture-cloud-platform\/\",\"url\":\"https:\/\/jiesonglin.com\/product\/environmental-agriculture-cloud-platform\/\",\"name\":\"Environmental Agriculture Cloud Platform - Jiesonglin Technology\",\"isPartOf\":{\"@id\":\"https:\/\/jiesonglin.com\/#website\"},\"primaryImageOfPage\":{\"@id\":\"https:\/\/jiesonglin.com\/product\/environmental-agriculture-cloud-platform\/#primaryimage\"},\"image\":{\"@id\":\"https:\/\/jiesonglin.com\/product\/environmental-agriculture-cloud-platform\/#primaryimage\"},\"thumbnailUrl\":\"https:\/\/jiesonglin.com\/wp-content\/uploads\/2025\/07\/\u4e91\u68c0\u6d4b.jpg\",\"datePublished\":\"2025-07-13T14:59:40+00:00\",\"breadcrumb\":{\"@id\":\"https:\/\/jiesonglin.com\/product\/environmental-agriculture-cloud-platform\/#breadcrumb\"},\"inLanguage\":\"es-AR\",\"potentialAction\":[{\"@type\":\"ReadAction\",\"target\":[\"https:\/\/jiesonglin.com\/product\/environmental-agriculture-cloud-platform\/\"]}]},{\"@type\":\"ImageObject\",\"inLanguage\":\"es-AR\",\"@id\":\"https:\/\/jiesonglin.com\/product\/environmental-agriculture-cloud-platform\/#primaryimage\",\"url\":\"https:\/\/jiesonglin.com\/wp-content\/uploads\/2025\/07\/\u4e91\u68c0\u6d4b.jpg\",\"contentUrl\":\"https:\/\/jiesonglin.com\/wp-content\/uploads\/2025\/07\/\u4e91\u68c0\u6d4b.jpg\",\"width\":820,\"height\":480},{\"@type\":\"BreadcrumbList\",\"@id\":\"https:\/\/jiesonglin.com\/product\/environmental-agriculture-cloud-platform\/#breadcrumb\",\"itemListElement\":[{\"@type\":\"ListItem\",\"position\":1,\"name\":\"Home\",\"item\":\"https:\/\/jiesonglin.com\/\"},{\"@type\":\"ListItem\",\"position\":2,\"name\":\"Products\",\"item\":\"https:\/\/jiesonglin.com\/shop\/\"},{\"@type\":\"ListItem\",\"position\":3,\"name\":\"Environmental Agriculture Cloud Platform\"}]},{\"@type\":\"WebSite\",\"@id\":\"https:\/\/jiesonglin.com\/#website\",\"url\":\"https:\/\/jiesonglin.com\/\",\"name\":\"Jiesonglin Technology\",\"description\":\"Focus on turning organic waste into treasure\",\"publisher\":{\"@id\":\"https:\/\/jiesonglin.com\/#organization\"},\"potentialAction\":[{\"@type\":\"SearchAction\",\"target\":{\"@type\":\"EntryPoint\",\"urlTemplate\":\"https:\/\/jiesonglin.com\/?s={search_term_string}\"},\"query-input\":{\"@type\":\"PropertyValueSpecification\",\"valueRequired\":true,\"valueName\":\"search_term_string\"}}],\"inLanguage\":\"es-AR\"},{\"@type\":\"Organization\",\"@id\":\"https:\/\/jiesonglin.com\/#organization\",\"name\":\"Jiesonglin Technology\",\"url\":\"https:\/\/jiesonglin.com\/\",\"logo\":{\"@type\":\"ImageObject\",\"inLanguage\":\"es-AR\",\"@id\":\"https:\/\/jiesonglin.com\/#\/schema\/logo\/image\/\",\"url\":\"https:\/\/jiesonglin.com\/wp-content\/uploads\/2025\/07\/logo2.png\",\"contentUrl\":\"https:\/\/jiesonglin.com\/wp-content\/uploads\/2025\/07\/logo2.png\",\"width\":820,\"height\":189,\"caption\":\"Jiesonglin Technology\"},\"image\":{\"@id\":\"https:\/\/jiesonglin.com\/#\/schema\/logo\/image\/\"}}]}<\/script>\n<!-- \/ Yoast SEO Premium plugin. -->","yoast_head_json":{"title":"Plataforma en la nube para la agricultura sostenible - Jiesonglin Technology","robots":{"index":"index","follow":"follow","max-snippet":"max-snippet:-1","max-image-preview":"max-image-preview:large","max-video-preview":"max-video-preview:-1"},"canonical":"https:\/\/jiesonglin.com\/es\/product\/plataforma-en-la-nube-para-la-agricultura-sostenible\/","og_locale":"es_ES","og_type":"article","og_title":"Environmental Agriculture Cloud Platform","og_description":"Monitoring Plan for Resource Utilization of Organic Waste The Zhonghai Environmental Agriculture Cloud Platform utilizes big data and the Internet of Things to aggregate and analyze data from meteorological monitoring, soil testing, water quality monitoring, video surveillance, and other sources. Establish an online monitoring cloud platform and production control for non-point source pollution sources such as agricultural planting, livestock and poultry breeding, aquaculture, comprehensive utilization of straw, and rural life, providing data basis for production departments to achieve cost reduction, efficiency improvement, and quality improvement. Provide a standardized, visualized, and structured regulatory platform for regulatory departments, and provide a basis for scientific research, investigation, monitoring, and evaluation of governance effectiveness. Widely used in comprehensive control projects for agricultural non-point source pollution and county wide promotion projects for the resource utilization of livestock and poultry manure. Accurately control the production of solid waste treatment projects and livestock manure wastewater treatment projects.","og_url":"https:\/\/jiesonglin.com\/es\/product\/plataforma-en-la-nube-para-la-agricultura-sostenible\/","og_site_name":"Jiesonglin Technology","og_image":[{"width":820,"height":480,"url":"https:\/\/jiesonglin.com\/wp-content\/uploads\/2025\/07\/\u4e91\u68c0\u6d4b.jpg","type":"image\/jpeg"}],"twitter_card":"summary_large_image","twitter_misc":{"Est. reading time":"1 minuto"},"schema":{"@context":"https:\/\/schema.org","@graph":[{"@type":"WebPage","@id":"https:\/\/jiesonglin.com\/product\/environmental-agriculture-cloud-platform\/","url":"https:\/\/jiesonglin.com\/product\/environmental-agriculture-cloud-platform\/","name":"Plataforma en la nube para la agricultura sostenible - Jiesonglin Technology","isPartOf":{"@id":"https:\/\/jiesonglin.com\/#website"},"primaryImageOfPage":{"@id":"https:\/\/jiesonglin.com\/product\/environmental-agriculture-cloud-platform\/#primaryimage"},"image":{"@id":"https:\/\/jiesonglin.com\/product\/environmental-agriculture-cloud-platform\/#primaryimage"},"thumbnailUrl":"https:\/\/jiesonglin.com\/wp-content\/uploads\/2025\/07\/\u4e91\u68c0\u6d4b.jpg","datePublished":"2025-07-13T14:59:40+00:00","breadcrumb":{"@id":"https:\/\/jiesonglin.com\/product\/environmental-agriculture-cloud-platform\/#breadcrumb"},"inLanguage":"es-AR","potentialAction":[{"@type":"ReadAction","target":["https:\/\/jiesonglin.com\/product\/environmental-agriculture-cloud-platform\/"]}]},{"@type":"ImageObject","inLanguage":"es-AR","@id":"https:\/\/jiesonglin.com\/product\/environmental-agriculture-cloud-platform\/#primaryimage","url":"https:\/\/jiesonglin.com\/wp-content\/uploads\/2025\/07\/\u4e91\u68c0\u6d4b.jpg","contentUrl":"https:\/\/jiesonglin.com\/wp-content\/uploads\/2025\/07\/\u4e91\u68c0\u6d4b.jpg","width":820,"height":480},{"@type":"BreadcrumbList","@id":"https:\/\/jiesonglin.com\/product\/environmental-agriculture-cloud-platform\/#breadcrumb","itemListElement":[{"@type":"ListItem","position":1,"name":"Home","item":"https:\/\/jiesonglin.com\/"},{"@type":"ListItem","position":2,"name":"Products","item":"https:\/\/jiesonglin.com\/shop\/"},{"@type":"ListItem","position":3,"name":"Environmental Agriculture Cloud Platform"}]},{"@type":"WebSite","@id":"https:\/\/jiesonglin.com\/#website","url":"https:\/\/jiesonglin.com\/","name":"Jiesonglin Technology","description":"El objetivo es convertir los residuos org\u00e1nicos en un recurso valioso","publisher":{"@id":"https:\/\/jiesonglin.com\/#organization"},"potentialAction":[{"@type":"SearchAction","target":{"@type":"EntryPoint","urlTemplate":"https:\/\/jiesonglin.com\/?s={search_term_string}"},"query-input":{"@type":"PropertyValueSpecification","valueRequired":true,"valueName":"search_term_string"}}],"inLanguage":"es-AR"},{"@type":"Organization","@id":"https:\/\/jiesonglin.com\/#organization","name":"Jiesonglin Technology","url":"https:\/\/jiesonglin.com\/","logo":{"@type":"ImageObject","inLanguage":"es-AR","@id":"https:\/\/jiesonglin.com\/#\/schema\/logo\/image\/","url":"https:\/\/jiesonglin.com\/wp-content\/uploads\/2025\/07\/logo2.png","contentUrl":"https:\/\/jiesonglin.com\/wp-content\/uploads\/2025\/07\/logo2.png","width":820,"height":189,"caption":"Jiesonglin Technology"},"image":{"@id":"https:\/\/jiesonglin.com\/#\/schema\/logo\/image\/"}}]}},"acf":[],"_links":{"self":[{"href":"https:\/\/jiesonglin.com\/es\/wp-json\/wp\/v2\/product\/1088","targetHints":{"allow":["GET"]}}],"collection":[{"href":"https:\/\/jiesonglin.com\/es\/wp-json\/wp\/v2\/product"}],"about":[{"href":"https:\/\/jiesonglin.com\/es\/wp-json\/wp\/v2\/types\/product"}],"replies":[{"embeddable":true,"href":"https:\/\/jiesonglin.com\/es\/wp-json\/wp\/v2\/comments?post=1088"}],"wp:featuredmedia":[{"embeddable":true,"href":"https:\/\/jiesonglin.com\/es\/wp-json\/wp\/v2\/media\/1089"}],"wp:attachment":[{"href":"https:\/\/jiesonglin.com\/es\/wp-json\/wp\/v2\/media?parent=1088"}],"wp:term":[{"taxonomy":"product_brand","embeddable":true,"href":"https:\/\/jiesonglin.com\/es\/wp-json\/wp\/v2\/product_brand?post=1088"},{"taxonomy":"product_cat","embeddable":true,"href":"https:\/\/jiesonglin.com\/es\/wp-json\/wp\/v2\/product_cat?post=1088"},{"taxonomy":"product_tag","embeddable":true,"href":"https:\/\/jiesonglin.com\/es\/wp-json\/wp\/v2\/product_tag?post=1088"}],"curies":[{"name":"wp","href":"https:\/\/api.w.org\/{rel}","templated":true}]}}