{"id":1077,"date":"2025-07-13T14:26:57","date_gmt":"2025-07-13T14:26:57","guid":{"rendered":"https:\/\/jiesonglin.com\/?post_type=product&#038;p=1077"},"modified":"2025-10-24T05:46:28","modified_gmt":"2025-10-24T05:46:28","slug":"caixa-de-compostagem-ambiental-ecs","status":"publish","type":"product","link":"https:\/\/jiesonglin.com\/pt\/product\/ecs-environmental-composting-bin\/","title":{"rendered":"Caixa de compostagem ambiental ECS"},"content":{"rendered":"<p><strong>Caixa de compostagem ambiental ECS\u00a0<\/strong><\/p>\n<p>&nbsp;<\/p>\n<table>\n<tbody>\n<tr class=\"firstRow\">\n<td align=\"center\" valign=\"middle\" width=\"180\"><strong>Processo de solu\u00e7\u00e3o<\/strong><\/td>\n<\/tr>\n<\/tbody>\n<\/table>\n<p><img decoding=\"async\" title=\"\u79cd\u7c7b.png\" src=\"https:\/\/en.zhonghaihuanjing.com\/uploads\/allimg\/20240827\/3-240RGF019349.png\" alt=\"\u79cd\u7c7b.png\" width=\"100%\" height=\"\" border=\"0\" vspace=\"0\" \/><\/p>\n<table>\n<tbody>\n<tr class=\"firstRow\">\n<td align=\"center\" valign=\"middle\" width=\"300\"><strong>Composi\u00e7\u00e3o do produto acabado<\/strong><\/td>\n<\/tr>\n<\/tbody>\n<\/table>\n<p>&nbsp;<\/p>\n<p><strong>Equipamento principal:\u00a0<\/strong>A carca\u00e7a do equipamento \u00e9 dividida em dois tipos: Material PP e material de a\u00e7o carbono, que s\u00e3o resistentes \u00e0 corros\u00e3o e \u00e0 umidade, e t\u00eam fun\u00e7\u00e3o de isolamento.<\/p>\n<p><strong>Membrana molecular inteligente NCS:\u00a0<\/strong>O material da membrana funcional com cobertura superior \u00e9 um material especializado de membrana e-PTFE com microporos especialmente projetados. Ao utilizar sua permeabilidade seletiva, o vapor de \u00e1gua e o di\u00f3xido de carbono gerados durante a fermenta\u00e7\u00e3o podem se difundir para fora da estrutura microporosa da membrana funcional, enquanto a \u00e1gua l\u00edquida externa (\u00e1gua da chuva, \u00e1gua da neve) n\u00e3o pode entrar na membrana. Por meio da ventila\u00e7\u00e3o ativa, uma cavidade interna de press\u00e3o micro positiva \u00e9 formada dentro da c\u00e2mara de fermenta\u00e7\u00e3o, mantendo, assim, o equil\u00edbrio do fluxo de ar dentro e fora da caixa de fermenta\u00e7\u00e3o, alcan\u00e7ando um ambiente clim\u00e1tico relativamente constante, garantindo que a fermenta\u00e7\u00e3o aer\u00f3bica ocorra de forma mais completa e completa, e que os microrganismos patog\u00eanicos sejam efetivamente mortos; as subst\u00e2ncias odor\u00edferas geradas durante a fermenta\u00e7\u00e3o, como a am\u00f4nia, podem se dissolver no vapor de \u00e1gua dentro da membrana e se condensar na pilha, reduzindo efetivamente as emiss\u00f5es de odor e a perda de nitrog\u00eanio, e ajudando a melhorar o teor de nitrog\u00eanio dos fertilizantes org\u00e2nicos e a qualidade do composto.<\/p>\n<p><strong>Sistema de fornecimento de ar de micro press\u00e3o:<\/strong>\u00a0Por meio do c\u00e1lculo cient\u00edfico de f\u00f3rmulas e par\u00e2metros t\u00e9cnicos abrangentes, como resist\u00eancia da membrana, tamanho da pilha e propriedades do material, projete ventiladores correspondentes, conex\u00f5es de tubula\u00e7\u00e3o, layout do orif\u00edcio de ar e configura\u00e7\u00e3o do volume de ar para atender ao suprimento de oxig\u00eanio para fermenta\u00e7\u00e3o aer\u00f3bica de diferentes pilhas.<\/p>\n<p><strong>Sistema de coleta de lixiviados:<\/strong>\u00a0composto de telas de filtro, tanques de coleta e v\u00e1lvulas, usado para coletar \u00e1guas residuais org\u00e2nicas geradas durante o processo de fermenta\u00e7\u00e3o, obter r\u00e1pida remo\u00e7\u00e3o de \u00e1gua, manter um ambiente de fermenta\u00e7\u00e3o seco e higi\u00eanico, reduzir o crescimento bacteriano e evitar a polui\u00e7\u00e3o secund\u00e1ria durante todo o processo de fermenta\u00e7\u00e3o. Ele ajuda a atender aos padr\u00f5es ambientais e a realizar o trabalho de preven\u00e7\u00e3o de epidemias animais na fazenda de cria\u00e7\u00e3o.<\/p>\n<p><strong>Sistema de controle inteligente:<\/strong>\u00a0Coleta em tempo real de par\u00e2metros ambientais, como temperatura, umidade, concentra\u00e7\u00e3o de oxig\u00eanio, valor de pH, bem como cor do material de fermenta\u00e7\u00e3o, odor e outras informa\u00e7\u00f5es por meio de dispositivos de detec\u00e7\u00e3o, estabelecendo um grande banco de dados de fatores que afetam a pilha de fermenta\u00e7\u00e3o e uma plataforma de controle de processamento; ao adotar um sistema de controle PLC, o APP de configura\u00e7\u00e3o de nuvem m\u00f3vel pode ser integrado ao sistema de controle autom\u00e1tico no local e aos terminais de equipamentos. Os dados de monitoramento em tempo real, combinados com a orienta\u00e7\u00e3o remota de especialistas, podem ser usados para controlar remotamente o equipamento e obter uma opera\u00e7\u00e3o n\u00e3o tripulada de 24 horas. O ajuste em tempo real dos par\u00e2metros operacionais do equipamento pode ser feito para obter um controle inteligente e automatizado do processo de fermenta\u00e7\u00e3o, reduzindo o custo de m\u00e3o de obra de equipamentos que exigem opera\u00e7\u00e3o cont\u00ednua ou intermitente.<\/p>\n<table>\n<tbody>\n<tr class=\"firstRow\">\n<td align=\"center\" valign=\"middle\" width=\"180\"><strong>Processo de solu\u00e7\u00e3o<\/strong><\/td>\n<\/tr>\n<\/tbody>\n<\/table>\n<p><img decoding=\"async\" title=\"\u6d41\u7a0b.png\" src=\"https:\/\/en.zhonghaihuanjing.com\/uploads\/allimg\/20240827\/3-240RGF0334W.png\" alt=\"\u6d41\u7a0b.png\" width=\"100%\" height=\"\" border=\"0\" vspace=\"0\" \/><\/p>\n<table>\n<tbody>\n<tr class=\"firstRow\">\n<td align=\"center\" valign=\"middle\" width=\"220\"><strong>Par\u00e2metros t\u00e9cnicos<\/strong><\/td>\n<\/tr>\n<\/tbody>\n<\/table>\n<p><img decoding=\"async\" title=\"ECS\u5904\u7406\u91cf.png\" src=\"https:\/\/en.zhonghaihuanjing.com\/uploads\/allimg\/20240827\/3-240RGF0462W.png\" alt=\"ECS\u5904\u7406\u91cf.png\" width=\"100%\" height=\"\" border=\"0\" vspace=\"0\" \/><\/p>\n<table>\n<tbody>\n<tr class=\"firstRow\">\n<td align=\"center\" valign=\"middle\" width=\"220\"><strong>Vantagens do produto<\/strong><\/td>\n<\/tr>\n<\/tbody>\n<\/table>\n<p>&nbsp;<\/p>\n<p><strong>-N\u00e3o h\u00e1 necessidade de engenharia civil:\u00a0<\/strong>A opera\u00e7\u00e3o ao ar livre n\u00e3o exige a constru\u00e7\u00e3o de um pr\u00e9dio de f\u00e1brica.<\/p>\n<p><strong>-Prote\u00e7\u00e3o ambiental e isolamento de odores:\u00a0<\/strong>O ambiente de fermenta\u00e7\u00e3o \u00e9 selado e isolado, anticorros\u00e3o e \u00e0 prova de umidade, robusto e dur\u00e1vel, com tr\u00eas camadas de material de filme para prote\u00e7\u00e3o ambiental e isolamento de odores.<\/p>\n<p><strong>-Flex\u00edvel e m\u00f3vel:<\/strong>\u00a0Design integrado, sem necessidade de instala\u00e7\u00e3o, economizando tempo e esfor\u00e7o.<\/p>\n<p><strong>-Opera\u00e7\u00e3o totalmente automatizada:\u00a0<\/strong>sem necessidade de virar, fermenta\u00e7\u00e3o est\u00e1tica, sem necessidade de interven\u00e7\u00e3o manual.<\/p>\n<p><strong>-Bom efeito de fermenta\u00e7\u00e3o:\u00a0<\/strong>Bom efeito de fermenta\u00e7\u00e3o, alto teor de nitrog\u00eanio e utiliza\u00e7\u00e3o de recursos.<\/p>\n<p><strong>-Baixo custo de investimento:\u00a0<\/strong>Baixo custo de equipamento, sem necessidade de virar, controle inteligente, economia de m\u00e3o de obra.<\/p>\n<p><strong>-Equipado com uma camada de isolamento especial:\u00a0<\/strong>uma camada especial de isolamento que atinge rapidamente a temperatura de fermenta\u00e7\u00e3o.<\/p>\n<p><strong>-Aplicabilidade ampla:\u00a0<\/strong>Adequado para res\u00edduos org\u00e2nicos, como esterco de gado e aves, res\u00edduos de cozinha, palha, vegetais, lodo org\u00e2nico e res\u00edduos de jardim.<\/p>\n<div class=\"simg-pop-btn\" style=\"top: 1123.92px; left: 14px; display: none;\"><\/div>\n<div class=\"simg-pop-btn\" style=\"top: 1123.92px; left: 14px; display: none;\"><\/div>\n<div class=\"simg-pop-btn\" style=\"top: 1819.83px; left: 14px; display: none;\"><\/div>\n<div class=\"simg-pop-btn\" style=\"top: 1819.83px; left: 14px; display: none;\"><\/div>\n<div class=\"simg-pop-btn\" style=\"top: 160px; left: 14px; display: none;\"><\/div>\n<div class=\"simg-pop-btn\" style=\"top: 160px; left: 14px; display: none;\"><\/div>","protected":false},"excerpt":{"rendered":"<h2>Equipamento de fermenta\u00e7\u00e3o aer\u00f3bica em pequena escala<\/h2>\n<p>A caixa de compostagem inteligente com membrana ECS \u00e9 um equipamento de fermenta\u00e7\u00e3o de compostagem e armazenamento de esterco em pequena escala desenvolvido independentemente pela Jiesonglin Tech para o tratamento de esterco gerado por fazendas de cria\u00e7\u00e3o em pequena escala e agricultores individuais. Esse equipamento tecnol\u00f3gico resolve com efic\u00e1cia os problemas do setor de muitas fazendas de cria\u00e7\u00e3o em pequena escala, locais de cria\u00e7\u00e3o dispersos e instala\u00e7\u00f5es de prote\u00e7\u00e3o ambiental geralmente incompletas. Sua tecnologia principal \u00e9 o derivado e o avan\u00e7o da tecnologia de compostagem coberta por filme molecular inteligente NCS.<\/p>","protected":false},"featured_media":1080,"comment_status":"open","ping_status":"closed","template":"","meta":[],"product_brand":[],"product_cat":[32],"product_tag":[],"class_list":{"0":"post-1077","1":"product","2":"type-product","3":"status-publish","4":"has-post-thumbnail","6":"product_cat-products","8":"first","9":"instock","10":"shipping-taxable","11":"product-type-simple"},"yoast_head":"<!-- This site is optimized with the Yoast SEO Premium plugin v25.5 (Yoast SEO v26.7) - https:\/\/yoast.com\/wordpress\/plugins\/seo\/ -->\n<title>ECS environmental composting bin - Jiesonglin Technology<\/title>\n<meta name=\"robots\" content=\"index, follow, max-snippet:-1, max-image-preview:large, max-video-preview:-1\" \/>\n<link rel=\"canonical\" href=\"https:\/\/jiesonglin.com\/pt\/product\/caixa-de-compostagem-ambiental-ecs\/\" \/>\n<meta property=\"og:locale\" content=\"pt_BR\" \/>\n<meta property=\"og:type\" content=\"article\" \/>\n<meta property=\"og:title\" content=\"ECS environmental composting bin\" \/>\n<meta property=\"og:description\" content=\"Small scale aerobic fermentation equipment The ECS membrane intelligent composting box is a small-scale manure storage and composting fermentation equipment independently developed by Jiesonglin Tech for the treatment of manure generated by small-scale breeding farms and individual farmers. This technology equipment effectively solves the industry problems of many small-scale breeding farms, scattered breeding farm locations, and generally incomplete environmental protection facilities; Its core technology is the derivative and breakthrough of NCS intelligent molecular film covered composting technology.\" \/>\n<meta property=\"og:url\" content=\"https:\/\/jiesonglin.com\/pt\/product\/caixa-de-compostagem-ambiental-ecs\/\" \/>\n<meta property=\"og:site_name\" content=\"Jiesonglin Technology\" \/>\n<meta property=\"article:modified_time\" content=\"2025-10-24T05:46:28+00:00\" \/>\n<meta property=\"og:image\" content=\"https:\/\/jiesonglin.com\/wp-content\/uploads\/2025\/07\/\u5806\u80a5\u7bb1.jpg\" \/>\n\t<meta property=\"og:image:width\" content=\"1969\" \/>\n\t<meta property=\"og:image:height\" content=\"1183\" \/>\n\t<meta property=\"og:image:type\" content=\"image\/jpeg\" \/>\n<meta name=\"twitter:card\" content=\"summary_large_image\" \/>\n<meta name=\"twitter:label1\" content=\"Est. reading time\" \/>\n\t<meta name=\"twitter:data1\" content=\"4 minutos\" \/>\n<script type=\"application\/ld+json\" class=\"yoast-schema-graph\">{\"@context\":\"https:\/\/schema.org\",\"@graph\":[{\"@type\":\"WebPage\",\"@id\":\"https:\/\/jiesonglin.com\/product\/ecs-environmental-composting-bin\/\",\"url\":\"https:\/\/jiesonglin.com\/product\/ecs-environmental-composting-bin\/\",\"name\":\"ECS environmental composting bin - Jiesonglin Technology\",\"isPartOf\":{\"@id\":\"https:\/\/jiesonglin.com\/#website\"},\"primaryImageOfPage\":{\"@id\":\"https:\/\/jiesonglin.com\/product\/ecs-environmental-composting-bin\/#primaryimage\"},\"image\":{\"@id\":\"https:\/\/jiesonglin.com\/product\/ecs-environmental-composting-bin\/#primaryimage\"},\"thumbnailUrl\":\"https:\/\/jiesonglin.com\/wp-content\/uploads\/2025\/07\/\u5806\u80a5\u7bb1.jpg\",\"datePublished\":\"2025-07-13T14:26:57+00:00\",\"dateModified\":\"2025-10-24T05:46:28+00:00\",\"breadcrumb\":{\"@id\":\"https:\/\/jiesonglin.com\/product\/ecs-environmental-composting-bin\/#breadcrumb\"},\"inLanguage\":\"pt-BR\",\"potentialAction\":[{\"@type\":\"ReadAction\",\"target\":[\"https:\/\/jiesonglin.com\/product\/ecs-environmental-composting-bin\/\"]}]},{\"@type\":\"ImageObject\",\"inLanguage\":\"pt-BR\",\"@id\":\"https:\/\/jiesonglin.com\/product\/ecs-environmental-composting-bin\/#primaryimage\",\"url\":\"https:\/\/jiesonglin.com\/wp-content\/uploads\/2025\/07\/\u5806\u80a5\u7bb1.jpg\",\"contentUrl\":\"https:\/\/jiesonglin.com\/wp-content\/uploads\/2025\/07\/\u5806\u80a5\u7bb1.jpg\",\"width\":1969,\"height\":1183},{\"@type\":\"BreadcrumbList\",\"@id\":\"https:\/\/jiesonglin.com\/product\/ecs-environmental-composting-bin\/#breadcrumb\",\"itemListElement\":[{\"@type\":\"ListItem\",\"position\":1,\"name\":\"Home\",\"item\":\"https:\/\/jiesonglin.com\/\"},{\"@type\":\"ListItem\",\"position\":2,\"name\":\"Products\",\"item\":\"https:\/\/jiesonglin.com\/shop\/\"},{\"@type\":\"ListItem\",\"position\":3,\"name\":\"ECS environmental composting bin\"}]},{\"@type\":\"WebSite\",\"@id\":\"https:\/\/jiesonglin.com\/#website\",\"url\":\"https:\/\/jiesonglin.com\/\",\"name\":\"Jiesonglin Technology\",\"description\":\"Focus on turning organic waste into treasure\",\"publisher\":{\"@id\":\"https:\/\/jiesonglin.com\/#organization\"},\"potentialAction\":[{\"@type\":\"SearchAction\",\"target\":{\"@type\":\"EntryPoint\",\"urlTemplate\":\"https:\/\/jiesonglin.com\/?s={search_term_string}\"},\"query-input\":{\"@type\":\"PropertyValueSpecification\",\"valueRequired\":true,\"valueName\":\"search_term_string\"}}],\"inLanguage\":\"pt-BR\"},{\"@type\":\"Organization\",\"@id\":\"https:\/\/jiesonglin.com\/#organization\",\"name\":\"Jiesonglin Technology\",\"url\":\"https:\/\/jiesonglin.com\/\",\"logo\":{\"@type\":\"ImageObject\",\"inLanguage\":\"pt-BR\",\"@id\":\"https:\/\/jiesonglin.com\/#\/schema\/logo\/image\/\",\"url\":\"https:\/\/jiesonglin.com\/wp-content\/uploads\/2025\/07\/logo2.png\",\"contentUrl\":\"https:\/\/jiesonglin.com\/wp-content\/uploads\/2025\/07\/logo2.png\",\"width\":820,\"height\":189,\"caption\":\"Jiesonglin Technology\"},\"image\":{\"@id\":\"https:\/\/jiesonglin.com\/#\/schema\/logo\/image\/\"}}]}<\/script>\n<!-- \/ Yoast SEO Premium plugin. -->","yoast_head_json":{"title":"Caixa de compostagem ambiental ECS - Jiesonglin Technology","robots":{"index":"index","follow":"follow","max-snippet":"max-snippet:-1","max-image-preview":"max-image-preview:large","max-video-preview":"max-video-preview:-1"},"canonical":"https:\/\/jiesonglin.com\/pt\/product\/caixa-de-compostagem-ambiental-ecs\/","og_locale":"pt_BR","og_type":"article","og_title":"ECS environmental composting bin","og_description":"Small scale aerobic fermentation equipment The ECS membrane intelligent composting box is a small-scale manure storage and composting fermentation equipment independently developed by Jiesonglin Tech for the treatment of manure generated by small-scale breeding farms and individual farmers. This technology equipment effectively solves the industry problems of many small-scale breeding farms, scattered breeding farm locations, and generally incomplete environmental protection facilities; Its core technology is the derivative and breakthrough of NCS intelligent molecular film covered composting technology.","og_url":"https:\/\/jiesonglin.com\/pt\/product\/caixa-de-compostagem-ambiental-ecs\/","og_site_name":"Jiesonglin Technology","article_modified_time":"2025-10-24T05:46:28+00:00","og_image":[{"width":1969,"height":1183,"url":"https:\/\/jiesonglin.com\/wp-content\/uploads\/2025\/07\/\u5806\u80a5\u7bb1.jpg","type":"image\/jpeg"}],"twitter_card":"summary_large_image","twitter_misc":{"Est. reading time":"4 minutos"},"schema":{"@context":"https:\/\/schema.org","@graph":[{"@type":"WebPage","@id":"https:\/\/jiesonglin.com\/product\/ecs-environmental-composting-bin\/","url":"https:\/\/jiesonglin.com\/product\/ecs-environmental-composting-bin\/","name":"Caixa de compostagem ambiental ECS - Jiesonglin Technology","isPartOf":{"@id":"https:\/\/jiesonglin.com\/#website"},"primaryImageOfPage":{"@id":"https:\/\/jiesonglin.com\/product\/ecs-environmental-composting-bin\/#primaryimage"},"image":{"@id":"https:\/\/jiesonglin.com\/product\/ecs-environmental-composting-bin\/#primaryimage"},"thumbnailUrl":"https:\/\/jiesonglin.com\/wp-content\/uploads\/2025\/07\/\u5806\u80a5\u7bb1.jpg","datePublished":"2025-07-13T14:26:57+00:00","dateModified":"2025-10-24T05:46:28+00:00","breadcrumb":{"@id":"https:\/\/jiesonglin.com\/product\/ecs-environmental-composting-bin\/#breadcrumb"},"inLanguage":"pt-BR","potentialAction":[{"@type":"ReadAction","target":["https:\/\/jiesonglin.com\/product\/ecs-environmental-composting-bin\/"]}]},{"@type":"ImageObject","inLanguage":"pt-BR","@id":"https:\/\/jiesonglin.com\/product\/ecs-environmental-composting-bin\/#primaryimage","url":"https:\/\/jiesonglin.com\/wp-content\/uploads\/2025\/07\/\u5806\u80a5\u7bb1.jpg","contentUrl":"https:\/\/jiesonglin.com\/wp-content\/uploads\/2025\/07\/\u5806\u80a5\u7bb1.jpg","width":1969,"height":1183},{"@type":"BreadcrumbList","@id":"https:\/\/jiesonglin.com\/product\/ecs-environmental-composting-bin\/#breadcrumb","itemListElement":[{"@type":"ListItem","position":1,"name":"Home","item":"https:\/\/jiesonglin.com\/"},{"@type":"ListItem","position":2,"name":"Products","item":"https:\/\/jiesonglin.com\/shop\/"},{"@type":"ListItem","position":3,"name":"ECS environmental composting bin"}]},{"@type":"WebSite","@id":"https:\/\/jiesonglin.com\/#website","url":"https:\/\/jiesonglin.com\/","name":"Tecnologia Jiesonglin","description":"Foco na transforma\u00e7\u00e3o de res\u00edduos org\u00e2nicos em tesouros","publisher":{"@id":"https:\/\/jiesonglin.com\/#organization"},"potentialAction":[{"@type":"SearchAction","target":{"@type":"EntryPoint","urlTemplate":"https:\/\/jiesonglin.com\/?s={search_term_string}"},"query-input":{"@type":"PropertyValueSpecification","valueRequired":true,"valueName":"search_term_string"}}],"inLanguage":"pt-BR"},{"@type":"Organization","@id":"https:\/\/jiesonglin.com\/#organization","name":"Tecnologia Jiesonglin","url":"https:\/\/jiesonglin.com\/","logo":{"@type":"ImageObject","inLanguage":"pt-BR","@id":"https:\/\/jiesonglin.com\/#\/schema\/logo\/image\/","url":"https:\/\/jiesonglin.com\/wp-content\/uploads\/2025\/07\/logo2.png","contentUrl":"https:\/\/jiesonglin.com\/wp-content\/uploads\/2025\/07\/logo2.png","width":820,"height":189,"caption":"Jiesonglin Technology"},"image":{"@id":"https:\/\/jiesonglin.com\/#\/schema\/logo\/image\/"}}]}},"acf":[],"_links":{"self":[{"href":"https:\/\/jiesonglin.com\/pt\/wp-json\/wp\/v2\/product\/1077","targetHints":{"allow":["GET"]}}],"collection":[{"href":"https:\/\/jiesonglin.com\/pt\/wp-json\/wp\/v2\/product"}],"about":[{"href":"https:\/\/jiesonglin.com\/pt\/wp-json\/wp\/v2\/types\/product"}],"replies":[{"embeddable":true,"href":"https:\/\/jiesonglin.com\/pt\/wp-json\/wp\/v2\/comments?post=1077"}],"wp:featuredmedia":[{"embeddable":true,"href":"https:\/\/jiesonglin.com\/pt\/wp-json\/wp\/v2\/media\/1080"}],"wp:attachment":[{"href":"https:\/\/jiesonglin.com\/pt\/wp-json\/wp\/v2\/media?parent=1077"}],"wp:term":[{"taxonomy":"product_brand","embeddable":true,"href":"https:\/\/jiesonglin.com\/pt\/wp-json\/wp\/v2\/product_brand?post=1077"},{"taxonomy":"product_cat","embeddable":true,"href":"https:\/\/jiesonglin.com\/pt\/wp-json\/wp\/v2\/product_cat?post=1077"},{"taxonomy":"product_tag","embeddable":true,"href":"https:\/\/jiesonglin.com\/pt\/wp-json\/wp\/v2\/product_tag?post=1077"}],"curies":[{"name":"wp","href":"https:\/\/api.w.org\/{rel}","templated":true}]}}