{"id":1081,"date":"2025-07-13T14:30:43","date_gmt":"2025-07-13T14:30:43","guid":{"rendered":"https:\/\/jiesonglin.com\/?post_type=product&#038;p=1081"},"modified":"2025-07-15T15:29:19","modified_gmt":"2025-07-15T15:29:19","slug":"oficina-movel-de-compostagem-por-membrana-sem-odor-da-pmc","status":"publish","type":"product","link":"https:\/\/jiesonglin.com\/pt\/product\/pmc-mobile-odorless-membrane-composting-workshop\/","title":{"rendered":"Workshop de Compostagem por Membrana Inodora M\u00f3vel da PMC"},"content":{"rendered":"<p><strong>Workshop de Compostagem por Membrana Inodora M\u00f3vel da PMC<\/strong><\/p>\n<table>\n<tbody>\n<tr class=\"firstRow\">\n<td align=\"center\" valign=\"middle\" width=\"280\"><strong>Introdu\u00e7\u00e3o ao equipamento<\/strong><\/td>\n<\/tr>\n<\/tbody>\n<\/table>\n<p>A oficina m\u00f3vel de compostagem de filme inodoro da PMC combina a ess\u00eancia da tecnologia de fermenta\u00e7\u00e3o de compostagem de filme molecular e o design do equipamento. Essa s\u00e9rie de equipamentos n\u00e3o apenas simplifica o processo de instala\u00e7\u00e3o no local, mas tamb\u00e9m reduz bastante o per\u00edodo de constru\u00e7\u00e3o. Ela tem as caracter\u00edsticas de um equipamento abrangente sem engenharia civil, sem a necessidade de endurecimento do terreno e constru\u00e7\u00e3o de tanques complexos. Apenas transportando o equipamento para o local designado, ele pode ser rapidamente colocado em uso, melhorando muito a efici\u00eancia da constru\u00e7\u00e3o do projeto e trazendo conveni\u00eancia e efici\u00eancia sem precedentes para o campo de fermenta\u00e7\u00e3o de compostagem.<\/p>\n<table>\n<tbody>\n<tr class=\"firstRow\">\n<td align=\"center\" valign=\"middle\" width=\"200\"><strong>Processo de solu\u00e7\u00e3o<\/strong><\/td>\n<\/tr>\n<\/tbody>\n<\/table>\n<p><img decoding=\"async\" title=\"\u5efa\u8bbe\u6d41\u7a0b.png\" src=\"https:\/\/en.zhonghaihuanjing.com\/uploads\/allimg\/20240827\/3-240RGF2311J.png\" alt=\"\u5efa\u8bbe\u6d41\u7a0b.png\" width=\"100%\" height=\"\" border=\"0\" vspace=\"0\" \/><\/p>\n<table>\n<tbody>\n<tr class=\"firstRow\">\n<td align=\"center\" valign=\"middle\" width=\"220\"><strong>Par\u00e2metros t\u00e9cnicos<\/strong><\/td>\n<\/tr>\n<\/tbody>\n<\/table>\n<p><img decoding=\"async\" title=\"\u5904\u7406\u91cf.png\" src=\"https:\/\/en.zhonghaihuanjing.com\/uploads\/allimg\/20240827\/3-240RGF249201.png\" alt=\"\u5904\u7406\u91cf.png\" width=\"100%\" height=\"\" border=\"0\" vspace=\"0\" \/><\/p>\n<table>\n<tbody>\n<tr class=\"firstRow\">\n<td align=\"center\" valign=\"middle\" width=\"220\"><strong>Vantagens do produto<\/strong><\/td>\n<\/tr>\n<\/tbody>\n<\/table>\n<p><strong>-Totalmente equipado:<\/strong>\u00a0Substitua a constru\u00e7\u00e3o civil tradicional por formas totalmente equipadas, sem a necessidade de endurecimento do solo e constru\u00e7\u00e3o de muros de conten\u00e7\u00e3o, economizando tempo e custos.<\/p>\n<p><strong>-Montagem r\u00e1pida:<\/strong>\u00a0f\u00e1cil de instalar e desmontar, sem necessidade de grandes equipamentos de eleva\u00e7\u00e3o, e pode ser conclu\u00eddo por duas pessoas em dois dias.<\/p>\n<p><strong>-Flex\u00edvel e remov\u00edvel:\u00a0<\/strong>Sem restri\u00e7\u00f5es ambientais e de local, o planejamento do local \u00e9 mais flex\u00edvel e pode ser usado v\u00e1rias vezes.<\/p>\n<p><strong>-Embalagem autom\u00e1tica de filme:\u00a0<\/strong>Design integrado, que permite o empacotamento autom\u00e1tico do filme sem a necessidade de equipamentos auxiliares.<\/p>\n<p><strong>-Amigo do meio ambiente e livre de polui\u00e7\u00e3o:<\/strong>\u00a0Ecologicamente correto e inodoro, sem polui\u00e7\u00e3o ambiental, com bom efeito de fermenta\u00e7\u00e3o e alto teor de nitrog\u00eanio em fertilizantes org\u00e2nicos.<\/p>\n<p><strong>-Os tamanhos podem ser personalizados:\u00a0<\/strong>Diferentes tamanhos e especifica\u00e7\u00f5es podem ser personalizados para atender a necessidades espec\u00edficas.<\/p>","protected":false},"excerpt":{"rendered":"<h4>Equipamento abrangente sem engenharia civil<\/h4>\n<p>A oficina m\u00f3vel de compostagem de filme inodoro da PMC combina a ess\u00eancia da tecnologia de fermenta\u00e7\u00e3o de compostagem de filme molecular e o design do equipamento. Essa s\u00e9rie de equipamentos n\u00e3o apenas simplifica o processo de instala\u00e7\u00e3o no local, mas tamb\u00e9m reduz bastante o per\u00edodo de constru\u00e7\u00e3o. Ela tem as caracter\u00edsticas de um equipamento abrangente sem engenharia civil, sem a necessidade de endurecimento do terreno e constru\u00e7\u00e3o de tanques complexos. Apenas transportando o equipamento para o local designado, ele pode ser rapidamente colocado em uso, melhorando consideravelmente a efici\u00eancia da constru\u00e7\u00e3o do projeto. Trazendo conveni\u00eancia e efici\u00eancia sem precedentes para o campo da fermenta\u00e7\u00e3o de compostagem.<\/p>","protected":false},"featured_media":1106,"comment_status":"open","ping_status":"closed","template":"","meta":[],"product_brand":[],"product_cat":[32],"product_tag":[],"class_list":{"0":"post-1081","1":"product","2":"type-product","3":"status-publish","4":"has-post-thumbnail","6":"product_cat-products","8":"first","9":"instock","10":"shipping-taxable","11":"product-type-simple"},"yoast_head":"<!-- This site is optimized with the Yoast SEO Premium plugin v25.5 (Yoast SEO v26.7) - https:\/\/yoast.com\/wordpress\/plugins\/seo\/ -->\n<title>PMC Mobile Odorless Membrane Composting Workshop - Jiesonglin Technology<\/title>\n<meta name=\"robots\" content=\"index, follow, max-snippet:-1, max-image-preview:large, max-video-preview:-1\" \/>\n<link rel=\"canonical\" href=\"https:\/\/jiesonglin.com\/pt\/product\/oficina-movel-de-compostagem-por-membrana-sem-odor-da-pmc\/\" \/>\n<meta property=\"og:locale\" content=\"pt_BR\" \/>\n<meta property=\"og:type\" content=\"article\" \/>\n<meta property=\"og:title\" content=\"PMC Mobile Odorless Membrane Composting Workshop\" \/>\n<meta property=\"og:description\" content=\"Comprehensive equipment without civil engineering The PMC mobile odorless film composting workshop combines the essence of molecular film composting fermentation technology and equipment design. This series of equipment not only simplifies the on-site installation process, but also greatly shortens the construction period. It has the characteristics of comprehensive equipment without civil engineering, without the need for land hardening and complex tank construction. Only by transporting the equipment to the designated location, it can be quickly put into use, greatly improving the efficiency of project construction. Bringing unprecedented convenience and efficiency to the field of composting fermentation.\" \/>\n<meta property=\"og:url\" content=\"https:\/\/jiesonglin.com\/pt\/product\/oficina-movel-de-compostagem-por-membrana-sem-odor-da-pmc\/\" \/>\n<meta property=\"og:site_name\" content=\"Jiesonglin Technology\" \/>\n<meta property=\"article:modified_time\" content=\"2025-07-15T15:29:19+00:00\" \/>\n<meta property=\"og:image\" content=\"https:\/\/jiesonglin.com\/wp-content\/uploads\/2025\/07\/\u77e2\u91cf\u667a\u80fd\u5bf9\u8c61-\u62f7\u8d1d-3-scaled.png\" \/>\n\t<meta property=\"og:image:width\" content=\"2560\" \/>\n\t<meta property=\"og:image:height\" content=\"1548\" \/>\n\t<meta property=\"og:image:type\" content=\"image\/png\" \/>\n<meta name=\"twitter:card\" content=\"summary_large_image\" \/>\n<meta name=\"twitter:label1\" content=\"Est. reading time\" \/>\n\t<meta name=\"twitter:data1\" content=\"1 minuto\" \/>\n<script type=\"application\/ld+json\" class=\"yoast-schema-graph\">{\"@context\":\"https:\/\/schema.org\",\"@graph\":[{\"@type\":\"WebPage\",\"@id\":\"https:\/\/jiesonglin.com\/product\/pmc-mobile-odorless-membrane-composting-workshop\/\",\"url\":\"https:\/\/jiesonglin.com\/product\/pmc-mobile-odorless-membrane-composting-workshop\/\",\"name\":\"PMC Mobile Odorless Membrane Composting Workshop - Jiesonglin Technology\",\"isPartOf\":{\"@id\":\"https:\/\/jiesonglin.com\/#website\"},\"primaryImageOfPage\":{\"@id\":\"https:\/\/jiesonglin.com\/product\/pmc-mobile-odorless-membrane-composting-workshop\/#primaryimage\"},\"image\":{\"@id\":\"https:\/\/jiesonglin.com\/product\/pmc-mobile-odorless-membrane-composting-workshop\/#primaryimage\"},\"thumbnailUrl\":\"https:\/\/jiesonglin.com\/wp-content\/uploads\/2025\/07\/\u77e2\u91cf\u667a\u80fd\u5bf9\u8c61-\u62f7\u8d1d-3-scaled.png\",\"datePublished\":\"2025-07-13T14:30:43+00:00\",\"dateModified\":\"2025-07-15T15:29:19+00:00\",\"breadcrumb\":{\"@id\":\"https:\/\/jiesonglin.com\/product\/pmc-mobile-odorless-membrane-composting-workshop\/#breadcrumb\"},\"inLanguage\":\"pt-BR\",\"potentialAction\":[{\"@type\":\"ReadAction\",\"target\":[\"https:\/\/jiesonglin.com\/product\/pmc-mobile-odorless-membrane-composting-workshop\/\"]}]},{\"@type\":\"ImageObject\",\"inLanguage\":\"pt-BR\",\"@id\":\"https:\/\/jiesonglin.com\/product\/pmc-mobile-odorless-membrane-composting-workshop\/#primaryimage\",\"url\":\"https:\/\/jiesonglin.com\/wp-content\/uploads\/2025\/07\/\u77e2\u91cf\u667a\u80fd\u5bf9\u8c61-\u62f7\u8d1d-3-scaled.png\",\"contentUrl\":\"https:\/\/jiesonglin.com\/wp-content\/uploads\/2025\/07\/\u77e2\u91cf\u667a\u80fd\u5bf9\u8c61-\u62f7\u8d1d-3-scaled.png\",\"width\":2560,\"height\":1548},{\"@type\":\"BreadcrumbList\",\"@id\":\"https:\/\/jiesonglin.com\/product\/pmc-mobile-odorless-membrane-composting-workshop\/#breadcrumb\",\"itemListElement\":[{\"@type\":\"ListItem\",\"position\":1,\"name\":\"Home\",\"item\":\"https:\/\/jiesonglin.com\/\"},{\"@type\":\"ListItem\",\"position\":2,\"name\":\"Products\",\"item\":\"https:\/\/jiesonglin.com\/shop\/\"},{\"@type\":\"ListItem\",\"position\":3,\"name\":\"PMC Mobile Odorless Membrane Composting Workshop\"}]},{\"@type\":\"WebSite\",\"@id\":\"https:\/\/jiesonglin.com\/#website\",\"url\":\"https:\/\/jiesonglin.com\/\",\"name\":\"Jiesonglin Technology\",\"description\":\"Focus on turning organic waste into treasure\",\"publisher\":{\"@id\":\"https:\/\/jiesonglin.com\/#organization\"},\"potentialAction\":[{\"@type\":\"SearchAction\",\"target\":{\"@type\":\"EntryPoint\",\"urlTemplate\":\"https:\/\/jiesonglin.com\/?s={search_term_string}\"},\"query-input\":{\"@type\":\"PropertyValueSpecification\",\"valueRequired\":true,\"valueName\":\"search_term_string\"}}],\"inLanguage\":\"pt-BR\"},{\"@type\":\"Organization\",\"@id\":\"https:\/\/jiesonglin.com\/#organization\",\"name\":\"Jiesonglin Technology\",\"url\":\"https:\/\/jiesonglin.com\/\",\"logo\":{\"@type\":\"ImageObject\",\"inLanguage\":\"pt-BR\",\"@id\":\"https:\/\/jiesonglin.com\/#\/schema\/logo\/image\/\",\"url\":\"https:\/\/jiesonglin.com\/wp-content\/uploads\/2025\/07\/logo2.png\",\"contentUrl\":\"https:\/\/jiesonglin.com\/wp-content\/uploads\/2025\/07\/logo2.png\",\"width\":820,\"height\":189,\"caption\":\"Jiesonglin Technology\"},\"image\":{\"@id\":\"https:\/\/jiesonglin.com\/#\/schema\/logo\/image\/\"}}]}<\/script>\n<!-- \/ Yoast SEO Premium plugin. -->","yoast_head_json":{"title":"Workshop de compostagem por membrana sem odor da PMC Mobile - Jiesonglin Technology","robots":{"index":"index","follow":"follow","max-snippet":"max-snippet:-1","max-image-preview":"max-image-preview:large","max-video-preview":"max-video-preview:-1"},"canonical":"https:\/\/jiesonglin.com\/pt\/product\/oficina-movel-de-compostagem-por-membrana-sem-odor-da-pmc\/","og_locale":"pt_BR","og_type":"article","og_title":"PMC Mobile Odorless Membrane Composting Workshop","og_description":"Comprehensive equipment without civil engineering The PMC mobile odorless film composting workshop combines the essence of molecular film composting fermentation technology and equipment design. This series of equipment not only simplifies the on-site installation process, but also greatly shortens the construction period. It has the characteristics of comprehensive equipment without civil engineering, without the need for land hardening and complex tank construction. Only by transporting the equipment to the designated location, it can be quickly put into use, greatly improving the efficiency of project construction. Bringing unprecedented convenience and efficiency to the field of composting fermentation.","og_url":"https:\/\/jiesonglin.com\/pt\/product\/oficina-movel-de-compostagem-por-membrana-sem-odor-da-pmc\/","og_site_name":"Jiesonglin Technology","article_modified_time":"2025-07-15T15:29:19+00:00","og_image":[{"width":2560,"height":1548,"url":"https:\/\/jiesonglin.com\/wp-content\/uploads\/2025\/07\/\u77e2\u91cf\u667a\u80fd\u5bf9\u8c61-\u62f7\u8d1d-3-scaled.png","type":"image\/png"}],"twitter_card":"summary_large_image","twitter_misc":{"Est. reading time":"1 minuto"},"schema":{"@context":"https:\/\/schema.org","@graph":[{"@type":"WebPage","@id":"https:\/\/jiesonglin.com\/product\/pmc-mobile-odorless-membrane-composting-workshop\/","url":"https:\/\/jiesonglin.com\/product\/pmc-mobile-odorless-membrane-composting-workshop\/","name":"Workshop de compostagem por membrana sem odor da PMC Mobile - Jiesonglin Technology","isPartOf":{"@id":"https:\/\/jiesonglin.com\/#website"},"primaryImageOfPage":{"@id":"https:\/\/jiesonglin.com\/product\/pmc-mobile-odorless-membrane-composting-workshop\/#primaryimage"},"image":{"@id":"https:\/\/jiesonglin.com\/product\/pmc-mobile-odorless-membrane-composting-workshop\/#primaryimage"},"thumbnailUrl":"https:\/\/jiesonglin.com\/wp-content\/uploads\/2025\/07\/\u77e2\u91cf\u667a\u80fd\u5bf9\u8c61-\u62f7\u8d1d-3-scaled.png","datePublished":"2025-07-13T14:30:43+00:00","dateModified":"2025-07-15T15:29:19+00:00","breadcrumb":{"@id":"https:\/\/jiesonglin.com\/product\/pmc-mobile-odorless-membrane-composting-workshop\/#breadcrumb"},"inLanguage":"pt-BR","potentialAction":[{"@type":"ReadAction","target":["https:\/\/jiesonglin.com\/product\/pmc-mobile-odorless-membrane-composting-workshop\/"]}]},{"@type":"ImageObject","inLanguage":"pt-BR","@id":"https:\/\/jiesonglin.com\/product\/pmc-mobile-odorless-membrane-composting-workshop\/#primaryimage","url":"https:\/\/jiesonglin.com\/wp-content\/uploads\/2025\/07\/\u77e2\u91cf\u667a\u80fd\u5bf9\u8c61-\u62f7\u8d1d-3-scaled.png","contentUrl":"https:\/\/jiesonglin.com\/wp-content\/uploads\/2025\/07\/\u77e2\u91cf\u667a\u80fd\u5bf9\u8c61-\u62f7\u8d1d-3-scaled.png","width":2560,"height":1548},{"@type":"BreadcrumbList","@id":"https:\/\/jiesonglin.com\/product\/pmc-mobile-odorless-membrane-composting-workshop\/#breadcrumb","itemListElement":[{"@type":"ListItem","position":1,"name":"Home","item":"https:\/\/jiesonglin.com\/"},{"@type":"ListItem","position":2,"name":"Products","item":"https:\/\/jiesonglin.com\/shop\/"},{"@type":"ListItem","position":3,"name":"PMC Mobile Odorless Membrane Composting Workshop"}]},{"@type":"WebSite","@id":"https:\/\/jiesonglin.com\/#website","url":"https:\/\/jiesonglin.com\/","name":"Tecnologia Jiesonglin","description":"Foco na transforma\u00e7\u00e3o de res\u00edduos org\u00e2nicos em tesouros","publisher":{"@id":"https:\/\/jiesonglin.com\/#organization"},"potentialAction":[{"@type":"SearchAction","target":{"@type":"EntryPoint","urlTemplate":"https:\/\/jiesonglin.com\/?s={search_term_string}"},"query-input":{"@type":"PropertyValueSpecification","valueRequired":true,"valueName":"search_term_string"}}],"inLanguage":"pt-BR"},{"@type":"Organization","@id":"https:\/\/jiesonglin.com\/#organization","name":"Tecnologia Jiesonglin","url":"https:\/\/jiesonglin.com\/","logo":{"@type":"ImageObject","inLanguage":"pt-BR","@id":"https:\/\/jiesonglin.com\/#\/schema\/logo\/image\/","url":"https:\/\/jiesonglin.com\/wp-content\/uploads\/2025\/07\/logo2.png","contentUrl":"https:\/\/jiesonglin.com\/wp-content\/uploads\/2025\/07\/logo2.png","width":820,"height":189,"caption":"Jiesonglin Technology"},"image":{"@id":"https:\/\/jiesonglin.com\/#\/schema\/logo\/image\/"}}]}},"acf":[],"_links":{"self":[{"href":"https:\/\/jiesonglin.com\/pt\/wp-json\/wp\/v2\/product\/1081","targetHints":{"allow":["GET"]}}],"collection":[{"href":"https:\/\/jiesonglin.com\/pt\/wp-json\/wp\/v2\/product"}],"about":[{"href":"https:\/\/jiesonglin.com\/pt\/wp-json\/wp\/v2\/types\/product"}],"replies":[{"embeddable":true,"href":"https:\/\/jiesonglin.com\/pt\/wp-json\/wp\/v2\/comments?post=1081"}],"wp:featuredmedia":[{"embeddable":true,"href":"https:\/\/jiesonglin.com\/pt\/wp-json\/wp\/v2\/media\/1106"}],"wp:attachment":[{"href":"https:\/\/jiesonglin.com\/pt\/wp-json\/wp\/v2\/media?parent=1081"}],"wp:term":[{"taxonomy":"product_brand","embeddable":true,"href":"https:\/\/jiesonglin.com\/pt\/wp-json\/wp\/v2\/product_brand?post=1081"},{"taxonomy":"product_cat","embeddable":true,"href":"https:\/\/jiesonglin.com\/pt\/wp-json\/wp\/v2\/product_cat?post=1081"},{"taxonomy":"product_tag","embeddable":true,"href":"https:\/\/jiesonglin.com\/pt\/wp-json\/wp\/v2\/product_tag?post=1081"}],"curies":[{"name":"wp","href":"https:\/\/api.w.org\/{rel}","templated":true}]}}