{"id":1082,"date":"2025-07-14T10:26:19","date_gmt":"2025-07-14T10:26:19","guid":{"rendered":"https:\/\/jiesonglin.com\/?post_type=product&#038;p=1082"},"modified":"2025-07-15T07:51:30","modified_gmt":"2025-07-15T07:51:30","slug":"tecnologia-e-equipamentos-completos-inteligentes-de-baixo-carbono-para-toda-a-cadeia-do-setor","status":"publish","type":"product","link":"https:\/\/jiesonglin.com\/pt\/product\/smart-low-carbon-complete-technology-and-equipment-for-the-entire-industry-chain\/","title":{"rendered":"Tecnologia e equipamentos completos e inteligentes de baixo carbono para toda a cadeia do setor"},"content":{"rendered":"<table>\n<tbody>\n<tr class=\"firstRow\">\n<td align=\"center\" valign=\"middle\" width=\"500\"><strong>Equipamentos de suporte para toda a cadeia do setor<\/strong><\/td>\n<\/tr>\n<\/tbody>\n<\/table>\n<p><strong>\u00a0 Equipamento de separa\u00e7\u00e3o s\u00f3lido-l\u00edquido<\/strong><\/p>\n<p>&nbsp;<\/p>\n<p>&nbsp;<\/p>\n<table width=\"100%\">\n<tbody>\n<tr class=\"firstRow\">\n<td align=\"center\" valign=\"middle\" width=\"114\"><img decoding=\"async\" title=\"\" src=\"https:\/\/en.zhonghaihuanjing.com\/uploads\/allimg\/20240812\/2-240Q21GS2V8.png\" alt=\"\u56fe\u72473.png\" \/><\/td>\n<td align=\"center\" valign=\"middle\" width=\"21\"><\/td>\n<td align=\"center\" valign=\"middle\" width=\"114\"><img decoding=\"async\" title=\"\" src=\"https:\/\/en.zhonghaihuanjing.com\/uploads\/allimg\/20240812\/2-240Q21H144S1.png\" alt=\"\u56fe\u72477.png\" \/><\/td>\n<td align=\"center\" valign=\"middle\" width=\"21\"><\/td>\n<td align=\"center\" valign=\"middle\" width=\"115\"><img decoding=\"async\" title=\"\" src=\"https:\/\/en.zhonghaihuanjing.com\/uploads\/allimg\/20240812\/2-240Q21H2314K.png\" alt=\"\u56fe\u72475.png\" \/><\/td>\n<td align=\"center\" valign=\"middle\" width=\"21\"><\/td>\n<td align=\"center\" valign=\"middle\" width=\"114\"><img decoding=\"async\" title=\"\" src=\"https:\/\/en.zhonghaihuanjing.com\/uploads\/allimg\/20240812\/2-240Q2203304W9.png\" alt=\"\u56fe\u72476.png\" \/><\/td>\n<td align=\"center\" valign=\"middle\" width=\"21\"><\/td>\n<td align=\"center\" valign=\"middle\" width=\"115\"><img decoding=\"async\" title=\"\" src=\"https:\/\/en.zhonghaihuanjing.com\/uploads\/allimg\/20240812\/2-240Q220434C04.png\" alt=\"\u56fe\u72476.png\" \/><\/td>\n<\/tr>\n<tr>\n<td align=\"center\" valign=\"middle\" width=\"114\">Separador s\u00f3lido-l\u00edquido com tela inclinada<\/td>\n<td align=\"center\" valign=\"middle\" width=\"21\"><\/td>\n<td align=\"center\" valign=\"middle\" width=\"114\">Extrusora em espiral<\/td>\n<td align=\"center\" valign=\"middle\" width=\"21\"><\/td>\n<td align=\"center\" valign=\"middle\" width=\"115\">Extrusora secund\u00e1ria<\/td>\n<td align=\"center\" valign=\"middle\" width=\"21\"><\/td>\n<td align=\"center\" valign=\"middle\" width=\"114\">M\u00e1quina de desaguamento de lodo de parafuso empilhado<\/td>\n<td align=\"center\" valign=\"middle\" width=\"21\"><\/td>\n<td align=\"center\" valign=\"middle\" width=\"115\">Filtro prensa de placa e estrutura<\/td>\n<\/tr>\n<\/tbody>\n<\/table>\n<p><strong>\u00a0 Equipamento auxiliar de fermenta\u00e7\u00e3o<\/strong><\/p>\n<table width=\"100%\">\n<tbody>\n<tr class=\"firstRow\">\n<td align=\"center\" valign=\"middle\" width=\"311\"><img decoding=\"async\" title=\"\" src=\"https:\/\/en.zhonghaihuanjing.com\/uploads\/allimg\/20240812\/2-240Q21U05L31.png\" alt=\"image.png\" width=\"100%\" \/><\/td>\n<td align=\"center\" valign=\"middle\" width=\"21\"><\/td>\n<td align=\"center\" valign=\"middle\" width=\"311\"><img fetchpriority=\"high\" decoding=\"async\" class=\"alignnone size-medium wp-image-1093\" src=\"https:\/\/jiesonglin.com\/wp-content\/uploads\/2025\/07\/\u5c65\u5e26\u7ffb\u5806\u673a-300x223.png\" alt=\"\" width=\"300\" height=\"223\" srcset=\"https:\/\/jiesonglin.com\/wp-content\/uploads\/2025\/07\/\u5c65\u5e26\u7ffb\u5806\u673a-300x223.png 300w, https:\/\/jiesonglin.com\/wp-content\/uploads\/2025\/07\/\u5c65\u5e26\u7ffb\u5806\u673a-1024x762.png 1024w, https:\/\/jiesonglin.com\/wp-content\/uploads\/2025\/07\/\u5c65\u5e26\u7ffb\u5806\u673a-768x572.png 768w, https:\/\/jiesonglin.com\/wp-content\/uploads\/2025\/07\/\u5c65\u5e26\u7ffb\u5806\u673a-16x12.png 16w, https:\/\/jiesonglin.com\/wp-content\/uploads\/2025\/07\/\u5c65\u5e26\u7ffb\u5806\u673a-600x446.png 600w, https:\/\/jiesonglin.com\/wp-content\/uploads\/2025\/07\/\u5c65\u5e26\u7ffb\u5806\u673a.png 1153w\" sizes=\"(max-width: 300px) 100vw, 300px\" \/><\/td>\n<td align=\"center\" valign=\"middle\" width=\"21\"><\/td>\n<td align=\"center\" valign=\"middle\" width=\"310\"><img decoding=\"async\" title=\"\" src=\"https:\/\/en.zhonghaihuanjing.com\/uploads\/allimg\/20240812\/2-240Q21U121D5.png\" alt=\"image.png\" width=\"100%\" \/><\/td>\n<td align=\"center\" valign=\"middle\" width=\"22\"><\/td>\n<td align=\"center\" valign=\"middle\" width=\"311\"><img decoding=\"async\" title=\"\" src=\"https:\/\/en.zhonghaihuanjing.com\/uploads\/allimg\/20240812\/2-240Q21U129564.png\" alt=\"image.png\" width=\"100%\" \/><\/td>\n<\/tr>\n<tr>\n<td align=\"center\" valign=\"middle\" width=\"311\">M\u00e1quina de lamina\u00e7\u00e3o de filme montada na parede<\/td>\n<td align=\"center\" valign=\"middle\" width=\"21\"><\/td>\n<td align=\"center\" valign=\"middle\" width=\"311\">M\u00e1quina de virar autopropulsada<\/td>\n<td align=\"center\" valign=\"middle\" width=\"21\"><\/td>\n<td align=\"center\" valign=\"middle\" width=\"310\">M\u00e1quina de lamina\u00e7\u00e3o, invers\u00e3o e lan\u00e7amento do tipo slot<\/td>\n<td align=\"center\" valign=\"middle\" width=\"22\"><\/td>\n<td align=\"center\" valign=\"middle\" width=\"311\">M\u00e1quina autopropelida de lamina\u00e7\u00e3o e invers\u00e3o<\/td>\n<\/tr>\n<\/tbody>\n<\/table>\n<p><strong>\u00a0 Linha de produ\u00e7\u00e3o de fertilizante org\u00e2nico de baixo custo, baixo carbono e totalmente autom\u00e1tica<\/strong><\/p>\n<table width=\"100%\">\n<tbody>\n<tr class=\"firstRow\">\n<td align=\"center\" valign=\"middle\" width=\"114\"><img decoding=\"async\" title=\"\" src=\"https:\/\/en.zhonghaihuanjing.com\/uploads\/allimg\/20240812\/2-240Q2140ZU57.png\" alt=\"\u56fe\u5c42 3.png\" \/><\/td>\n<td align=\"center\" valign=\"middle\" width=\"21\"><\/td>\n<td align=\"center\" valign=\"middle\" width=\"114\"><img decoding=\"async\" title=\"\" src=\"https:\/\/en.zhonghaihuanjing.com\/uploads\/allimg\/20240812\/2-240Q2140S5S3.png\" alt=\"\u56fe\u5c42 2.png\" \/><\/td>\n<td align=\"center\" valign=\"middle\" width=\"21\"><\/td>\n<td align=\"center\" valign=\"middle\" width=\"115\"><img decoding=\"async\" title=\"\" src=\"https:\/\/en.zhonghaihuanjing.com\/uploads\/allimg\/20240812\/2-240Q2141S6336.png\" alt=\"WPS\u56fe\u7247(1).png\" \/><\/td>\n<td align=\"center\" valign=\"middle\" width=\"21\"><\/td>\n<td align=\"center\" valign=\"middle\" width=\"114\"><img decoding=\"async\" title=\"\" src=\"https:\/\/en.zhonghaihuanjing.com\/uploads\/allimg\/20240812\/2-240Q21ZZ11T.png\" alt=\"\u56fe\u724712.png\" \/><\/td>\n<td align=\"center\" valign=\"middle\" width=\"21\"><\/td>\n<td align=\"center\" valign=\"middle\" width=\"115\"><img decoding=\"async\" title=\"\" src=\"https:\/\/en.zhonghaihuanjing.com\/uploads\/allimg\/20240812\/2-240Q2134106117.png\" alt=\"598d985b41901b6d2e17825bc4333d3.png\" width=\"90%\" \/><\/td>\n<\/tr>\n<tr>\n<td align=\"center\" valign=\"middle\" width=\"114\">Caixa de estoque<\/td>\n<td align=\"center\" valign=\"middle\" width=\"21\"><\/td>\n<td align=\"center\" valign=\"middle\" width=\"114\">Moedor<\/td>\n<td align=\"center\" valign=\"middle\" width=\"21\"><\/td>\n<td align=\"center\" valign=\"middle\" width=\"115\">M\u00e1quina de peneiramento<\/td>\n<td align=\"center\" valign=\"middle\" width=\"21\"><\/td>\n<td align=\"center\" valign=\"middle\" width=\"114\">Granulador<\/td>\n<td align=\"center\" valign=\"middle\" width=\"21\"><\/td>\n<td align=\"center\" valign=\"middle\" width=\"115\">M\u00e1quina de embalagem<\/td>\n<\/tr>\n<\/tbody>\n<\/table>\n<p><strong>\u00a0 Instala\u00e7\u00f5es e equipamentos de fertiliza\u00e7\u00e3o e retorno<\/strong><\/p>\n<table width=\"100%\">\n<tbody>\n<tr class=\"firstRow\">\n<td align=\"center\" valign=\"middle\" width=\"431\"><img decoding=\"async\" title=\"\" src=\"https:\/\/en.zhonghaihuanjing.com\/uploads\/allimg\/20240812\/2-240Q2194423220.png\" alt=\"image.png\" width=\"94%\" \/><\/td>\n<td align=\"center\" valign=\"middle\" width=\"21\"><\/td>\n<td align=\"center\" valign=\"middle\" width=\"402\"><img decoding=\"async\" title=\"\" src=\"https:\/\/en.zhonghaihuanjing.com\/uploads\/allimg\/20240822\/2-240R2094322495.png\" alt=\"2-240Q219442J61.png\" width=\"100%\" \/><\/td>\n<td align=\"center\" valign=\"middle\" width=\"21\"><\/td>\n<td align=\"center\" valign=\"middle\" width=\"432\"><img decoding=\"async\" class=\"alignnone wp-image-1094\" src=\"https:\/\/jiesonglin.com\/wp-content\/uploads\/2025\/07\/\u4e8c\u6b21\u6324\u538b\u673a-300x152.png\" alt=\"\" width=\"428\" height=\"217\" srcset=\"https:\/\/jiesonglin.com\/wp-content\/uploads\/2025\/07\/\u4e8c\u6b21\u6324\u538b\u673a-300x152.png 300w, https:\/\/jiesonglin.com\/wp-content\/uploads\/2025\/07\/\u4e8c\u6b21\u6324\u538b\u673a-768x390.png 768w, https:\/\/jiesonglin.com\/wp-content\/uploads\/2025\/07\/\u4e8c\u6b21\u6324\u538b\u673a-18x9.png 18w, https:\/\/jiesonglin.com\/wp-content\/uploads\/2025\/07\/\u4e8c\u6b21\u6324\u538b\u673a-600x305.png 600w, https:\/\/jiesonglin.com\/wp-content\/uploads\/2025\/07\/\u4e8c\u6b21\u6324\u538b\u673a.png 821w\" sizes=\"(max-width: 428px) 100vw, 428px\" \/><\/td>\n<\/tr>\n<tr>\n<td align=\"center\" valign=\"middle\" width=\"431\">Separador s\u00f3lido-l\u00edquido com tela inclinada<\/td>\n<td align=\"center\" valign=\"middle\" width=\"21\"><\/td>\n<td align=\"center\" valign=\"middle\" width=\"402\">Extrusora em espiral<\/td>\n<td align=\"center\" valign=\"middle\" width=\"21\"><\/td>\n<td align=\"center\" valign=\"middle\" width=\"432\">Extrusora secund\u00e1ria<\/td>\n<\/tr>\n<\/tbody>\n<\/table>","protected":false},"excerpt":{"rendered":"<h2>Conjunto completo de equipamentos de produ\u00e7\u00e3o de fertilizantes org\u00e2nicos<\/h2>\n<p>O conjunto completo de instala\u00e7\u00f5es e equipamentos pode ser amplamente utilizado na agricultura e na pecu\u00e1ria, convertendo res\u00edduos org\u00e2nicos como esterco, palha de colheita, lodo org\u00e2nico, res\u00edduos de jardim e res\u00edduos de cozinha em fertilizantes org\u00e2nicos de alta qualidade, solo nutriente e materiais de colch\u00e3o de vaca que podem ser usados pelas planta\u00e7\u00f5es. Isso melhora efetivamente a qualidade da terra ar\u00e1vel e permite que as planta\u00e7\u00f5es atendam aos padr\u00f5es ecol\u00f3gicos ou org\u00e2nicos. Ao mesmo tempo em que realiza a utiliza\u00e7\u00e3o de recursos e a utiliza\u00e7\u00e3o de alta qualidade do esterco, ele oferece uma maneira ecologicamente correta, f\u00e1cil de operar e de baixo custo para que as empresas de cria\u00e7\u00e3o e os agricultores utilizem os res\u00edduos agr\u00edcolas, alcan\u00e7ando o desenvolvimento da agricultura verde.<\/p>","protected":false},"featured_media":1114,"comment_status":"open","ping_status":"closed","template":"","meta":[],"product_brand":[],"product_cat":[32],"product_tag":[],"class_list":{"0":"post-1082","1":"product","2":"type-product","3":"status-publish","4":"has-post-thumbnail","6":"product_cat-products","8":"first","9":"instock","10":"shipping-taxable","11":"product-type-simple"},"yoast_head":"<!-- This site is optimized with the Yoast SEO Premium plugin v25.5 (Yoast SEO v26.7) - https:\/\/yoast.com\/wordpress\/plugins\/seo\/ -->\n<title>Smart low-carbon complete technology and equipment for the entire industry chain - Jiesonglin Technology<\/title>\n<meta name=\"robots\" content=\"index, follow, max-snippet:-1, max-image-preview:large, max-video-preview:-1\" \/>\n<link rel=\"canonical\" href=\"https:\/\/jiesonglin.com\/pt\/product\/tecnologia-e-equipamentos-completos-inteligentes-de-baixo-carbono-para-toda-a-cadeia-do-setor\/\" \/>\n<meta property=\"og:locale\" content=\"pt_BR\" \/>\n<meta property=\"og:type\" content=\"article\" \/>\n<meta property=\"og:title\" content=\"Smart low-carbon complete technology and equipment for the entire industry chain\" \/>\n<meta property=\"og:description\" content=\"Complete set of organic fertilizer production equipment The complete set of facilities and equipment can be widely used in agriculture and animal husbandry, converting organic waste such as manure, crop straw, organic sludge, garden waste, and kitchen waste into high-quality organic fertilizers, nutrient soil, and cow mattress materials that can be used by crops. This effectively improves the quality of arable land and enables crops to meet green or organic standards. While realizing the resource utilization and high-quality utilization of manure, it provides an environmentally friendly, easy to operate, and low-cost way for breeding enterprises and farmers to utilize agricultural waste, achieving green agricultural development.\" \/>\n<meta property=\"og:url\" content=\"https:\/\/jiesonglin.com\/pt\/product\/tecnologia-e-equipamentos-completos-inteligentes-de-baixo-carbono-para-toda-a-cadeia-do-setor\/\" \/>\n<meta property=\"og:site_name\" content=\"Jiesonglin Technology\" \/>\n<meta property=\"article:modified_time\" content=\"2025-07-15T07:51:30+00:00\" \/>\n<meta property=\"og:image\" content=\"https:\/\/jiesonglin.com\/wp-content\/uploads\/2025\/07\/\u56fe\u5c42-1.png\" \/>\n\t<meta property=\"og:image:width\" content=\"1600\" \/>\n\t<meta property=\"og:image:height\" content=\"900\" \/>\n\t<meta property=\"og:image:type\" content=\"image\/png\" \/>\n<meta name=\"twitter:card\" content=\"summary_large_image\" \/>\n<script type=\"application\/ld+json\" class=\"yoast-schema-graph\">{\"@context\":\"https:\/\/schema.org\",\"@graph\":[{\"@type\":\"WebPage\",\"@id\":\"https:\/\/jiesonglin.com\/product\/smart-low-carbon-complete-technology-and-equipment-for-the-entire-industry-chain\/\",\"url\":\"https:\/\/jiesonglin.com\/product\/smart-low-carbon-complete-technology-and-equipment-for-the-entire-industry-chain\/\",\"name\":\"Smart low-carbon complete technology and equipment for the entire industry chain - Jiesonglin Technology\",\"isPartOf\":{\"@id\":\"https:\/\/jiesonglin.com\/#website\"},\"primaryImageOfPage\":{\"@id\":\"https:\/\/jiesonglin.com\/product\/smart-low-carbon-complete-technology-and-equipment-for-the-entire-industry-chain\/#primaryimage\"},\"image\":{\"@id\":\"https:\/\/jiesonglin.com\/product\/smart-low-carbon-complete-technology-and-equipment-for-the-entire-industry-chain\/#primaryimage\"},\"thumbnailUrl\":\"https:\/\/jiesonglin.com\/wp-content\/uploads\/2025\/07\/\u56fe\u5c42-1.png\",\"datePublished\":\"2025-07-14T10:26:19+00:00\",\"dateModified\":\"2025-07-15T07:51:30+00:00\",\"breadcrumb\":{\"@id\":\"https:\/\/jiesonglin.com\/product\/smart-low-carbon-complete-technology-and-equipment-for-the-entire-industry-chain\/#breadcrumb\"},\"inLanguage\":\"pt-BR\",\"potentialAction\":[{\"@type\":\"ReadAction\",\"target\":[\"https:\/\/jiesonglin.com\/product\/smart-low-carbon-complete-technology-and-equipment-for-the-entire-industry-chain\/\"]}]},{\"@type\":\"ImageObject\",\"inLanguage\":\"pt-BR\",\"@id\":\"https:\/\/jiesonglin.com\/product\/smart-low-carbon-complete-technology-and-equipment-for-the-entire-industry-chain\/#primaryimage\",\"url\":\"https:\/\/jiesonglin.com\/wp-content\/uploads\/2025\/07\/\u56fe\u5c42-1.png\",\"contentUrl\":\"https:\/\/jiesonglin.com\/wp-content\/uploads\/2025\/07\/\u56fe\u5c42-1.png\",\"width\":1600,\"height\":900},{\"@type\":\"BreadcrumbList\",\"@id\":\"https:\/\/jiesonglin.com\/product\/smart-low-carbon-complete-technology-and-equipment-for-the-entire-industry-chain\/#breadcrumb\",\"itemListElement\":[{\"@type\":\"ListItem\",\"position\":1,\"name\":\"Home\",\"item\":\"https:\/\/jiesonglin.com\/\"},{\"@type\":\"ListItem\",\"position\":2,\"name\":\"Products\",\"item\":\"https:\/\/jiesonglin.com\/shop\/\"},{\"@type\":\"ListItem\",\"position\":3,\"name\":\"Smart low-carbon complete technology and equipment for the entire industry chain\"}]},{\"@type\":\"WebSite\",\"@id\":\"https:\/\/jiesonglin.com\/#website\",\"url\":\"https:\/\/jiesonglin.com\/\",\"name\":\"Jiesonglin Technology\",\"description\":\"Focus on turning organic waste into treasure\",\"publisher\":{\"@id\":\"https:\/\/jiesonglin.com\/#organization\"},\"potentialAction\":[{\"@type\":\"SearchAction\",\"target\":{\"@type\":\"EntryPoint\",\"urlTemplate\":\"https:\/\/jiesonglin.com\/?s={search_term_string}\"},\"query-input\":{\"@type\":\"PropertyValueSpecification\",\"valueRequired\":true,\"valueName\":\"search_term_string\"}}],\"inLanguage\":\"pt-BR\"},{\"@type\":\"Organization\",\"@id\":\"https:\/\/jiesonglin.com\/#organization\",\"name\":\"Jiesonglin Technology\",\"url\":\"https:\/\/jiesonglin.com\/\",\"logo\":{\"@type\":\"ImageObject\",\"inLanguage\":\"pt-BR\",\"@id\":\"https:\/\/jiesonglin.com\/#\/schema\/logo\/image\/\",\"url\":\"https:\/\/jiesonglin.com\/wp-content\/uploads\/2025\/07\/logo2.png\",\"contentUrl\":\"https:\/\/jiesonglin.com\/wp-content\/uploads\/2025\/07\/logo2.png\",\"width\":820,\"height\":189,\"caption\":\"Jiesonglin Technology\"},\"image\":{\"@id\":\"https:\/\/jiesonglin.com\/#\/schema\/logo\/image\/\"}}]}<\/script>\n<!-- \/ Yoast SEO Premium plugin. -->","yoast_head_json":{"title":"Tecnologia e equipamentos completos e inteligentes de baixo carbono para toda a cadeia do setor - Jiesonglin Technology","robots":{"index":"index","follow":"follow","max-snippet":"max-snippet:-1","max-image-preview":"max-image-preview:large","max-video-preview":"max-video-preview:-1"},"canonical":"https:\/\/jiesonglin.com\/pt\/product\/tecnologia-e-equipamentos-completos-inteligentes-de-baixo-carbono-para-toda-a-cadeia-do-setor\/","og_locale":"pt_BR","og_type":"article","og_title":"Smart low-carbon complete technology and equipment for the entire industry chain","og_description":"Complete set of organic fertilizer production equipment The complete set of facilities and equipment can be widely used in agriculture and animal husbandry, converting organic waste such as manure, crop straw, organic sludge, garden waste, and kitchen waste into high-quality organic fertilizers, nutrient soil, and cow mattress materials that can be used by crops. This effectively improves the quality of arable land and enables crops to meet green or organic standards. While realizing the resource utilization and high-quality utilization of manure, it provides an environmentally friendly, easy to operate, and low-cost way for breeding enterprises and farmers to utilize agricultural waste, achieving green agricultural development.","og_url":"https:\/\/jiesonglin.com\/pt\/product\/tecnologia-e-equipamentos-completos-inteligentes-de-baixo-carbono-para-toda-a-cadeia-do-setor\/","og_site_name":"Jiesonglin Technology","article_modified_time":"2025-07-15T07:51:30+00:00","og_image":[{"width":1600,"height":900,"url":"https:\/\/jiesonglin.com\/wp-content\/uploads\/2025\/07\/\u56fe\u5c42-1.png","type":"image\/png"}],"twitter_card":"summary_large_image","schema":{"@context":"https:\/\/schema.org","@graph":[{"@type":"WebPage","@id":"https:\/\/jiesonglin.com\/product\/smart-low-carbon-complete-technology-and-equipment-for-the-entire-industry-chain\/","url":"https:\/\/jiesonglin.com\/product\/smart-low-carbon-complete-technology-and-equipment-for-the-entire-industry-chain\/","name":"Tecnologia e equipamentos completos e inteligentes de baixo carbono para toda a cadeia do setor - Jiesonglin Technology","isPartOf":{"@id":"https:\/\/jiesonglin.com\/#website"},"primaryImageOfPage":{"@id":"https:\/\/jiesonglin.com\/product\/smart-low-carbon-complete-technology-and-equipment-for-the-entire-industry-chain\/#primaryimage"},"image":{"@id":"https:\/\/jiesonglin.com\/product\/smart-low-carbon-complete-technology-and-equipment-for-the-entire-industry-chain\/#primaryimage"},"thumbnailUrl":"https:\/\/jiesonglin.com\/wp-content\/uploads\/2025\/07\/\u56fe\u5c42-1.png","datePublished":"2025-07-14T10:26:19+00:00","dateModified":"2025-07-15T07:51:30+00:00","breadcrumb":{"@id":"https:\/\/jiesonglin.com\/product\/smart-low-carbon-complete-technology-and-equipment-for-the-entire-industry-chain\/#breadcrumb"},"inLanguage":"pt-BR","potentialAction":[{"@type":"ReadAction","target":["https:\/\/jiesonglin.com\/product\/smart-low-carbon-complete-technology-and-equipment-for-the-entire-industry-chain\/"]}]},{"@type":"ImageObject","inLanguage":"pt-BR","@id":"https:\/\/jiesonglin.com\/product\/smart-low-carbon-complete-technology-and-equipment-for-the-entire-industry-chain\/#primaryimage","url":"https:\/\/jiesonglin.com\/wp-content\/uploads\/2025\/07\/\u56fe\u5c42-1.png","contentUrl":"https:\/\/jiesonglin.com\/wp-content\/uploads\/2025\/07\/\u56fe\u5c42-1.png","width":1600,"height":900},{"@type":"BreadcrumbList","@id":"https:\/\/jiesonglin.com\/product\/smart-low-carbon-complete-technology-and-equipment-for-the-entire-industry-chain\/#breadcrumb","itemListElement":[{"@type":"ListItem","position":1,"name":"Home","item":"https:\/\/jiesonglin.com\/"},{"@type":"ListItem","position":2,"name":"Products","item":"https:\/\/jiesonglin.com\/shop\/"},{"@type":"ListItem","position":3,"name":"Smart low-carbon complete technology and equipment for the entire industry chain"}]},{"@type":"WebSite","@id":"https:\/\/jiesonglin.com\/#website","url":"https:\/\/jiesonglin.com\/","name":"Tecnologia Jiesonglin","description":"Foco na transforma\u00e7\u00e3o de res\u00edduos org\u00e2nicos em tesouros","publisher":{"@id":"https:\/\/jiesonglin.com\/#organization"},"potentialAction":[{"@type":"SearchAction","target":{"@type":"EntryPoint","urlTemplate":"https:\/\/jiesonglin.com\/?s={search_term_string}"},"query-input":{"@type":"PropertyValueSpecification","valueRequired":true,"valueName":"search_term_string"}}],"inLanguage":"pt-BR"},{"@type":"Organization","@id":"https:\/\/jiesonglin.com\/#organization","name":"Tecnologia Jiesonglin","url":"https:\/\/jiesonglin.com\/","logo":{"@type":"ImageObject","inLanguage":"pt-BR","@id":"https:\/\/jiesonglin.com\/#\/schema\/logo\/image\/","url":"https:\/\/jiesonglin.com\/wp-content\/uploads\/2025\/07\/logo2.png","contentUrl":"https:\/\/jiesonglin.com\/wp-content\/uploads\/2025\/07\/logo2.png","width":820,"height":189,"caption":"Jiesonglin Technology"},"image":{"@id":"https:\/\/jiesonglin.com\/#\/schema\/logo\/image\/"}}]}},"acf":[],"_links":{"self":[{"href":"https:\/\/jiesonglin.com\/pt\/wp-json\/wp\/v2\/product\/1082","targetHints":{"allow":["GET"]}}],"collection":[{"href":"https:\/\/jiesonglin.com\/pt\/wp-json\/wp\/v2\/product"}],"about":[{"href":"https:\/\/jiesonglin.com\/pt\/wp-json\/wp\/v2\/types\/product"}],"replies":[{"embeddable":true,"href":"https:\/\/jiesonglin.com\/pt\/wp-json\/wp\/v2\/comments?post=1082"}],"wp:featuredmedia":[{"embeddable":true,"href":"https:\/\/jiesonglin.com\/pt\/wp-json\/wp\/v2\/media\/1114"}],"wp:attachment":[{"href":"https:\/\/jiesonglin.com\/pt\/wp-json\/wp\/v2\/media?parent=1082"}],"wp:term":[{"taxonomy":"product_brand","embeddable":true,"href":"https:\/\/jiesonglin.com\/pt\/wp-json\/wp\/v2\/product_brand?post=1082"},{"taxonomy":"product_cat","embeddable":true,"href":"https:\/\/jiesonglin.com\/pt\/wp-json\/wp\/v2\/product_cat?post=1082"},{"taxonomy":"product_tag","embeddable":true,"href":"https:\/\/jiesonglin.com\/pt\/wp-json\/wp\/v2\/product_tag?post=1082"}],"curies":[{"name":"wp","href":"https:\/\/api.w.org\/{rel}","templated":true}]}}