{"id":1086,"date":"2025-07-13T14:56:20","date_gmt":"2025-07-13T14:56:20","guid":{"rendered":"https:\/\/jiesonglin.com\/?post_type=product&#038;p=1086"},"modified":"2025-07-13T14:56:21","modified_gmt":"2025-07-13T14:56:21","slug":"tecnologia-de-tratamento-fecal-de-tres-sistemas","status":"publish","type":"product","link":"https:\/\/jiesonglin.com\/pt\/product\/three-system-fecal-treatment-technology\/","title":{"rendered":"Tecnologia de tratamento fecal de tr\u00eas sistemas"},"content":{"rendered":"<p><strong>Projeto de tratamento de \u00e1gua fecal<\/strong><\/p>\n<table>\n<tbody>\n<tr class=\"firstRow\">\n<td align=\"center\" valign=\"middle\"><strong>\u00a0 Processo de solu\u00e7\u00e3o\u00a0\u00a0<\/strong><\/td>\n<\/tr>\n<\/tbody>\n<\/table>\n<p>&nbsp;<\/p>\n<p><strong>Sistema \u00fanico:<\/strong><\/p>\n<p>Composi\u00e7\u00e3o: USR\/UASB\/CSTR;<\/p>\n<p>Utiliza\u00e7\u00e3o: Gerar fertilizante de chorume de biog\u00e1s e biog\u00e1s; o biog\u00e1s \u00e9 usado para aquecimento, e o chorume de biog\u00e1s \u00e9 devolvido ao campo para utiliza\u00e7\u00e3o;<\/p>\n<p>-Tratamento centralizado de \u00e1gua fecal;<\/p>\n<p>-Reduzir o investimento em instala\u00e7\u00f5es de tratamento de esterco em fazendas de gado.<\/p>\n<p><strong>Sistema duplo:<\/strong><\/p>\n<p>Composi\u00e7\u00e3o: USR\/UASB + AO de dois n\u00edveis;<\/p>\n<p>Utiliza\u00e7\u00e3o: Gerar fertilizante de pasta de biog\u00e1s e \u00e1gua de irriga\u00e7\u00e3o para terras agr\u00edcolas;<\/p>\n<p>O chorume de biog\u00e1s \u00e9 usado primeiro para consumo no solo;<\/p>\n<p>Terra insuficiente: \u00c9 poss\u00edvel gerar diretamente \u00e1gua para irriga\u00e7\u00e3o de terras agr\u00edcolas.<\/p>\n<p><strong>Tr\u00eas sistemas:<\/strong><\/p>\n<p>Composi\u00e7\u00e3o: USR\/UASB+ AO terci\u00e1rio+MBR+Fenton\/oz\u00f4nio;<\/p>\n<p>&nbsp;<\/p>\n<p>Utiliza\u00e7\u00e3o: Gerar fertilizante de pasta de biog\u00e1s + \u00e1gua de irriga\u00e7\u00e3o para terras agr\u00edcolas + descarregar \u00e1gua do canal do rio de grau A;<\/p>\n<p>Se n\u00e3o houver terra circundante suficiente, ela pode ser despejada diretamente no rio por meio do tratamento de descarga N\u00edvel A.<\/p>\n<table>\n<tbody>\n<tr class=\"firstRow\">\n<td align=\"center\" valign=\"middle\"><strong>\u00a0 Solu\u00e7\u00e3o de sistema \u00fanico\u00a0\u00a0<\/strong><\/td>\n<\/tr>\n<\/tbody>\n<\/table>\n<p><img decoding=\"async\" title=\"\u5355\u7cfb\u7edf.png\" src=\"https:\/\/en.zhonghaihuanjing.com\/uploads\/allimg\/20240827\/3-240RGF403S5.png\" alt=\"\u5355\u7cfb\u7edf.png\" width=\"100%\" height=\"\" border=\"0\" vspace=\"0\" \/><\/p>\n<table>\n<tbody>\n<tr class=\"firstRow\">\n<td align=\"center\" valign=\"middle\"><strong>\u00a0 Solu\u00e7\u00e3o de sistema duplo\u00a0\u00a0<\/strong><\/td>\n<\/tr>\n<\/tbody>\n<\/table>\n<p><img decoding=\"async\" title=\"\u4e8c\u7cfb\u7edf.png\" src=\"https:\/\/en.zhonghaihuanjing.com\/uploads\/allimg\/20240827\/3-240RGF433U9.png\" alt=\"\u4e8c\u7cfb\u7edf.png\" width=\"100%\" height=\"\" border=\"0\" vspace=\"0\" \/><\/p>\n<table>\n<tbody>\n<tr class=\"firstRow\">\n<td align=\"center\" valign=\"middle\"><strong>\u00a0 Tr\u00eas solu\u00e7\u00f5es de sistema\u00a0\u00a0<\/strong><\/td>\n<\/tr>\n<\/tbody>\n<\/table>\n<p><img decoding=\"async\" title=\"\u4e09\u7cfb\u7edf.png\" src=\"https:\/\/en.zhonghaihuanjing.com\/uploads\/allimg\/20240827\/3-240RGF450256.png\" alt=\"\u4e09\u7cfb\u7edf.png\" width=\"100%\" height=\"\" border=\"0\" vspace=\"0\" \/><\/p>\n<table>\n<tbody>\n<tr class=\"firstRow\">\n<td align=\"center\" valign=\"middle\"><strong>\u00a0 Vantagens do produto\u00a0\u00a0<\/strong><\/td>\n<\/tr>\n<\/tbody>\n<\/table>\n<p>&nbsp;<\/p>\n<p>-Tecnologia madura e confi\u00e1vel<\/p>\n<p>-Ampla gama de aplica\u00e7\u00f5es<\/p>\n<p>-F\u00e1cil manuten\u00e7\u00e3o e opera\u00e7\u00e3o est\u00e1vel<\/p>\n<p>-Alto grau de inofensividade<\/p>\n<p>-Equipe profissional de servi\u00e7o p\u00f3s-venda<\/p>\n<p>-Baixa taxa de degrada\u00e7\u00e3o de nitrog\u00eanio e f\u00f3sforo<\/p>\n<p>-Alta taxa de carga volum\u00e9trica<\/p>\n<p>-Economizar investimento e \u00e1rea de terra<\/p>\n<p>-De acordo com a situa\u00e7\u00e3o real do usu\u00e1rio, diferentes solu\u00e7\u00f5es podem ser selecionadas<\/p>","protected":false},"excerpt":{"rendered":"<h2>Tecnologia de tratamento de esterco de sistema \u00fanico\/sistema duplo\/sistema triplo<\/h2>\n<p>Ajuste flex\u00edvel da configura\u00e7\u00e3o do padr\u00e3o de emiss\u00e3o, que pode atender ao padr\u00e3o de emiss\u00e3o de primeiro n\u00edvel, ao padr\u00e3o de irriga\u00e7\u00e3o de terras agr\u00edcolas e gerar fertilizante de chorume de biog\u00e1s; a sele\u00e7\u00e3o pode ser feita de acordo com os requisitos ambientais locais para reduzir os custos operacionais e de investimento.<\/p>","protected":false},"featured_media":1087,"comment_status":"open","ping_status":"closed","template":"","meta":[],"product_brand":[],"product_cat":[32],"product_tag":[],"class_list":{"0":"post-1086","1":"product","2":"type-product","3":"status-publish","4":"has-post-thumbnail","6":"product_cat-products","8":"first","9":"instock","10":"shipping-taxable","11":"product-type-simple"},"yoast_head":"<!-- This site is optimized with the Yoast SEO Premium plugin v25.5 (Yoast SEO v26.7) - https:\/\/yoast.com\/wordpress\/plugins\/seo\/ -->\n<title>Three system fecal treatment technology - Jiesonglin Technology<\/title>\n<meta name=\"robots\" content=\"index, follow, max-snippet:-1, max-image-preview:large, max-video-preview:-1\" \/>\n<link rel=\"canonical\" href=\"https:\/\/jiesonglin.com\/pt\/product\/tecnologia-de-tratamento-fecal-de-tres-sistemas\/\" \/>\n<meta property=\"og:locale\" content=\"pt_BR\" \/>\n<meta property=\"og:type\" content=\"article\" \/>\n<meta property=\"og:title\" content=\"Three system fecal treatment technology\" \/>\n<meta property=\"og:description\" content=\"Single system\/dual system\/triple system manure treatment technology Flexible adjustment of emission standard configuration, which can meet the first level emission standard, farmland irrigation standard, and generate biogas slurry fertilizer; Selection can be made according to local environmental requirements to reduce operating and investment costs.\" \/>\n<meta property=\"og:url\" content=\"https:\/\/jiesonglin.com\/pt\/product\/tecnologia-de-tratamento-fecal-de-tres-sistemas\/\" \/>\n<meta property=\"og:site_name\" content=\"Jiesonglin Technology\" \/>\n<meta property=\"article:modified_time\" content=\"2025-07-13T14:56:21+00:00\" \/>\n<meta property=\"og:image\" content=\"https:\/\/jiesonglin.com\/wp-content\/uploads\/2025\/07\/\u4e09\u4e2a\u7cfb\u7edf\u7caa\u4fbf\u6cbb\u7597\u6280\u672f.jpg\" \/>\n\t<meta property=\"og:image:width\" content=\"820\" \/>\n\t<meta property=\"og:image:height\" content=\"480\" \/>\n\t<meta property=\"og:image:type\" content=\"image\/jpeg\" \/>\n<meta name=\"twitter:card\" content=\"summary_large_image\" \/>\n<meta name=\"twitter:label1\" content=\"Est. reading time\" \/>\n\t<meta name=\"twitter:data1\" content=\"1 minuto\" \/>\n<script type=\"application\/ld+json\" class=\"yoast-schema-graph\">{\"@context\":\"https:\/\/schema.org\",\"@graph\":[{\"@type\":\"WebPage\",\"@id\":\"https:\/\/jiesonglin.com\/product\/three-system-fecal-treatment-technology\/\",\"url\":\"https:\/\/jiesonglin.com\/product\/three-system-fecal-treatment-technology\/\",\"name\":\"Three system fecal treatment technology - Jiesonglin Technology\",\"isPartOf\":{\"@id\":\"https:\/\/jiesonglin.com\/#website\"},\"primaryImageOfPage\":{\"@id\":\"https:\/\/jiesonglin.com\/product\/three-system-fecal-treatment-technology\/#primaryimage\"},\"image\":{\"@id\":\"https:\/\/jiesonglin.com\/product\/three-system-fecal-treatment-technology\/#primaryimage\"},\"thumbnailUrl\":\"https:\/\/jiesonglin.com\/wp-content\/uploads\/2025\/07\/\u4e09\u4e2a\u7cfb\u7edf\u7caa\u4fbf\u6cbb\u7597\u6280\u672f.jpg\",\"datePublished\":\"2025-07-13T14:56:20+00:00\",\"dateModified\":\"2025-07-13T14:56:21+00:00\",\"breadcrumb\":{\"@id\":\"https:\/\/jiesonglin.com\/product\/three-system-fecal-treatment-technology\/#breadcrumb\"},\"inLanguage\":\"pt-BR\",\"potentialAction\":[{\"@type\":\"ReadAction\",\"target\":[\"https:\/\/jiesonglin.com\/product\/three-system-fecal-treatment-technology\/\"]}]},{\"@type\":\"ImageObject\",\"inLanguage\":\"pt-BR\",\"@id\":\"https:\/\/jiesonglin.com\/product\/three-system-fecal-treatment-technology\/#primaryimage\",\"url\":\"https:\/\/jiesonglin.com\/wp-content\/uploads\/2025\/07\/\u4e09\u4e2a\u7cfb\u7edf\u7caa\u4fbf\u6cbb\u7597\u6280\u672f.jpg\",\"contentUrl\":\"https:\/\/jiesonglin.com\/wp-content\/uploads\/2025\/07\/\u4e09\u4e2a\u7cfb\u7edf\u7caa\u4fbf\u6cbb\u7597\u6280\u672f.jpg\",\"width\":820,\"height\":480},{\"@type\":\"BreadcrumbList\",\"@id\":\"https:\/\/jiesonglin.com\/product\/three-system-fecal-treatment-technology\/#breadcrumb\",\"itemListElement\":[{\"@type\":\"ListItem\",\"position\":1,\"name\":\"Home\",\"item\":\"https:\/\/jiesonglin.com\/\"},{\"@type\":\"ListItem\",\"position\":2,\"name\":\"Products\",\"item\":\"https:\/\/jiesonglin.com\/shop\/\"},{\"@type\":\"ListItem\",\"position\":3,\"name\":\"Three system fecal treatment technology\"}]},{\"@type\":\"WebSite\",\"@id\":\"https:\/\/jiesonglin.com\/#website\",\"url\":\"https:\/\/jiesonglin.com\/\",\"name\":\"Jiesonglin Technology\",\"description\":\"Focus on turning organic waste into treasure\",\"publisher\":{\"@id\":\"https:\/\/jiesonglin.com\/#organization\"},\"potentialAction\":[{\"@type\":\"SearchAction\",\"target\":{\"@type\":\"EntryPoint\",\"urlTemplate\":\"https:\/\/jiesonglin.com\/?s={search_term_string}\"},\"query-input\":{\"@type\":\"PropertyValueSpecification\",\"valueRequired\":true,\"valueName\":\"search_term_string\"}}],\"inLanguage\":\"pt-BR\"},{\"@type\":\"Organization\",\"@id\":\"https:\/\/jiesonglin.com\/#organization\",\"name\":\"Jiesonglin Technology\",\"url\":\"https:\/\/jiesonglin.com\/\",\"logo\":{\"@type\":\"ImageObject\",\"inLanguage\":\"pt-BR\",\"@id\":\"https:\/\/jiesonglin.com\/#\/schema\/logo\/image\/\",\"url\":\"https:\/\/jiesonglin.com\/wp-content\/uploads\/2025\/07\/logo2.png\",\"contentUrl\":\"https:\/\/jiesonglin.com\/wp-content\/uploads\/2025\/07\/logo2.png\",\"width\":820,\"height\":189,\"caption\":\"Jiesonglin Technology\"},\"image\":{\"@id\":\"https:\/\/jiesonglin.com\/#\/schema\/logo\/image\/\"}}]}<\/script>\n<!-- \/ Yoast SEO Premium plugin. -->","yoast_head_json":{"title":"Tecnologia de tratamento fecal de tr\u00eas sistemas - Jiesonglin Technology","robots":{"index":"index","follow":"follow","max-snippet":"max-snippet:-1","max-image-preview":"max-image-preview:large","max-video-preview":"max-video-preview:-1"},"canonical":"https:\/\/jiesonglin.com\/pt\/product\/tecnologia-de-tratamento-fecal-de-tres-sistemas\/","og_locale":"pt_BR","og_type":"article","og_title":"Three system fecal treatment technology","og_description":"Single system\/dual system\/triple system manure treatment technology Flexible adjustment of emission standard configuration, which can meet the first level emission standard, farmland irrigation standard, and generate biogas slurry fertilizer; Selection can be made according to local environmental requirements to reduce operating and investment costs.","og_url":"https:\/\/jiesonglin.com\/pt\/product\/tecnologia-de-tratamento-fecal-de-tres-sistemas\/","og_site_name":"Jiesonglin Technology","article_modified_time":"2025-07-13T14:56:21+00:00","og_image":[{"width":820,"height":480,"url":"https:\/\/jiesonglin.com\/wp-content\/uploads\/2025\/07\/\u4e09\u4e2a\u7cfb\u7edf\u7caa\u4fbf\u6cbb\u7597\u6280\u672f.jpg","type":"image\/jpeg"}],"twitter_card":"summary_large_image","twitter_misc":{"Est. reading time":"1 minuto"},"schema":{"@context":"https:\/\/schema.org","@graph":[{"@type":"WebPage","@id":"https:\/\/jiesonglin.com\/product\/three-system-fecal-treatment-technology\/","url":"https:\/\/jiesonglin.com\/product\/three-system-fecal-treatment-technology\/","name":"Tecnologia de tratamento fecal de tr\u00eas sistemas - Jiesonglin Technology","isPartOf":{"@id":"https:\/\/jiesonglin.com\/#website"},"primaryImageOfPage":{"@id":"https:\/\/jiesonglin.com\/product\/three-system-fecal-treatment-technology\/#primaryimage"},"image":{"@id":"https:\/\/jiesonglin.com\/product\/three-system-fecal-treatment-technology\/#primaryimage"},"thumbnailUrl":"https:\/\/jiesonglin.com\/wp-content\/uploads\/2025\/07\/\u4e09\u4e2a\u7cfb\u7edf\u7caa\u4fbf\u6cbb\u7597\u6280\u672f.jpg","datePublished":"2025-07-13T14:56:20+00:00","dateModified":"2025-07-13T14:56:21+00:00","breadcrumb":{"@id":"https:\/\/jiesonglin.com\/product\/three-system-fecal-treatment-technology\/#breadcrumb"},"inLanguage":"pt-BR","potentialAction":[{"@type":"ReadAction","target":["https:\/\/jiesonglin.com\/product\/three-system-fecal-treatment-technology\/"]}]},{"@type":"ImageObject","inLanguage":"pt-BR","@id":"https:\/\/jiesonglin.com\/product\/three-system-fecal-treatment-technology\/#primaryimage","url":"https:\/\/jiesonglin.com\/wp-content\/uploads\/2025\/07\/\u4e09\u4e2a\u7cfb\u7edf\u7caa\u4fbf\u6cbb\u7597\u6280\u672f.jpg","contentUrl":"https:\/\/jiesonglin.com\/wp-content\/uploads\/2025\/07\/\u4e09\u4e2a\u7cfb\u7edf\u7caa\u4fbf\u6cbb\u7597\u6280\u672f.jpg","width":820,"height":480},{"@type":"BreadcrumbList","@id":"https:\/\/jiesonglin.com\/product\/three-system-fecal-treatment-technology\/#breadcrumb","itemListElement":[{"@type":"ListItem","position":1,"name":"Home","item":"https:\/\/jiesonglin.com\/"},{"@type":"ListItem","position":2,"name":"Products","item":"https:\/\/jiesonglin.com\/shop\/"},{"@type":"ListItem","position":3,"name":"Three system fecal treatment technology"}]},{"@type":"WebSite","@id":"https:\/\/jiesonglin.com\/#website","url":"https:\/\/jiesonglin.com\/","name":"Tecnologia Jiesonglin","description":"Foco na transforma\u00e7\u00e3o de res\u00edduos org\u00e2nicos em tesouros","publisher":{"@id":"https:\/\/jiesonglin.com\/#organization"},"potentialAction":[{"@type":"SearchAction","target":{"@type":"EntryPoint","urlTemplate":"https:\/\/jiesonglin.com\/?s={search_term_string}"},"query-input":{"@type":"PropertyValueSpecification","valueRequired":true,"valueName":"search_term_string"}}],"inLanguage":"pt-BR"},{"@type":"Organization","@id":"https:\/\/jiesonglin.com\/#organization","name":"Tecnologia Jiesonglin","url":"https:\/\/jiesonglin.com\/","logo":{"@type":"ImageObject","inLanguage":"pt-BR","@id":"https:\/\/jiesonglin.com\/#\/schema\/logo\/image\/","url":"https:\/\/jiesonglin.com\/wp-content\/uploads\/2025\/07\/logo2.png","contentUrl":"https:\/\/jiesonglin.com\/wp-content\/uploads\/2025\/07\/logo2.png","width":820,"height":189,"caption":"Jiesonglin Technology"},"image":{"@id":"https:\/\/jiesonglin.com\/#\/schema\/logo\/image\/"}}]}},"acf":[],"_links":{"self":[{"href":"https:\/\/jiesonglin.com\/pt\/wp-json\/wp\/v2\/product\/1086","targetHints":{"allow":["GET"]}}],"collection":[{"href":"https:\/\/jiesonglin.com\/pt\/wp-json\/wp\/v2\/product"}],"about":[{"href":"https:\/\/jiesonglin.com\/pt\/wp-json\/wp\/v2\/types\/product"}],"replies":[{"embeddable":true,"href":"https:\/\/jiesonglin.com\/pt\/wp-json\/wp\/v2\/comments?post=1086"}],"wp:featuredmedia":[{"embeddable":true,"href":"https:\/\/jiesonglin.com\/pt\/wp-json\/wp\/v2\/media\/1087"}],"wp:attachment":[{"href":"https:\/\/jiesonglin.com\/pt\/wp-json\/wp\/v2\/media?parent=1086"}],"wp:term":[{"taxonomy":"product_brand","embeddable":true,"href":"https:\/\/jiesonglin.com\/pt\/wp-json\/wp\/v2\/product_brand?post=1086"},{"taxonomy":"product_cat","embeddable":true,"href":"https:\/\/jiesonglin.com\/pt\/wp-json\/wp\/v2\/product_cat?post=1086"},{"taxonomy":"product_tag","embeddable":true,"href":"https:\/\/jiesonglin.com\/pt\/wp-json\/wp\/v2\/product_tag?post=1086"}],"curies":[{"name":"wp","href":"https:\/\/api.w.org\/{rel}","templated":true}]}}