{"id":1088,"date":"2025-07-13T14:59:40","date_gmt":"2025-07-13T14:59:40","guid":{"rendered":"https:\/\/jiesonglin.com\/?post_type=product&#038;p=1088"},"modified":"2025-07-13T14:59:40","modified_gmt":"2025-07-13T14:59:40","slug":"plataforma-em-nuvem-de-agricultura-ambiental","status":"publish","type":"product","link":"https:\/\/jiesonglin.com\/pt\/product\/environmental-agriculture-cloud-platform\/","title":{"rendered":"Plataforma em nuvem de agricultura ambiental"},"content":{"rendered":"<p><strong>Plataforma em nuvem de agricultura ambiental\u00a0<\/strong><\/p>\n<p>A Jiesonglin Environmental Agriculture Cloud Platform utiliza big data e a Internet das Coisas para agregar e analisar dados de monitoramento meteorol\u00f3gico, testes de solo, monitoramento da qualidade da \u00e1gua, vigil\u00e2ncia por v\u00eddeo e outras fontes. Estabele\u00e7a uma plataforma de nuvem de monitoramento on-line e controle de produ\u00e7\u00e3o para fontes de polui\u00e7\u00e3o de fonte n\u00e3o pontual, como plantio agr\u00edcola, cria\u00e7\u00e3o de gado e aves, aquicultura, utiliza\u00e7\u00e3o abrangente de palha e vida rural, fornecendo uma base de dados para que os departamentos de produ\u00e7\u00e3o obtenham redu\u00e7\u00e3o de custos, melhoria de efici\u00eancia e melhoria de qualidade. Fornecer uma plataforma regulat\u00f3ria padronizada, visualizada e estruturada para os departamentos regulat\u00f3rios e fornecer uma base para pesquisa cient\u00edfica, investiga\u00e7\u00e3o, monitoramento e avalia\u00e7\u00e3o da efic\u00e1cia da governan\u00e7a. Amplamente utilizado em projetos de controle abrangente para polui\u00e7\u00e3o agr\u00edcola de fontes n\u00e3o pontuais e projetos de promo\u00e7\u00e3o em todo o condado para a utiliza\u00e7\u00e3o de recursos de esterco de gado e aves. Controlar com precis\u00e3o a produ\u00e7\u00e3o de projetos de tratamento de res\u00edduos s\u00f3lidos e projetos de tratamento de \u00e1gua de esterco de gado.<\/p>\n<table>\n<tbody>\n<tr class=\"firstRow\">\n<td align=\"center\" valign=\"middle\"><strong>\u00a0 Roteiro de tecnologia\u00a0\u00a0<\/strong><\/td>\n<\/tr>\n<\/tbody>\n<\/table>\n<p><img decoding=\"async\" title=\"\u6d41\u7a0b.png\" src=\"https:\/\/en.zhonghaihuanjing.com\/uploads\/allimg\/20240827\/3-240RGF31C13.png\" alt=\"\u6d41\u7a0b.png\" width=\"100%\" height=\"\" border=\"0\" vspace=\"0\" \/><\/p>\n<table>\n<tbody>\n<tr class=\"firstRow\">\n<td align=\"center\" valign=\"middle\"><strong>\u00a0 Arquitetura da plataforma\u00a0\u00a0<\/strong><\/td>\n<\/tr>\n<\/tbody>\n<\/table>\n<p><img decoding=\"async\" title=\"\u67b6\u6784.png\" src=\"https:\/\/en.zhonghaihuanjing.com\/uploads\/allimg\/20240827\/3-240RGF331116.png\" alt=\"\u67b6\u6784.png\" width=\"100%\" height=\"\" border=\"0\" vspace=\"0\" \/><\/p>","protected":false},"excerpt":{"rendered":"<h2>Plano de monitoramento para utiliza\u00e7\u00e3o de recursos de res\u00edduos org\u00e2nicos<\/h2>\n<p>A Zhonghai Environmental Agriculture Cloud Platform utiliza big data e a Internet das Coisas para agregar e analisar dados de monitoramento meteorol\u00f3gico, testes de solo, monitoramento da qualidade da \u00e1gua, vigil\u00e2ncia por v\u00eddeo e outras fontes. Estabele\u00e7a uma plataforma em nuvem de monitoramento on-line e controle de produ\u00e7\u00e3o para fontes de polui\u00e7\u00e3o de fonte n\u00e3o pontual, como plantio agr\u00edcola, cria\u00e7\u00e3o de gado e aves, aquicultura, utiliza\u00e7\u00e3o abrangente de palha e vida rural, fornecendo uma base de dados para que os departamentos de produ\u00e7\u00e3o obtenham redu\u00e7\u00e3o de custos, melhoria de efici\u00eancia e melhoria de qualidade. Fornecer uma plataforma regulat\u00f3ria padronizada, visualizada e estruturada para os departamentos regulat\u00f3rios e fornecer uma base para pesquisa cient\u00edfica, investiga\u00e7\u00e3o, monitoramento e avalia\u00e7\u00e3o da efic\u00e1cia da governan\u00e7a. Amplamente utilizado em projetos de controle abrangente para polui\u00e7\u00e3o agr\u00edcola de fonte n\u00e3o pontual e projetos de promo\u00e7\u00e3o em todo o condado para a utiliza\u00e7\u00e3o de recursos de esterco de gado e aves. Controlar com precis\u00e3o a produ\u00e7\u00e3o de projetos de tratamento de res\u00edduos s\u00f3lidos e projetos de tratamento de \u00e1guas residuais de esterco de gado.<\/p>","protected":false},"featured_media":1089,"comment_status":"open","ping_status":"closed","template":"","meta":[],"product_brand":[],"product_cat":[32],"product_tag":[],"class_list":{"0":"post-1088","1":"product","2":"type-product","3":"status-publish","4":"has-post-thumbnail","6":"product_cat-products","8":"first","9":"instock","10":"shipping-taxable","11":"product-type-simple"},"yoast_head":"<!-- This site is optimized with the Yoast SEO Premium plugin v25.5 (Yoast SEO v26.7) - https:\/\/yoast.com\/wordpress\/plugins\/seo\/ -->\n<title>Environmental Agriculture Cloud Platform - Jiesonglin Technology<\/title>\n<meta name=\"robots\" content=\"index, follow, max-snippet:-1, max-image-preview:large, max-video-preview:-1\" \/>\n<link rel=\"canonical\" href=\"https:\/\/jiesonglin.com\/pt\/product\/plataforma-em-nuvem-de-agricultura-ambiental\/\" \/>\n<meta property=\"og:locale\" content=\"pt_BR\" \/>\n<meta property=\"og:type\" content=\"article\" \/>\n<meta property=\"og:title\" content=\"Environmental Agriculture Cloud Platform\" \/>\n<meta property=\"og:description\" content=\"Monitoring Plan for Resource Utilization of Organic Waste The Zhonghai Environmental Agriculture Cloud Platform utilizes big data and the Internet of Things to aggregate and analyze data from meteorological monitoring, soil testing, water quality monitoring, video surveillance, and other sources. Establish an online monitoring cloud platform and production control for non-point source pollution sources such as agricultural planting, livestock and poultry breeding, aquaculture, comprehensive utilization of straw, and rural life, providing data basis for production departments to achieve cost reduction, efficiency improvement, and quality improvement. Provide a standardized, visualized, and structured regulatory platform for regulatory departments, and provide a basis for scientific research, investigation, monitoring, and evaluation of governance effectiveness. Widely used in comprehensive control projects for agricultural non-point source pollution and county wide promotion projects for the resource utilization of livestock and poultry manure. Accurately control the production of solid waste treatment projects and livestock manure wastewater treatment projects.\" \/>\n<meta property=\"og:url\" content=\"https:\/\/jiesonglin.com\/pt\/product\/plataforma-em-nuvem-de-agricultura-ambiental\/\" \/>\n<meta property=\"og:site_name\" content=\"Jiesonglin Technology\" \/>\n<meta property=\"og:image\" content=\"https:\/\/jiesonglin.com\/wp-content\/uploads\/2025\/07\/\u4e91\u68c0\u6d4b.jpg\" \/>\n\t<meta property=\"og:image:width\" content=\"820\" \/>\n\t<meta property=\"og:image:height\" content=\"480\" \/>\n\t<meta property=\"og:image:type\" content=\"image\/jpeg\" \/>\n<meta name=\"twitter:card\" content=\"summary_large_image\" \/>\n<meta name=\"twitter:label1\" content=\"Est. reading time\" \/>\n\t<meta name=\"twitter:data1\" content=\"1 minuto\" \/>\n<script type=\"application\/ld+json\" class=\"yoast-schema-graph\">{\"@context\":\"https:\/\/schema.org\",\"@graph\":[{\"@type\":\"WebPage\",\"@id\":\"https:\/\/jiesonglin.com\/product\/environmental-agriculture-cloud-platform\/\",\"url\":\"https:\/\/jiesonglin.com\/product\/environmental-agriculture-cloud-platform\/\",\"name\":\"Environmental Agriculture Cloud Platform - Jiesonglin Technology\",\"isPartOf\":{\"@id\":\"https:\/\/jiesonglin.com\/#website\"},\"primaryImageOfPage\":{\"@id\":\"https:\/\/jiesonglin.com\/product\/environmental-agriculture-cloud-platform\/#primaryimage\"},\"image\":{\"@id\":\"https:\/\/jiesonglin.com\/product\/environmental-agriculture-cloud-platform\/#primaryimage\"},\"thumbnailUrl\":\"https:\/\/jiesonglin.com\/wp-content\/uploads\/2025\/07\/\u4e91\u68c0\u6d4b.jpg\",\"datePublished\":\"2025-07-13T14:59:40+00:00\",\"breadcrumb\":{\"@id\":\"https:\/\/jiesonglin.com\/product\/environmental-agriculture-cloud-platform\/#breadcrumb\"},\"inLanguage\":\"pt-BR\",\"potentialAction\":[{\"@type\":\"ReadAction\",\"target\":[\"https:\/\/jiesonglin.com\/product\/environmental-agriculture-cloud-platform\/\"]}]},{\"@type\":\"ImageObject\",\"inLanguage\":\"pt-BR\",\"@id\":\"https:\/\/jiesonglin.com\/product\/environmental-agriculture-cloud-platform\/#primaryimage\",\"url\":\"https:\/\/jiesonglin.com\/wp-content\/uploads\/2025\/07\/\u4e91\u68c0\u6d4b.jpg\",\"contentUrl\":\"https:\/\/jiesonglin.com\/wp-content\/uploads\/2025\/07\/\u4e91\u68c0\u6d4b.jpg\",\"width\":820,\"height\":480},{\"@type\":\"BreadcrumbList\",\"@id\":\"https:\/\/jiesonglin.com\/product\/environmental-agriculture-cloud-platform\/#breadcrumb\",\"itemListElement\":[{\"@type\":\"ListItem\",\"position\":1,\"name\":\"Home\",\"item\":\"https:\/\/jiesonglin.com\/\"},{\"@type\":\"ListItem\",\"position\":2,\"name\":\"Products\",\"item\":\"https:\/\/jiesonglin.com\/shop\/\"},{\"@type\":\"ListItem\",\"position\":3,\"name\":\"Environmental Agriculture Cloud Platform\"}]},{\"@type\":\"WebSite\",\"@id\":\"https:\/\/jiesonglin.com\/#website\",\"url\":\"https:\/\/jiesonglin.com\/\",\"name\":\"Jiesonglin Technology\",\"description\":\"Focus on turning organic waste into treasure\",\"publisher\":{\"@id\":\"https:\/\/jiesonglin.com\/#organization\"},\"potentialAction\":[{\"@type\":\"SearchAction\",\"target\":{\"@type\":\"EntryPoint\",\"urlTemplate\":\"https:\/\/jiesonglin.com\/?s={search_term_string}\"},\"query-input\":{\"@type\":\"PropertyValueSpecification\",\"valueRequired\":true,\"valueName\":\"search_term_string\"}}],\"inLanguage\":\"pt-BR\"},{\"@type\":\"Organization\",\"@id\":\"https:\/\/jiesonglin.com\/#organization\",\"name\":\"Jiesonglin Technology\",\"url\":\"https:\/\/jiesonglin.com\/\",\"logo\":{\"@type\":\"ImageObject\",\"inLanguage\":\"pt-BR\",\"@id\":\"https:\/\/jiesonglin.com\/#\/schema\/logo\/image\/\",\"url\":\"https:\/\/jiesonglin.com\/wp-content\/uploads\/2025\/07\/logo2.png\",\"contentUrl\":\"https:\/\/jiesonglin.com\/wp-content\/uploads\/2025\/07\/logo2.png\",\"width\":820,\"height\":189,\"caption\":\"Jiesonglin Technology\"},\"image\":{\"@id\":\"https:\/\/jiesonglin.com\/#\/schema\/logo\/image\/\"}}]}<\/script>\n<!-- \/ Yoast SEO Premium plugin. -->","yoast_head_json":{"title":"Plataforma em nuvem de agricultura ambiental - Jiesonglin Technology","robots":{"index":"index","follow":"follow","max-snippet":"max-snippet:-1","max-image-preview":"max-image-preview:large","max-video-preview":"max-video-preview:-1"},"canonical":"https:\/\/jiesonglin.com\/pt\/product\/plataforma-em-nuvem-de-agricultura-ambiental\/","og_locale":"pt_BR","og_type":"article","og_title":"Environmental Agriculture Cloud Platform","og_description":"Monitoring Plan for Resource Utilization of Organic Waste The Zhonghai Environmental Agriculture Cloud Platform utilizes big data and the Internet of Things to aggregate and analyze data from meteorological monitoring, soil testing, water quality monitoring, video surveillance, and other sources. Establish an online monitoring cloud platform and production control for non-point source pollution sources such as agricultural planting, livestock and poultry breeding, aquaculture, comprehensive utilization of straw, and rural life, providing data basis for production departments to achieve cost reduction, efficiency improvement, and quality improvement. Provide a standardized, visualized, and structured regulatory platform for regulatory departments, and provide a basis for scientific research, investigation, monitoring, and evaluation of governance effectiveness. Widely used in comprehensive control projects for agricultural non-point source pollution and county wide promotion projects for the resource utilization of livestock and poultry manure. Accurately control the production of solid waste treatment projects and livestock manure wastewater treatment projects.","og_url":"https:\/\/jiesonglin.com\/pt\/product\/plataforma-em-nuvem-de-agricultura-ambiental\/","og_site_name":"Jiesonglin Technology","og_image":[{"width":820,"height":480,"url":"https:\/\/jiesonglin.com\/wp-content\/uploads\/2025\/07\/\u4e91\u68c0\u6d4b.jpg","type":"image\/jpeg"}],"twitter_card":"summary_large_image","twitter_misc":{"Est. reading time":"1 minuto"},"schema":{"@context":"https:\/\/schema.org","@graph":[{"@type":"WebPage","@id":"https:\/\/jiesonglin.com\/product\/environmental-agriculture-cloud-platform\/","url":"https:\/\/jiesonglin.com\/product\/environmental-agriculture-cloud-platform\/","name":"Plataforma em nuvem de agricultura ambiental - Jiesonglin Technology","isPartOf":{"@id":"https:\/\/jiesonglin.com\/#website"},"primaryImageOfPage":{"@id":"https:\/\/jiesonglin.com\/product\/environmental-agriculture-cloud-platform\/#primaryimage"},"image":{"@id":"https:\/\/jiesonglin.com\/product\/environmental-agriculture-cloud-platform\/#primaryimage"},"thumbnailUrl":"https:\/\/jiesonglin.com\/wp-content\/uploads\/2025\/07\/\u4e91\u68c0\u6d4b.jpg","datePublished":"2025-07-13T14:59:40+00:00","breadcrumb":{"@id":"https:\/\/jiesonglin.com\/product\/environmental-agriculture-cloud-platform\/#breadcrumb"},"inLanguage":"pt-BR","potentialAction":[{"@type":"ReadAction","target":["https:\/\/jiesonglin.com\/product\/environmental-agriculture-cloud-platform\/"]}]},{"@type":"ImageObject","inLanguage":"pt-BR","@id":"https:\/\/jiesonglin.com\/product\/environmental-agriculture-cloud-platform\/#primaryimage","url":"https:\/\/jiesonglin.com\/wp-content\/uploads\/2025\/07\/\u4e91\u68c0\u6d4b.jpg","contentUrl":"https:\/\/jiesonglin.com\/wp-content\/uploads\/2025\/07\/\u4e91\u68c0\u6d4b.jpg","width":820,"height":480},{"@type":"BreadcrumbList","@id":"https:\/\/jiesonglin.com\/product\/environmental-agriculture-cloud-platform\/#breadcrumb","itemListElement":[{"@type":"ListItem","position":1,"name":"Home","item":"https:\/\/jiesonglin.com\/"},{"@type":"ListItem","position":2,"name":"Products","item":"https:\/\/jiesonglin.com\/shop\/"},{"@type":"ListItem","position":3,"name":"Environmental Agriculture Cloud Platform"}]},{"@type":"WebSite","@id":"https:\/\/jiesonglin.com\/#website","url":"https:\/\/jiesonglin.com\/","name":"Tecnologia Jiesonglin","description":"Foco na transforma\u00e7\u00e3o de res\u00edduos org\u00e2nicos em tesouros","publisher":{"@id":"https:\/\/jiesonglin.com\/#organization"},"potentialAction":[{"@type":"SearchAction","target":{"@type":"EntryPoint","urlTemplate":"https:\/\/jiesonglin.com\/?s={search_term_string}"},"query-input":{"@type":"PropertyValueSpecification","valueRequired":true,"valueName":"search_term_string"}}],"inLanguage":"pt-BR"},{"@type":"Organization","@id":"https:\/\/jiesonglin.com\/#organization","name":"Tecnologia Jiesonglin","url":"https:\/\/jiesonglin.com\/","logo":{"@type":"ImageObject","inLanguage":"pt-BR","@id":"https:\/\/jiesonglin.com\/#\/schema\/logo\/image\/","url":"https:\/\/jiesonglin.com\/wp-content\/uploads\/2025\/07\/logo2.png","contentUrl":"https:\/\/jiesonglin.com\/wp-content\/uploads\/2025\/07\/logo2.png","width":820,"height":189,"caption":"Jiesonglin Technology"},"image":{"@id":"https:\/\/jiesonglin.com\/#\/schema\/logo\/image\/"}}]}},"acf":[],"_links":{"self":[{"href":"https:\/\/jiesonglin.com\/pt\/wp-json\/wp\/v2\/product\/1088","targetHints":{"allow":["GET"]}}],"collection":[{"href":"https:\/\/jiesonglin.com\/pt\/wp-json\/wp\/v2\/product"}],"about":[{"href":"https:\/\/jiesonglin.com\/pt\/wp-json\/wp\/v2\/types\/product"}],"replies":[{"embeddable":true,"href":"https:\/\/jiesonglin.com\/pt\/wp-json\/wp\/v2\/comments?post=1088"}],"wp:featuredmedia":[{"embeddable":true,"href":"https:\/\/jiesonglin.com\/pt\/wp-json\/wp\/v2\/media\/1089"}],"wp:attachment":[{"href":"https:\/\/jiesonglin.com\/pt\/wp-json\/wp\/v2\/media?parent=1088"}],"wp:term":[{"taxonomy":"product_brand","embeddable":true,"href":"https:\/\/jiesonglin.com\/pt\/wp-json\/wp\/v2\/product_brand?post=1088"},{"taxonomy":"product_cat","embeddable":true,"href":"https:\/\/jiesonglin.com\/pt\/wp-json\/wp\/v2\/product_cat?post=1088"},{"taxonomy":"product_tag","embeddable":true,"href":"https:\/\/jiesonglin.com\/pt\/wp-json\/wp\/v2\/product_tag?post=1088"}],"curies":[{"name":"wp","href":"https:\/\/api.w.org\/{rel}","templated":true}]}}